{"id":611965,"date":"2025-03-06T04:31:08","date_gmt":"2025-03-06T03:31:08","guid":{"rendered":"https:\/\/shop.kustom.ch\/?post_type=product&#038;p=611965"},"modified":"2026-04-01T07:21:07","modified_gmt":"2026-04-01T06:21:07","slug":"fhb-original-patrick-strick-fleece-troyer","status":"publish","type":"product","link":"https:\/\/shop.kustom.ch\/en\/product\/fhb-original-patrick-strick-fleece-troyer\/","title":{"rendered":"PATRICK knitted fleece troyer"},"content":{"rendered":"<p>Fit:<br \/>\nThe comfortable troyer is cut close to the body.<br \/>\nIt adapts perfectly to the wearer without restricting movement.<br \/>\nThe close fit ensures that Patrick can also be worn wonderfully as an intermediate layer and the back is slightly longer at the bottom.<br \/>\nThe collar fits snugly around the neck (without pinching) and thus protects against the cold.<br \/>\nThe collar height has been designed so that it does not interfere with working.<br \/>\nThe contrasting coloured, elasticated inserts on the sides and sleeves ensure full freedom of movement.<br \/>\nBags:<br \/>\n1 breast pocket with zip.<br \/>\nZip fasteners:<br \/>\nAll zips are from YKK and have a twisted chain (on the inside): The very smooth-running front zip goes all the way to the collar and is neatly closed there by a chin guard.<br \/>\nExtended zip so that the zip can also be easily operated with gloves.<br \/>\nShoulder seam:<br \/>\nThe<br \/>\n:<br \/>\nPatrick's shoulder seam is moved to the front.<br \/>\nThe advantage: if you are carrying a bag, rucksack or a wooden bar on your shoulder, there are no uncomfortable pressure points.<br \/>\nRefinement:<br \/>\nThe jacket is ideal for placing your logo perfectly: Clean, large area without seams on the back, free area on the right chest.<br \/>\nNo inside pocket. Material: 100% polyester<\/p>","protected":false},"excerpt":{"rendered":"<p>Passform: Der bequeme Troyer ist k\u00f6rpernah geschnitten. Er passt sich optimal an den Tr\u00e4ger an, ohne ihn bei der Bewegung einzuschr\u00e4nken. Die anliegende Passform sorgt daf\u00fcr, dass Patrick auch wunderbar als Zwischenschicht getragen werden kann.Der R\u00fccken ist nach unten leicht verl\u00e4ngert. Dadurch wird auch bei gebeugter oder kniender Haltung der R\u00fcckbereich sauber abgedeckt, was insbesondere [&hellip;]<\/p>\n","protected":false},"featured_media":672268,"template":"","meta":[],"product_brand":[],"product_cat":[4191],"product_tag":[],"class_list":{"0":"post-611965","1":"product","2":"type-product","3":"status-publish","4":"has-post-thumbnail","6":"product_cat-longsleeves-sweatshirts","7":"pa_brand-fhb","8":"pa_brand-type-workwear","9":"pa_filter-color-anthrazit-schwarz","10":"pa_filter-color-grau-schwarz","11":"pa_filter-color-marine-schwarz","12":"pa_filter-color-schwarz","14":"first","15":"instock","16":"sale","17":"taxable","18":"shipping-taxable","19":"purchasable","20":"product-type-variable","21":"add-to-wishlist-before_image"},"exclude_global_add_ons":[],"addons":[],"acf":[],"_links":{"self":[{"href":"https:\/\/shop.kustom.ch\/en\/wp-json\/wp\/v2\/product\/611965"}],"collection":[{"href":"https:\/\/shop.kustom.ch\/en\/wp-json\/wp\/v2\/product"}],"about":[{"href":"https:\/\/shop.kustom.ch\/en\/wp-json\/wp\/v2\/types\/product"}],"wp:featuredmedia":[{"embeddable":true,"href":"https:\/\/shop.kustom.ch\/en\/wp-json\/wp\/v2\/media\/672268"}],"wp:attachment":[{"href":"https:\/\/shop.kustom.ch\/en\/wp-json\/wp\/v2\/media?parent=611965"}],"wp:term":[{"taxonomy":"product_brand","embeddable":true,"href":"https:\/\/shop.kustom.ch\/en\/wp-json\/wp\/v2\/product_brand?post=611965"},{"taxonomy":"product_cat","embeddable":true,"href":"https:\/\/shop.kustom.ch\/en\/wp-json\/wp\/v2\/product_cat?post=611965"},{"taxonomy":"product_tag","embeddable":true,"href":"https:\/\/shop.kustom.ch\/en\/wp-json\/wp\/v2\/product_tag?post=611965"}],"curies":[{"name":"wp","href":"https:\/\/api.w.org\/{rel}","templated":true}]}}