{"id":611818,"date":"2025-03-06T04:29:51","date_gmt":"2025-03-06T03:29:51","guid":{"rendered":"https:\/\/shop.kustom.ch\/?post_type=product&#038;p=611818"},"modified":"2026-04-01T07:17:53","modified_gmt":"2026-04-01T06:17:53","slug":"fhb-original-christoph-strick-fleece-jacke-herren","status":"publish","type":"product","link":"https:\/\/shop.kustom.ch\/en\/product\/fhb-original-christoph-strick-fleece-jacke-herren\/","title":{"rendered":"CHRISTOPH knitted fleece jacket"},"content":{"rendered":"<p>Fit:<br \/>\nThe comfortable jacket is cut close to the body.<br \/>\nIt adapts perfectly to the wearer without restricting movement.<br \/>\nThe close fit ensures that Christoph can also be worn wonderfully as an intermediate layer and the back is slightly longer at the bottom.<br \/>\nThe collar fits snugly around the neck (without pinching) and thus protects against the cold.<br \/>\nThe collar height has been designed so that it does not interfere with working.<br \/>\nThe contrasting coloured, elasticated inserts on the sides and sleeves ensure full freedom of movement.<br \/>\nBags:<br \/>\n2 spacious pockets with zip and wide opening.<br \/>\n2 open pockets on the inside.<br \/>\nZip fasteners:<br \/>\nAll zips are from YKK and have a twisted chain (on the inside): The full-length, very smooth-running front zip goes all the way to the collar and is neatly closed there by a chin guard.<br \/>\nExtended zip so that the zip can also be easily operated with gloves.<br \/>\nShoulder seam:<br \/>\nThe<br \/>\n:<br \/>\nChristoph's shoulder seam has been moved to the front.<br \/>\nThe advantage: if you are carrying a bag, rucksack or a wooden bar on your shoulder, there are no uncomfortable pressure points.<br \/>\nWind protection strip:<br \/>\nA storm flap is sewn in behind the front zip along the entire length to keep out cold air.<br \/>\nRefinement:<br \/>\nThe jacket is ideal for placing your logo perfectly: Clean, large area without seams on the back, free space on the front left and right of the chest and no inside pocket on the front. Material: 100% polyester<\/p>","protected":false},"excerpt":{"rendered":"<p>Passform: Die bequeme Jacke ist k\u00f6rpernah geschnitten. Sie passt sich optimal an den Tr\u00e4ger an, ohne ihn bei der Bewegung einzuschr\u00e4nken. Die anliegende Passform sorgt daf\u00fcr, dass Christoph auch wunderbar als Zwischenschicht getragen werden kann.Der R\u00fccken ist nach unten leicht verl\u00e4ngert. Dadurch wird auch bei gebeugter oder kniender Haltung der R\u00fcckbereich sauber abgedeckt, was insbesondere [&hellip;]<\/p>\n","protected":false},"featured_media":671936,"template":"","meta":[],"product_brand":[],"product_cat":[4186],"product_tag":[],"class_list":{"0":"post-611818","1":"product","2":"type-product","3":"status-publish","4":"has-post-thumbnail","6":"product_cat-jacken","7":"pa_brand-fhb","8":"pa_brand-type-workwear","9":"pa_filter-color-anthrazit-schwarz","10":"pa_filter-color-beige-schwarz","11":"pa_filter-color-grau-schwarz","12":"pa_filter-color-gruen-schwarz","13":"pa_filter-color-marine-schwarz","14":"pa_filter-color-oliv-schwarz","15":"pa_filter-color-rot-schwarz","16":"pa_filter-color-royalblau-schwarz","17":"pa_filter-color-schwarz","19":"first","20":"instock","21":"sale","22":"taxable","23":"shipping-taxable","24":"purchasable","25":"product-type-variable","26":"add-to-wishlist-before_image"},"exclude_global_add_ons":[],"addons":[],"acf":[],"_links":{"self":[{"href":"https:\/\/shop.kustom.ch\/en\/wp-json\/wp\/v2\/product\/611818"}],"collection":[{"href":"https:\/\/shop.kustom.ch\/en\/wp-json\/wp\/v2\/product"}],"about":[{"href":"https:\/\/shop.kustom.ch\/en\/wp-json\/wp\/v2\/types\/product"}],"wp:featuredmedia":[{"embeddable":true,"href":"https:\/\/shop.kustom.ch\/en\/wp-json\/wp\/v2\/media\/671936"}],"wp:attachment":[{"href":"https:\/\/shop.kustom.ch\/en\/wp-json\/wp\/v2\/media?parent=611818"}],"wp:term":[{"taxonomy":"product_brand","embeddable":true,"href":"https:\/\/shop.kustom.ch\/en\/wp-json\/wp\/v2\/product_brand?post=611818"},{"taxonomy":"product_cat","embeddable":true,"href":"https:\/\/shop.kustom.ch\/en\/wp-json\/wp\/v2\/product_cat?post=611818"},{"taxonomy":"product_tag","embeddable":true,"href":"https:\/\/shop.kustom.ch\/en\/wp-json\/wp\/v2\/product_tag?post=611818"}],"curies":[{"name":"wp","href":"https:\/\/api.w.org\/{rel}","templated":true}]}}