{"id":611728,"date":"2025-03-06T04:29:05","date_gmt":"2025-03-06T03:29:05","guid":{"rendered":"https:\/\/shop.kustom.ch\/?post_type=product&#038;p=611728"},"modified":"2026-04-01T07:33:13","modified_gmt":"2026-04-01T06:33:13","slug":"fhb-original-benno-sweater-jacke-mit-kapuze","status":"publish","type":"product","link":"https:\/\/shop.kustom.ch\/en\/product\/fhb-original-benno-sweater-jacke-mit-kapuze\/","title":{"rendered":"BENNO jumper jacket with hood"},"content":{"rendered":"<p>Modern fit with casual dividing seams.<br \/>\nThe hoodie jacket is cut slightly longer at the bottom than normal and fits close to the body thanks to its narrow, straight cut.<br \/>\nThis ensures that the back area is properly covered even when bending or kneeling, which is particularly comfortable on colder days.2 spacious kangaroo pockets with wide openings.<br \/>\nFull-length, robust and very smooth-running YKK front zip, extended zip so that the zip can also be easily operated with gloves.<br \/>\nWide and dimensionally stable cuffs and hem in heavy rib knit extend the life of the garment.Fine seam details round off the timeless design.Clean, large areas without seams or inside pockets for your logo - front, back and on the sleeves. Material: 90% cotton, 10% polyester<\/p>","protected":false},"excerpt":{"rendered":"<p>Moderne Passform mit l\u00e4ssigen Teilungsn\u00e4hten. Sitzt k\u00f6rpernah durch schmalen, geraden Schnitt.Die Hoodie-Jacke ist nach unten etwas l\u00e4nger geschnitten als normal. Dadurch wird auch bei gebeugter oder kniender Haltung der R\u00fcckbereich sauber abgedeckt, was insbesondere an k\u00e4lteren Tagen sehr angenehm ist.2 ger\u00e4umige K\u00e4ngurutaschen mit breitem Eingriff. Durchgehender, robuster und sehr leichtg\u00e4ngiger YKK-Frontreissverschluss.Verl\u00e4ngerter Zipper damit der Reissverschluss [&hellip;]<\/p>\n","protected":false},"featured_media":671916,"template":"","meta":[],"product_brand":[],"product_cat":[4186],"product_tag":[],"class_list":{"0":"post-611728","1":"product","2":"type-product","3":"status-publish","4":"has-post-thumbnail","6":"product_cat-jacken","7":"pa_brand-fhb","8":"pa_brand-type-workwear","9":"pa_filter-color-grau","11":"first","12":"instock","13":"sale","14":"taxable","15":"shipping-taxable","16":"purchasable","17":"product-type-variable","18":"add-to-wishlist-before_image"},"exclude_global_add_ons":[],"addons":[],"acf":[],"_links":{"self":[{"href":"https:\/\/shop.kustom.ch\/en\/wp-json\/wp\/v2\/product\/611728"}],"collection":[{"href":"https:\/\/shop.kustom.ch\/en\/wp-json\/wp\/v2\/product"}],"about":[{"href":"https:\/\/shop.kustom.ch\/en\/wp-json\/wp\/v2\/types\/product"}],"wp:featuredmedia":[{"embeddable":true,"href":"https:\/\/shop.kustom.ch\/en\/wp-json\/wp\/v2\/media\/671916"}],"wp:attachment":[{"href":"https:\/\/shop.kustom.ch\/en\/wp-json\/wp\/v2\/media?parent=611728"}],"wp:term":[{"taxonomy":"product_brand","embeddable":true,"href":"https:\/\/shop.kustom.ch\/en\/wp-json\/wp\/v2\/product_brand?post=611728"},{"taxonomy":"product_cat","embeddable":true,"href":"https:\/\/shop.kustom.ch\/en\/wp-json\/wp\/v2\/product_cat?post=611728"},{"taxonomy":"product_tag","embeddable":true,"href":"https:\/\/shop.kustom.ch\/en\/wp-json\/wp\/v2\/product_tag?post=611728"}],"curies":[{"name":"wp","href":"https:\/\/api.w.org\/{rel}","templated":true}]}}