{"id":611720,"date":"2025-03-06T04:28:43","date_gmt":"2025-03-06T03:28:43","guid":{"rendered":"https:\/\/shop.kustom.ch\/?post_type=product&#038;p=611720"},"modified":"2026-04-01T07:15:47","modified_gmt":"2026-04-01T06:15:47","slug":"fhb-original-joerg-sweater-jacke-mit-kapuze-und-webpelz","status":"publish","type":"product","link":"https:\/\/shop.kustom.ch\/en\/product\/fhb-original-joerg-sweater-jacke-mit-kapuze-und-webpelz\/","title":{"rendered":"J\u00d6RG jumper jacket with hood and woven fur"},"content":{"rendered":"<p>Modern fit.<br \/>\nThe hoodie jacket is cut slightly longer at the bottom than normal and fits close to the body thanks to its narrow, straight cut.<br \/>\nThis ensures that the back area is properly covered even when bending or kneeling, which is particularly pleasant on colder days.lined throughout with pleasantly warming faux fur, including the hood.split kangaroo pockets with wide opening.<br \/>\nFull-length, robust and very smooth-running YKK front zip, extended zip so that the zip can also be easily operated with gloves.<br \/>\nWide and dimensionally stable cuffs and hem made of 450 g\/m\u00b2 heavy rib knit extend the service life.Fine seam details round off the timeless design.Clean, large areas without seams or inside pockets for your logo - front, back and on the sleeves. Material: 70% cotton, 30% polyester<\/p>","protected":false},"excerpt":{"rendered":"<p>Moderne Passform. Sitzt k\u00f6rpernah durch schmalen, geraden Schnitt.Die Hoodie-Jacke ist nach unten etwas l\u00e4nger geschnitten als normal. Dadurch wird auch bei gebeugter oder kniender Haltung der R\u00fcckbereich sauber abgedeckt, was insbesondere an k\u00e4lteren Tagen sehr angenehm ist.Durchg\u00e4ngig mit angenehm w\u00e4rmendem Webpelz gef\u00fcttert \u0096 auch die Kapuze.Geteilte K\u00e4ngurutaschen mit breitem Eingriff. Durchgehender, robuster und sehr leichtg\u00e4ngiger [&hellip;]<\/p>\n","protected":false},"featured_media":672147,"template":"","meta":[],"product_brand":[],"product_cat":[4186],"product_tag":[],"class_list":{"0":"post-611720","1":"product","2":"type-product","3":"status-publish","4":"has-post-thumbnail","6":"product_cat-jacken","7":"pa_brand-fhb","8":"pa_brand-type-workwear","9":"pa_filter-color-schwarz","11":"first","12":"instock","13":"sale","14":"taxable","15":"shipping-taxable","16":"purchasable","17":"product-type-variable","18":"add-to-wishlist-before_image"},"exclude_global_add_ons":[],"addons":[],"acf":[],"_links":{"self":[{"href":"https:\/\/shop.kustom.ch\/en\/wp-json\/wp\/v2\/product\/611720"}],"collection":[{"href":"https:\/\/shop.kustom.ch\/en\/wp-json\/wp\/v2\/product"}],"about":[{"href":"https:\/\/shop.kustom.ch\/en\/wp-json\/wp\/v2\/types\/product"}],"wp:featuredmedia":[{"embeddable":true,"href":"https:\/\/shop.kustom.ch\/en\/wp-json\/wp\/v2\/media\/672147"}],"wp:attachment":[{"href":"https:\/\/shop.kustom.ch\/en\/wp-json\/wp\/v2\/media?parent=611720"}],"wp:term":[{"taxonomy":"product_brand","embeddable":true,"href":"https:\/\/shop.kustom.ch\/en\/wp-json\/wp\/v2\/product_brand?post=611720"},{"taxonomy":"product_cat","embeddable":true,"href":"https:\/\/shop.kustom.ch\/en\/wp-json\/wp\/v2\/product_cat?post=611720"},{"taxonomy":"product_tag","embeddable":true,"href":"https:\/\/shop.kustom.ch\/en\/wp-json\/wp\/v2\/product_tag?post=611720"}],"curies":[{"name":"wp","href":"https:\/\/api.w.org\/{rel}","templated":true}]}}