{"id":611558,"date":"2025-03-06T04:27:23","date_gmt":"2025-03-06T03:27:23","guid":{"rendered":"https:\/\/shop.kustom.ch\/?post_type=product&#038;p=611558"},"modified":"2026-04-01T07:19:33","modified_gmt":"2026-04-01T06:19:33","slug":"fhb-original-justus-softshell-weste","status":"publish","type":"product","link":"https:\/\/shop.kustom.ch\/en\/product\/fhb-original-justus-softshell-weste\/","title":{"rendered":"JUSTUS softshell waistcoat"},"content":{"rendered":"<p>Fit:<br \/>\nJustus has a sporty cut.<br \/>\nThe specially shaped arm openings and the stretchy FHB softshell fabric guarantee maximum freedom of movement and comfort, while the slightly elongated back covers the back area even when bent or kneeling, which is particularly pleasant on colder days.<br \/>\nHigh collar:<br \/>\nThe high-closing collar protects against the cold wind.<br \/>\nPleasantly soft, warming fleece is used for the inner collar.<br \/>\nThe chin guard (zipper garage) on the high collar prevents the closed zip from scratching.<br \/>\nWidth adjustment:<br \/>\nThe waistband at the bottom can be adjusted to the ideal width with a drawstring and fastened with stoppers.<br \/>\nThis ensures that the jacket fits well and that no unpleasant cold can penetrate.<br \/>\nBags:<br \/>\n2 large pockets with zip fastening.<br \/>\nThe two front pockets are equipped with a durable pocket lining. 1 breast pocket with zip.<br \/>\nFunctional zip fasteners:<br \/>\nFull-length, very smooth-running front zip from YKK.<br \/>\nAll zips have a twisted chain (facing inwards): Dirt and shavings do not get stuck and the zip is extended so that it is easy to operate even when wearing gloves.<br \/>\nThe zip is softly shaped and has grip on the inside.<br \/>\nWind protection strip:<br \/>\nA storm flap is sewn in behind the front zip along the entire length to keep out cold air.<br \/>\nHood with peak:<br \/>\nThe hood is adjustable with a drawstring (with cord stopper) and can be adapted to the field of vision.<br \/>\nTogether with the high collar, it protects the head well in uncomfortable weather and the hood can be removed in good weather.<br \/>\nWhen the hood is removed, the remaining part of the zip can be neatly covered by a flap.<br \/>\nNo shoulder seam:<br \/>\nThe<br \/>\n:<br \/>\nThe shoulder seam on Justus is laid to the side.<br \/>\nThe advantage: if you carry a bag or a wooden beam on your shoulder, there is no uncomfortable pressure point.<br \/>\nMidlayer:<br \/>\nYou can wear this versatile gilet as an extra layer of warmth under another jacket on cooler days.<br \/>\nThe advantage of a waistcoat as a midlayer is that the arms do not add too much bulk and therefore do not restrict your movement. Material: 100% polyester<\/p>","protected":false},"excerpt":{"rendered":"<p>Passform: Justus ist sportlich geschnitten. Die speziell geformten Arm\u00f6ffnungen und das dehnbare FHB-Softshell-Gewebe garantieren maximale Bewegungsfreiheit und angenehmen Tragekomfort.Der R\u00fccken ist leicht verl\u00e4ngert und deckt auch bei gebeugter oder kniender Haltung den R\u00fcckbereich sauber ab, was insbesondere an k\u00e4lteren Tagen sehr angenehm ist. Hochschliessender Kragen: Der hochschliessende Kragen sch\u00fctzt vor kaltem Wind. Beim Innenkragen wird [&hellip;]<\/p>\n","protected":false},"featured_media":672160,"template":"","meta":[],"product_brand":[],"product_cat":[4208],"product_tag":[],"class_list":{"0":"post-611558","1":"product","2":"type-product","3":"status-publish","4":"has-post-thumbnail","6":"product_cat-westen","7":"pa_brand-fhb","8":"pa_brand-type-workwear","9":"pa_filter-color-anthrazit-schwarz","10":"pa_filter-color-beige-schwarz","11":"pa_filter-color-grau-schwarz","12":"pa_filter-color-gruen-schwarz","13":"pa_filter-color-marine-schwarz","14":"pa_filter-color-oliv-schwarz","15":"pa_filter-color-rot-schwarz","16":"pa_filter-color-royalblau-schwarz","17":"pa_filter-color-schwarz","18":"pa_filter-color-weiss-anthrazit","20":"first","21":"instock","22":"sale","23":"taxable","24":"shipping-taxable","25":"purchasable","26":"product-type-variable","27":"add-to-wishlist-before_image"},"exclude_global_add_ons":[],"addons":[],"acf":[],"_links":{"self":[{"href":"https:\/\/shop.kustom.ch\/en\/wp-json\/wp\/v2\/product\/611558"}],"collection":[{"href":"https:\/\/shop.kustom.ch\/en\/wp-json\/wp\/v2\/product"}],"about":[{"href":"https:\/\/shop.kustom.ch\/en\/wp-json\/wp\/v2\/types\/product"}],"wp:featuredmedia":[{"embeddable":true,"href":"https:\/\/shop.kustom.ch\/en\/wp-json\/wp\/v2\/media\/672160"}],"wp:attachment":[{"href":"https:\/\/shop.kustom.ch\/en\/wp-json\/wp\/v2\/media?parent=611558"}],"wp:term":[{"taxonomy":"product_brand","embeddable":true,"href":"https:\/\/shop.kustom.ch\/en\/wp-json\/wp\/v2\/product_brand?post=611558"},{"taxonomy":"product_cat","embeddable":true,"href":"https:\/\/shop.kustom.ch\/en\/wp-json\/wp\/v2\/product_cat?post=611558"},{"taxonomy":"product_tag","embeddable":true,"href":"https:\/\/shop.kustom.ch\/en\/wp-json\/wp\/v2\/product_tag?post=611558"}],"curies":[{"name":"wp","href":"https:\/\/api.w.org\/{rel}","templated":true}]}}