{"id":611467,"date":"2025-03-06T04:26:24","date_gmt":"2025-03-06T03:26:24","guid":{"rendered":"https:\/\/shop.kustom.ch\/?post_type=product&#038;p=611467"},"modified":"2026-04-01T07:13:36","modified_gmt":"2026-04-01T06:13:36","slug":"fhb-original-jannik-softshell-jacke","status":"publish","type":"product","link":"https:\/\/shop.kustom.ch\/en\/product\/fhb-original-jannik-softshell-jacke\/","title":{"rendered":"JANNIK softshell jacket"},"content":{"rendered":"<p>Fit:<br \/>\nJannik has a sporty cut.<br \/>\nThe high-quality FHB softshell fabric is stretchy and extremely supple.<br \/>\nThe jacket adapts perfectly to the wearer without restricting movement.<br \/>\nThe ergonomic cut of the jacket was modelled on the anatomy of the body.<br \/>\nThe sleeves are slightly pre-shaped to suit the natural posture of the body.<br \/>\nThe back is slightly longer and covers the back area even when bent or kneeling, which is particularly comfortable on colder days.<br \/>\nThe sleeves are slightly longer so that the wrists are covered even when the arms are stretched out, and in addition to the many technical features, the jacket simply looks casual and is super comfortable to wear.<br \/>\nHigh collar:<br \/>\nThe high-closing collar protects against the cold wind.<br \/>\nPleasantly soft, warming fleece is used for the inner collar.<br \/>\nThe chin guard (zipper garage) on the high collar prevents the closed zip from scratching.<br \/>\nWidth adjustment:<br \/>\nThe waistband at the bottom can be adjusted to the ideal width with a drawstring and fastened with stoppers.<br \/>\nThis ensures that the jacket fits well and that no unpleasant cold can penetrate, while the cuffs have a tab for adjusting the width.<br \/>\nBags:<br \/>\n2 large pockets with zip fastening.<br \/>\nThe two front pockets are equipped with a durable pocket lining. 1 breast pocket with zip.<br \/>\nFunctional zip fasteners:<br \/>\nFull-length, very smooth-running front zip from YKK All zips have a twisted chain (on the inside): Extended zip so that the zip is easy to operate even when wearing gloves.<br \/>\nThe zip is softly shaped and has grip on the inside.<br \/>\nWind protection strip:<br \/>\nA storm flap is sewn in behind the front zip along the entire length to keep out cold air.<br \/>\nHood with peak:<br \/>\nThe hood is adjustable with a drawstring (with cord stopper) and can be adapted to the field of vision.<br \/>\nTogether with the high collar, it protects the head well in uncomfortable weather and the hood can be removed in good weather.<br \/>\nWhen the hood is removed, the remaining part of the zip can be neatly covered by a flap.<br \/>\nNo shoulder seam:<br \/>\nJannik's shoulder seam is positioned to the side.<br \/>\nThe advantage: if you carry a bag or a wooden beam on your shoulder, there are no uncomfortable pressure points. Material: 100% polyester<\/p>","protected":false},"excerpt":{"rendered":"<p>Passform: Jannik ist sportlich geschnitten. Das hochwertigen FHB-Softshell-Gewebe ist dehnbar und extrem geschmeidig. Die Jacke passt sich optimal an den Tr\u00e4ger an, ohne ihn bei der Bewegung einzuschr\u00e4nken. Der ergonomische Schnitt der Jacke wurde der Anatomie des K\u00f6rpers nachempfunden. So sind die \u00c4rmel leicht vorgeformt, entsprechend der nat\u00fcrlichen Haltung des K\u00f6rpers. Der R\u00fccken ist leicht [&hellip;]<\/p>\n","protected":false},"featured_media":672121,"template":"","meta":[],"product_brand":[],"product_cat":[4186],"product_tag":[],"class_list":{"0":"post-611467","1":"product","2":"type-product","3":"status-publish","4":"has-post-thumbnail","6":"product_cat-jacken","7":"pa_brand-fhb","8":"pa_brand-type-workwear","9":"pa_filter-color-anthrazit-schwarz","10":"pa_filter-color-beige-schwarz","11":"pa_filter-color-grau-schwarz","12":"pa_filter-color-gruen-schwarz","13":"pa_filter-color-marine-schwarz","14":"pa_filter-color-oliv-schwarz","15":"pa_filter-color-rot-schwarz","16":"pa_filter-color-royalblau-schwarz","17":"pa_filter-color-schwarz","18":"pa_filter-color-weiss-anthrazit","20":"first","21":"instock","22":"sale","23":"taxable","24":"shipping-taxable","25":"purchasable","26":"product-type-variable","27":"add-to-wishlist-before_image"},"exclude_global_add_ons":[],"addons":[],"acf":[],"_links":{"self":[{"href":"https:\/\/shop.kustom.ch\/en\/wp-json\/wp\/v2\/product\/611467"}],"collection":[{"href":"https:\/\/shop.kustom.ch\/en\/wp-json\/wp\/v2\/product"}],"about":[{"href":"https:\/\/shop.kustom.ch\/en\/wp-json\/wp\/v2\/types\/product"}],"wp:featuredmedia":[{"embeddable":true,"href":"https:\/\/shop.kustom.ch\/en\/wp-json\/wp\/v2\/media\/672121"}],"wp:attachment":[{"href":"https:\/\/shop.kustom.ch\/en\/wp-json\/wp\/v2\/media?parent=611467"}],"wp:term":[{"taxonomy":"product_brand","embeddable":true,"href":"https:\/\/shop.kustom.ch\/en\/wp-json\/wp\/v2\/product_brand?post=611467"},{"taxonomy":"product_cat","embeddable":true,"href":"https:\/\/shop.kustom.ch\/en\/wp-json\/wp\/v2\/product_cat?post=611467"},{"taxonomy":"product_tag","embeddable":true,"href":"https:\/\/shop.kustom.ch\/en\/wp-json\/wp\/v2\/product_tag?post=611467"}],"curies":[{"name":"wp","href":"https:\/\/api.w.org\/{rel}","templated":true}]}}