{"id":611348,"date":"2025-03-06T04:25:00","date_gmt":"2025-03-06T03:25:00","guid":{"rendered":"https:\/\/shop.kustom.ch\/?post_type=product&#038;p=611348"},"modified":"2026-04-01T07:24:30","modified_gmt":"2026-04-01T06:24:30","slug":"fhb-original-mika-wintersoftshell-jacke","status":"publish","type":"product","link":"https:\/\/shop.kustom.ch\/en\/product\/fhb-original-mika-wintersoftshell-jacke\/","title":{"rendered":"MIKA winter softshell jacket"},"content":{"rendered":"<p>Fit:<br \/>\nMika has a sporty cut.<br \/>\nThe jacket fits comfortably and does not restrict your movement - even if you wear a sweatshirt underneath as an intermediate layer.<br \/>\nThe ergonomic cut of the jacket is based on the anatomy of the body.<br \/>\nThe sleeves are slightly pre-shaped and follow the natural body posture.<br \/>\nThe sleeves are slightly longer so that the wrists are covered even when the arms are stretched out.<br \/>\nThe back is also slightly longer and covers the back area even when bent or kneeling, which is particularly comfortable on colder days.<br \/>\nRain cover:<br \/>\nWaterproof fabric (water column 10,000 mm), fully taped seams prevent water from penetrating, breathable (5,000 g\/m\u00b2\/24h).<br \/>\nMoisture can penetrate to the outside so that you don't start sweating straight away.<br \/>\nWindproof.<br \/>\nWidth adjustment:<br \/>\nThe hem can be adjusted to the ideal width with a drawstring and fastened with stoppers.<br \/>\nThis ensures that the jacket fits well and that no unpleasant cold can penetrate, while the cuffs have a tab with Velcro fastening to adjust the width.<br \/>\nBags:<br \/>\n2 side pockets with zip.<br \/>\nThe pockets are equipped with a hard-wearing pocket lining.<br \/>\n1 outside breast pocket with waterproof zip.1 lockable inside pocket with zip.<br \/>\nFunctional zip:<br \/>\nFull-length, very smooth-running front zip from YKK, extended zip so that the zip is easy to use even when wearing gloves.<br \/>\nThe zip is softly shaped and has a non-slip inside, while the chin guard (zip garage) on the high collar prevents the closed zip from scratching.<br \/>\nWind protection:<br \/>\nThe full-length front zip is covered by a storm flap to keep out the cold air, while the concealed knitted cuffs and storm flap act as sleeve ends.<br \/>\nHood with peak:<br \/>\nThe hood, in combination with the high-closing storm collar, reliably protects the head from rain and wind, while the width of the hood is adjustable and can be individually adapted to the field of vision.<br \/>\nYou can also wear a hat or a hood from the midlayer under the hood.<br \/>\nYour logo:<br \/>\nGood finishing options at the front, rear and sides.<br \/>\nEasy handling of the finish thanks to the inside zip for opening the inner lining. Material: 100% polyester<\/p>","protected":false},"excerpt":{"rendered":"<p>Passform: Mika ist sportlich geschnitten. Die Jacke sitzt bequem und schr\u00e4nkt dich in deiner Bewegung nicht ein &#8211; auch wenn du noch ein Sweatshirt als Zwischenschicht darunter tr\u00e4gst. Der ergonomische Schnitt der Jacke orientiert sich an der Anatomie des K\u00f6rpers. So sind die \u00c4rmel leicht vorgeformt und folgen der nat\u00fcrlichen K\u00f6rperhaltung. Die \u00c4rmel sind leicht [&hellip;]<\/p>\n","protected":false},"featured_media":672248,"template":"","meta":[],"product_brand":[],"product_cat":[4186],"product_tag":[],"class_list":{"0":"post-611348","1":"product","2":"type-product","3":"status-publish","4":"has-post-thumbnail","6":"product_cat-jacken","7":"pa_brand-fhb","8":"pa_brand-type-workwear","9":"pa_filter-color-schwarz","11":"first","12":"instock","13":"sale","14":"taxable","15":"shipping-taxable","16":"purchasable","17":"product-type-variable","18":"add-to-wishlist-before_image"},"exclude_global_add_ons":[],"addons":[],"acf":[],"_links":{"self":[{"href":"https:\/\/shop.kustom.ch\/en\/wp-json\/wp\/v2\/product\/611348"}],"collection":[{"href":"https:\/\/shop.kustom.ch\/en\/wp-json\/wp\/v2\/product"}],"about":[{"href":"https:\/\/shop.kustom.ch\/en\/wp-json\/wp\/v2\/types\/product"}],"wp:featuredmedia":[{"embeddable":true,"href":"https:\/\/shop.kustom.ch\/en\/wp-json\/wp\/v2\/media\/672248"}],"wp:attachment":[{"href":"https:\/\/shop.kustom.ch\/en\/wp-json\/wp\/v2\/media?parent=611348"}],"wp:term":[{"taxonomy":"product_brand","embeddable":true,"href":"https:\/\/shop.kustom.ch\/en\/wp-json\/wp\/v2\/product_brand?post=611348"},{"taxonomy":"product_cat","embeddable":true,"href":"https:\/\/shop.kustom.ch\/en\/wp-json\/wp\/v2\/product_cat?post=611348"},{"taxonomy":"product_tag","embeddable":true,"href":"https:\/\/shop.kustom.ch\/en\/wp-json\/wp\/v2\/product_tag?post=611348"}],"curies":[{"name":"wp","href":"https:\/\/api.w.org\/{rel}","templated":true}]}}