{"id":611338,"date":"2025-03-06T04:24:58","date_gmt":"2025-03-06T03:24:58","guid":{"rendered":"https:\/\/shop.kustom.ch\/?post_type=product&#038;p=611338"},"modified":"2026-04-01T07:16:34","modified_gmt":"2026-04-01T06:16:34","slug":"fhb-original-dirk-softshell-jacke","status":"publish","type":"product","link":"https:\/\/shop.kustom.ch\/en\/product\/fhb-original-dirk-softshell-jacke\/","title":{"rendered":"DIRK softshell jacket"},"content":{"rendered":"<p>Fit:<br \/>\nDirk has a loose and straight cut.<br \/>\nThe high-quality FHB softshell fabric is elasticated and extremely supple.<br \/>\nThe work jacket adapts perfectly to the wearer without restricting movement.<br \/>\nThe ergonomic cut of the work jacket was modelled on the anatomy of the body.<br \/>\nThe sleeves are slightly pre-shaped and correspond to the natural posture of the body.<br \/>\nThe back is slightly longer and covers the back area even when bent or kneeling, which is particularly comfortable on colder days.<br \/>\nHigh collar:<br \/>\nThe high-closing collar protects against the cold wind.<br \/>\nPleasantly soft, warming micro-fleece is used for the inner collar.<br \/>\nBags:<br \/>\n2 large side pockets with wide opening.<br \/>\nThe pockets have a zip with a twisted chain (protects against dirt and chips do not get stuck).<br \/>\nThe hard-wearing bag pouches are made of sturdy lining material.<br \/>\n1 mobile phone pocket on the front left side with zip.1 storage compartment on the back with zip.1 inside pocket with zip.<br \/>\nWidth adjustment:<br \/>\nThe waistband can be adjusted to the ideal width with a drawstring and fastened with stoppers.<br \/>\nThe cuffs have a flap with a Velcro fastener to adjust the width to the right fit.<br \/>\nFunctional zip fasteners:<br \/>\nVery smooth-running front zip from YKK with internal storm flap, extended zip so that the zip is easy to operate even when wearing gloves.<br \/>\nThe zip is softly shaped and has grip on the inside.<br \/>\nYour logo:<br \/>\nGood customisation options on the right side of the chest, back and right sleeve. Material: 96% polyester, 4% elastane<\/p>","protected":false},"excerpt":{"rendered":"<p>Passform: Dirk ist locker und gerade geschnitten. Das hochwertigen FHB-Softshell-Gewebe ist elastisch und extrem geschmeidig. Die Arbeitsjacke passt sich optimal an den Tr\u00e4ger an, ohne ihn bei der Bewegung einzuschr\u00e4nken. Der ergonomische Schnitt der Arbeitsjacke wurde der Anatomie des K\u00f6rpers nachempfunden. So sind die \u00c4rmel leicht vorgeformt und entsprechen der nat\u00fcrlichen Haltung des K\u00f6rpers. Der [&hellip;]<\/p>\n","protected":false},"featured_media":671966,"template":"","meta":[],"product_brand":[],"product_cat":[4186],"product_tag":[],"class_list":{"0":"post-611338","1":"product","2":"type-product","3":"status-publish","4":"has-post-thumbnail","6":"product_cat-jacken","7":"pa_brand-fhb","8":"pa_brand-type-workwear","9":"pa_filter-color-schwarz","11":"first","12":"instock","13":"sale","14":"taxable","15":"shipping-taxable","16":"purchasable","17":"product-type-variable","18":"add-to-wishlist-before_image"},"exclude_global_add_ons":[],"addons":[],"acf":[],"_links":{"self":[{"href":"https:\/\/shop.kustom.ch\/en\/wp-json\/wp\/v2\/product\/611338"}],"collection":[{"href":"https:\/\/shop.kustom.ch\/en\/wp-json\/wp\/v2\/product"}],"about":[{"href":"https:\/\/shop.kustom.ch\/en\/wp-json\/wp\/v2\/types\/product"}],"wp:featuredmedia":[{"embeddable":true,"href":"https:\/\/shop.kustom.ch\/en\/wp-json\/wp\/v2\/media\/671966"}],"wp:attachment":[{"href":"https:\/\/shop.kustom.ch\/en\/wp-json\/wp\/v2\/media?parent=611338"}],"wp:term":[{"taxonomy":"product_brand","embeddable":true,"href":"https:\/\/shop.kustom.ch\/en\/wp-json\/wp\/v2\/product_brand?post=611338"},{"taxonomy":"product_cat","embeddable":true,"href":"https:\/\/shop.kustom.ch\/en\/wp-json\/wp\/v2\/product_cat?post=611338"},{"taxonomy":"product_tag","embeddable":true,"href":"https:\/\/shop.kustom.ch\/en\/wp-json\/wp\/v2\/product_tag?post=611338"}],"curies":[{"name":"wp","href":"https:\/\/api.w.org\/{rel}","templated":true}]}}