{"id":611247,"date":"2025-03-06T04:24:19","date_gmt":"2025-03-06T03:24:19","guid":{"rendered":"https:\/\/shop.kustom.ch\/?post_type=product&#038;p=611247"},"modified":"2026-04-01T07:18:29","modified_gmt":"2026-04-01T06:18:29","slug":"fhb-original-walter-softshell-jacke","status":"publish","type":"product","link":"https:\/\/shop.kustom.ch\/en\/product\/fhb-original-walter-softshell-jacke\/","title":{"rendered":"WALTER softshell jacket"},"content":{"rendered":"<p>Fit:<br \/>\nWalter has a loose, straight cut.<br \/>\nThe high-quality FHB softshell fabric is elasticated and extremely supple.<br \/>\nThe jacket adapts perfectly to the wearer without restricting movement.<br \/>\nThe ergonomic cut of the jacket was modelled on the anatomy of the body.<br \/>\nThe sleeves are slightly pre-shaped and correspond to the natural posture of the body.<br \/>\nThe back is slightly longer and covers the back area even when bent or kneeling, which is particularly comfortable on colder days.<br \/>\nHigh collar:<br \/>\nThe high-closing collar protects against the cold wind.<br \/>\nPleasantly soft, warming micro-fleece is used for the inner collar.<br \/>\nBags:<br \/>\n2 large side pockets with wide opening.<br \/>\nThe pockets have a waterproof zip and hard-wearing pocket bags made of sturdy lining material.<br \/>\n1 mobile phone pocket on the front right side with waterproof zip.1 inside pocket.waterproof zip pocket on the left arm.<br \/>\nWidth adjustment:<br \/>\nThe waistband can be adjusted to the ideal width with a drawstring and fastened with stoppers.<br \/>\nThe cuffs have a flap with a Velcro fastener to adjust the width to the right fit.<br \/>\nFunctional zip fasteners:<br \/>\nVery smooth-running front zip from YKK, concealed with a storm flap, extended zip so that the zip is easy to operate even when wearing gloves.<br \/>\nThe zip is softly shaped and has grip on the inside.<br \/>\nHood with peak:<br \/>\nThe hood is adjustable with a drawstring (with cord stopper) and can be adapted to the field of vision.<br \/>\nTogether with the high storm collar, it protects the head well in uncomfortable weather and the hood can be removed in good weather.<br \/>\nYour logo:<br \/>\nGood customisation options on both sides of the chest, the back and on the sleeves. Material: 96% polyester, 4% elastane<\/p>","protected":false},"excerpt":{"rendered":"<p>Passform: Walter ist locker und gerade geschnitten. Das hochwertigen FHB-Softshell-Gewebe ist elastisch und extrem geschmeidig. Die Jacke passt sich optimal an den Tr\u00e4ger an, ohne ihn bei der Bewegung einzuschr\u00e4nken. Der ergonomische Schnitt der Jacke wurde der Anatomie des K\u00f6rpers nachempfunden. So sind die \u00c4rmel leicht vorgeformt und entsprechen der nat\u00fcrlichen Haltung des K\u00f6rpers. Der [&hellip;]<\/p>\n","protected":false},"featured_media":672336,"template":"","meta":[],"product_brand":[],"product_cat":[4186],"product_tag":[],"class_list":{"0":"post-611247","1":"product","2":"type-product","3":"status-publish","4":"has-post-thumbnail","6":"product_cat-jacken","7":"pa_brand-fhb","8":"pa_brand-type-workwear","9":"pa_filter-color-anthrazit-schwarz","10":"pa_filter-color-beige-schwarz","11":"pa_filter-color-grau-schwarz","12":"pa_filter-color-gruen-schwarz","13":"pa_filter-color-marine-schwarz","14":"pa_filter-color-oliv-schwarz","15":"pa_filter-color-rot-schwarz","16":"pa_filter-color-royalblau-schwarz","17":"pa_filter-color-schwarz","18":"pa_filter-color-weiss-anthrazit","20":"first","21":"instock","22":"sale","23":"taxable","24":"shipping-taxable","25":"purchasable","26":"product-type-variable","27":"add-to-wishlist-before_image"},"exclude_global_add_ons":[],"addons":[],"acf":[],"_links":{"self":[{"href":"https:\/\/shop.kustom.ch\/en\/wp-json\/wp\/v2\/product\/611247"}],"collection":[{"href":"https:\/\/shop.kustom.ch\/en\/wp-json\/wp\/v2\/product"}],"about":[{"href":"https:\/\/shop.kustom.ch\/en\/wp-json\/wp\/v2\/types\/product"}],"wp:featuredmedia":[{"embeddable":true,"href":"https:\/\/shop.kustom.ch\/en\/wp-json\/wp\/v2\/media\/672336"}],"wp:attachment":[{"href":"https:\/\/shop.kustom.ch\/en\/wp-json\/wp\/v2\/media?parent=611247"}],"wp:term":[{"taxonomy":"product_brand","embeddable":true,"href":"https:\/\/shop.kustom.ch\/en\/wp-json\/wp\/v2\/product_brand?post=611247"},{"taxonomy":"product_cat","embeddable":true,"href":"https:\/\/shop.kustom.ch\/en\/wp-json\/wp\/v2\/product_cat?post=611247"},{"taxonomy":"product_tag","embeddable":true,"href":"https:\/\/shop.kustom.ch\/en\/wp-json\/wp\/v2\/product_tag?post=611247"}],"curies":[{"name":"wp","href":"https:\/\/api.w.org\/{rel}","templated":true}]}}