{"id":611237,"date":"2025-03-06T04:23:58","date_gmt":"2025-03-06T03:23:58","guid":{"rendered":"https:\/\/shop.kustom.ch\/?post_type=product&#038;p=611237"},"modified":"2026-04-01T07:29:40","modified_gmt":"2026-04-01T06:29:40","slug":"fhb-original-martin-softshell-weste","status":"publish","type":"product","link":"https:\/\/shop.kustom.ch\/en\/product\/fhb-original-martin-softshell-weste\/","title":{"rendered":"MARTIN softshell waistcoat"},"content":{"rendered":"<p>Fit:<br \/>\nThe work waistcoat has a loose and straight cut.<br \/>\nThe high-quality FHB softshell fabric is elasticated and extremely supple.<br \/>\nThe work waistcoat adapts perfectly to the wearer without restricting movement.<br \/>\nThe back is slightly longer and covers the back area even when bent or kneeling, which is particularly comfortable on colder days.<br \/>\nHigh collar:<br \/>\nThe high-closing collar protects against the cold wind.<br \/>\nPleasantly soft, warming micro-fleece is used for the inner collar.<br \/>\nBags:<br \/>\n2 large side pockets with wide opening.<br \/>\nThe pockets have a zip with a twisted chain (protects against dirt and chips do not get stuck).<br \/>\nThe hard-wearing bag pouches are made of sturdy lining material.<br \/>\n1 mobile phone pocket on the front left side with zip (twisted chain).1 inside pocket with zip and 2 pen compartments.<br \/>\nWidth adjustment:<br \/>\nThe waistband can be adjusted to the ideal width with a drawstring and fastened with stoppers.<br \/>\nAs a result, the waistcoat fits well and no unpleasant cold can penetrate.<br \/>\nFunctional zip fasteners:<br \/>\nVery smooth-running front zip from YKK, extended zip so that the zip is easy to operate even when wearing gloves.<br \/>\nThe zip is softly shaped and has grip on the inside.<br \/>\nYour logo:<br \/>\nThe work waistcoat is ideal for placing your logo perfectly: Clean, large area without seams on the back, free area on the right chest. Material: 96% polyester, 4% elastane<\/p>","protected":false},"excerpt":{"rendered":"<p>Passform: Die Arbeitsweste ist locker und gerade geschnitten. Das hochwertigen FHB-Softshell-Gewebe ist elastisch und extrem geschmeidig. Die Arbeitsweste passt sich optimal an den Tr\u00e4ger an, ohne ihn bei der Bewegung einzuschr\u00e4nken. Der R\u00fccken ist leicht verl\u00e4ngert und deckt auch bei gebeugter oder kniender Haltung den R\u00fcckbereich sauber ab, was insbesondere an k\u00e4lteren Tagen sehr angenehm [&hellip;]<\/p>\n","protected":false},"featured_media":672236,"template":"","meta":[],"product_brand":[],"product_cat":[4208],"product_tag":[],"class_list":{"0":"post-611237","1":"product","2":"type-product","3":"status-publish","4":"has-post-thumbnail","6":"product_cat-westen","7":"pa_brand-fhb","8":"pa_brand-type-workwear","9":"pa_filter-color-schwarz","11":"first","12":"instock","13":"sale","14":"taxable","15":"shipping-taxable","16":"purchasable","17":"product-type-variable","18":"add-to-wishlist-before_image"},"exclude_global_add_ons":[],"addons":[],"acf":[],"_links":{"self":[{"href":"https:\/\/shop.kustom.ch\/en\/wp-json\/wp\/v2\/product\/611237"}],"collection":[{"href":"https:\/\/shop.kustom.ch\/en\/wp-json\/wp\/v2\/product"}],"about":[{"href":"https:\/\/shop.kustom.ch\/en\/wp-json\/wp\/v2\/types\/product"}],"wp:featuredmedia":[{"embeddable":true,"href":"https:\/\/shop.kustom.ch\/en\/wp-json\/wp\/v2\/media\/672236"}],"wp:attachment":[{"href":"https:\/\/shop.kustom.ch\/en\/wp-json\/wp\/v2\/media?parent=611237"}],"wp:term":[{"taxonomy":"product_brand","embeddable":true,"href":"https:\/\/shop.kustom.ch\/en\/wp-json\/wp\/v2\/product_brand?post=611237"},{"taxonomy":"product_cat","embeddable":true,"href":"https:\/\/shop.kustom.ch\/en\/wp-json\/wp\/v2\/product_cat?post=611237"},{"taxonomy":"product_tag","embeddable":true,"href":"https:\/\/shop.kustom.ch\/en\/wp-json\/wp\/v2\/product_tag?post=611237"}],"curies":[{"name":"wp","href":"https:\/\/api.w.org\/{rel}","templated":true}]}}