{"id":611157,"date":"2025-03-06T04:23:07","date_gmt":"2025-03-06T03:23:07","guid":{"rendered":"https:\/\/shop.kustom.ch\/?post_type=product&#038;p=611157"},"modified":"2026-04-01T07:33:48","modified_gmt":"2026-04-01T06:33:48","slug":"fhb-original-dieter-regenhose-fhb-protect","status":"publish","type":"product","link":"https:\/\/shop.kustom.ch\/en\/product\/fhb-original-dieter-regenhose-fhb-protect\/","title":{"rendered":"DIETER rain trousers FHB Protect"},"content":{"rendered":"<p>FHB protect:<br \/>\nThe high-performance fabric is waterproof (water column 10,000 mm), windproof and breathable (5,000 g\/m\u00b2\/24 h), with fully taped seams on the inside to prevent water from penetrating.<br \/>\nFit:<br \/>\nLoose cut, ideal for wearing over work trousers.<br \/>\nQuick in and out:<br \/>\nThanks to the extra-long YKK zips at the bottom of the trouser legs, the rain trousers can be put on and taken off quickly and easily over your shoes, allowing you to remain flexible and react to changing weather conditions.<br \/>\nWidth adjustment:<br \/>\nThe waistband can be adjusted to the ideal width with an elasticated drawstring and fixed with a cord stopper, and the bottom of the trousers can be tightened with a flap and Velcro fastening to prevent water from penetrating. Material: 100% polyester<\/p>","protected":false},"excerpt":{"rendered":"<p>FHB protect: Das High-Performance-Gewebe ist wasserdicht (Wassers\u00e4ule 10.000 mm), winddicht und atmungsaktiv (5.000 g\/m\u00b2\/24 Std.).Von innen vollst\u00e4ndig versiegelte N\u00e4hte verhindern das Eindringen von Wasser. Passform: Locker geschnitten.Ideal zum Tragen \u00fcber der Arbeitshose. Schnelles Rein und Raus: Durch die extra langen YKK-Reissverschl\u00fcsse unten am Hosenbein l\u00e4sst sich die Regenhose schnell und einfach \u00fcber die Schuhe an- [&hellip;]<\/p>\n","protected":false},"featured_media":671963,"template":"","meta":[],"product_brand":[],"product_cat":[4185],"product_tag":[],"class_list":{"0":"post-611157","1":"product","2":"type-product","3":"status-publish","4":"has-post-thumbnail","6":"product_cat-hosen","7":"pa_brand-fhb","8":"pa_brand-type-workwear","9":"pa_filter-color-schwarz","11":"first","12":"instock","13":"sale","14":"taxable","15":"shipping-taxable","16":"purchasable","17":"product-type-variable","18":"add-to-wishlist-before_image"},"exclude_global_add_ons":[],"addons":[],"acf":[],"_links":{"self":[{"href":"https:\/\/shop.kustom.ch\/en\/wp-json\/wp\/v2\/product\/611157"}],"collection":[{"href":"https:\/\/shop.kustom.ch\/en\/wp-json\/wp\/v2\/product"}],"about":[{"href":"https:\/\/shop.kustom.ch\/en\/wp-json\/wp\/v2\/types\/product"}],"wp:featuredmedia":[{"embeddable":true,"href":"https:\/\/shop.kustom.ch\/en\/wp-json\/wp\/v2\/media\/671963"}],"wp:attachment":[{"href":"https:\/\/shop.kustom.ch\/en\/wp-json\/wp\/v2\/media?parent=611157"}],"wp:term":[{"taxonomy":"product_brand","embeddable":true,"href":"https:\/\/shop.kustom.ch\/en\/wp-json\/wp\/v2\/product_brand?post=611157"},{"taxonomy":"product_cat","embeddable":true,"href":"https:\/\/shop.kustom.ch\/en\/wp-json\/wp\/v2\/product_cat?post=611157"},{"taxonomy":"product_tag","embeddable":true,"href":"https:\/\/shop.kustom.ch\/en\/wp-json\/wp\/v2\/product_tag?post=611157"}],"curies":[{"name":"wp","href":"https:\/\/api.w.org\/{rel}","templated":true}]}}