{"id":611034,"date":"2025-03-06T04:21:57","date_gmt":"2025-03-06T03:21:57","guid":{"rendered":"https:\/\/shop.kustom.ch\/?post_type=product&#038;p=611034"},"modified":"2026-04-01T07:41:03","modified_gmt":"2026-04-01T06:41:03","slug":"fhb-original-matthias-arbeitsjacke-11","status":"publish","type":"product","link":"https:\/\/shop.kustom.ch\/en\/product\/fhb-original-matthias-arbeitsjacke-11\/","title":{"rendered":"MATTHIAS work jacket 1+1"},"content":{"rendered":"<p>Fit:<br \/>\nMatthias has a loose and straight cut.<br \/>\nThe back is slightly longer and covers the back area even when bent or kneeling, which is particularly comfortable on colder days.<br \/>\nRain cover:<br \/>\nThe particularly abrasion-resistant fabric is waterproof (water column 10,000 mm), windproof and breathable, with fully taped seams on the inside to prevent water from penetrating, so you can work for hours in all weathers without getting wet.<br \/>\nHood:<br \/>\nThe hood is detachable or can be stowed in the collar.<br \/>\nHigh collar:<br \/>\nThe high-closing collar protects against the cold wind.<br \/>\nPleasantly soft, warming micro-fleece is used for the inner collar.<br \/>\n2-in-1:<br \/>\nThe outer jacket can be worn on its own, as can the removable inner jacket made of warm micro-fleece.<br \/>\nBoth jackets are connected with zip fasteners.<br \/>\nThis means they can be separated and rejoined quickly and easily.<br \/>\nBags:<br \/>\n2 breast pockets and 2 front pockets that can be covered with flaps and fastened with press studs, and behind the two front pockets are open side pockets with a wide opening. 2 outer and 2 inner pockets on the removable fleece jacket.<br \/>\nWidth adjustment:<br \/>\nThe width of the waist and cuffs can be adjusted using extra robust metal press studs.<br \/>\nFunctional zip fasteners:<br \/>\nThe very robust two-way zip from YKK is concealed with a storm flap and has an extended zip so that the zip is easy to operate even when wearing gloves.<br \/>\nThe zip is softly shaped and has grip on the inside.<br \/>\nYour logo:<br \/>\nGood customisation options on the right side of the chest, back and sleeves. Material: 85% polyester, 15% polyurethane<\/p>","protected":false},"excerpt":{"rendered":"<p>Passform: Matthias ist locker und gerade geschnitten. Der R\u00fccken ist leicht verl\u00e4ngert und deckt auch bei gebeugter oder kniender Haltung den R\u00fcckbereich sauber ab, was insbesondere an k\u00e4lteren Tagen sehr angenehm ist. Regenschutz: Das besonders abriebfeste Gewebe ist wasserdicht (Wassers\u00e4ule 10.000 mm), winddicht und atmungsaktiv.Von innen vollst\u00e4ndig versiegelte N\u00e4hte verhindern das Eindringen von Wasser.So kannst [&hellip;]<\/p>\n","protected":false},"featured_media":672241,"template":"","meta":[],"product_brand":[],"product_cat":[4186],"product_tag":[],"class_list":{"0":"post-611034","1":"product","2":"type-product","3":"status-publish","4":"has-post-thumbnail","6":"product_cat-jacken","7":"pa_brand-fhb","8":"pa_brand-type-workwear","9":"pa_filter-color-schwarz","11":"first","12":"instock","13":"sale","14":"taxable","15":"shipping-taxable","16":"purchasable","17":"product-type-variable","18":"add-to-wishlist-before_image"},"exclude_global_add_ons":[],"addons":[],"acf":[],"_links":{"self":[{"href":"https:\/\/shop.kustom.ch\/en\/wp-json\/wp\/v2\/product\/611034"}],"collection":[{"href":"https:\/\/shop.kustom.ch\/en\/wp-json\/wp\/v2\/product"}],"about":[{"href":"https:\/\/shop.kustom.ch\/en\/wp-json\/wp\/v2\/types\/product"}],"wp:featuredmedia":[{"embeddable":true,"href":"https:\/\/shop.kustom.ch\/en\/wp-json\/wp\/v2\/media\/672241"}],"wp:attachment":[{"href":"https:\/\/shop.kustom.ch\/en\/wp-json\/wp\/v2\/media?parent=611034"}],"wp:term":[{"taxonomy":"product_brand","embeddable":true,"href":"https:\/\/shop.kustom.ch\/en\/wp-json\/wp\/v2\/product_brand?post=611034"},{"taxonomy":"product_cat","embeddable":true,"href":"https:\/\/shop.kustom.ch\/en\/wp-json\/wp\/v2\/product_cat?post=611034"},{"taxonomy":"product_tag","embeddable":true,"href":"https:\/\/shop.kustom.ch\/en\/wp-json\/wp\/v2\/product_tag?post=611034"}],"curies":[{"name":"wp","href":"https:\/\/api.w.org\/{rel}","templated":true}]}}