{"id":611019,"date":"2025-03-06T04:21:20","date_gmt":"2025-03-06T03:21:20","guid":{"rendered":"https:\/\/shop.kustom.ch\/?post_type=product&#038;p=611019"},"modified":"2026-04-01T07:33:54","modified_gmt":"2026-04-01T06:33:54","slug":"fhb-original-benjamin-pu-stretch-regenhose-en-343","status":"publish","type":"product","link":"https:\/\/shop.kustom.ch\/en\/product\/fhb-original-benjamin-pu-stretch-regenhose-en-343\/","title":{"rendered":"BENJAMIN PU stretch rain trousers"},"content":{"rendered":"<p>Rain protection according to EN 343 3\/1:<br \/>\nWaterproof fabric (water column 10,000 mm), fully taped seams on the inside prevent water from penetrating.100% windproof fabric for good protection against the cold.<br \/>\nFit:<br \/>\nLoose cut, ideal for wearing over work trousers.<br \/>\nWidth adjustment:<br \/>\nThe waistband can be adjusted to the ideal width with a wide elasticated band and fastened with a cord stopper, and the bottom of the leg can be adjusted tightly with a flap and Velcro fastener to prevent water from penetrating, while the elasticated band at the top and Velcro fastener at the bottom allow you to put the rain trousers on quickly and take them off again when it stops raining, allowing you to remain flexible and react to changing weather conditions.<\/p>","protected":false},"excerpt":{"rendered":"<p>Regenschutz nach EN 343 3\/1: Wasserdichtes Gewebe (Wassers\u00e4ule 10.000 mm).Von innen vollst\u00e4ndig versiegelte N\u00e4hte verhindern das Eindringen von Wasser.100% winddichtes Gewebe f\u00fcr einen guten Schutz vor eindringender K\u00e4lte. Passform: Locker geschnitten.Ideal zum Tragen \u00fcber der Arbeitshose. Weitenregulierung: Der Hosenbund kann mit einem breiten Gummizug auf die ideale Weite eigestellt und durch einen Kordelstopper fixiert werden.Am [&hellip;]<\/p>\n","protected":false},"featured_media":671914,"template":"","meta":[],"product_brand":[],"product_cat":[4185],"product_tag":[],"class_list":{"0":"post-611019","1":"product","2":"type-product","3":"status-publish","4":"has-post-thumbnail","6":"product_cat-hosen","7":"pa_brand-fhb","8":"pa_brand-type-workwear","9":"pa_filter-color-anthrazit","10":"pa_filter-color-schwarz","12":"first","13":"instock","14":"sale","15":"taxable","16":"shipping-taxable","17":"purchasable","18":"product-type-variable","19":"add-to-wishlist-before_image"},"exclude_global_add_ons":[],"addons":[],"acf":[],"_links":{"self":[{"href":"https:\/\/shop.kustom.ch\/en\/wp-json\/wp\/v2\/product\/611019"}],"collection":[{"href":"https:\/\/shop.kustom.ch\/en\/wp-json\/wp\/v2\/product"}],"about":[{"href":"https:\/\/shop.kustom.ch\/en\/wp-json\/wp\/v2\/types\/product"}],"wp:featuredmedia":[{"embeddable":true,"href":"https:\/\/shop.kustom.ch\/en\/wp-json\/wp\/v2\/media\/671914"}],"wp:attachment":[{"href":"https:\/\/shop.kustom.ch\/en\/wp-json\/wp\/v2\/media?parent=611019"}],"wp:term":[{"taxonomy":"product_brand","embeddable":true,"href":"https:\/\/shop.kustom.ch\/en\/wp-json\/wp\/v2\/product_brand?post=611019"},{"taxonomy":"product_cat","embeddable":true,"href":"https:\/\/shop.kustom.ch\/en\/wp-json\/wp\/v2\/product_cat?post=611019"},{"taxonomy":"product_tag","embeddable":true,"href":"https:\/\/shop.kustom.ch\/en\/wp-json\/wp\/v2\/product_tag?post=611019"}],"curies":[{"name":"wp","href":"https:\/\/api.w.org\/{rel}","templated":true}]}}