{"id":611004,"date":"2025-03-06T04:21:17","date_gmt":"2025-03-06T03:21:17","guid":{"rendered":"https:\/\/shop.kustom.ch\/?post_type=product&#038;p=611004"},"modified":"2026-04-01T07:05:09","modified_gmt":"2026-04-01T06:05:09","slug":"fhb-original-rainer-pu-stretch-regenjacke-en-343","status":"publish","type":"product","link":"https:\/\/shop.kustom.ch\/en\/product\/fhb-original-rainer-pu-stretch-regenjacke-en-343\/","title":{"rendered":"RAINER PU stretch rain jacket"},"content":{"rendered":"<p>Rain protection according to EN 343 3\/1:<br \/>\nWaterproof fabric (water column 10,000 mm), fully taped seams on the inside prevent water from penetrating.100% windproof fabric for good protection against the cold.<br \/>\nLoose fit:<br \/>\nRainer has a loose cut.<br \/>\nThe rain jacket fits comfortably and does not restrict your movement.<br \/>\nAs part of a layering system, Rainer can be worn with one or two intermediate layers underneath.<br \/>\nThe sleeves are slightly longer so that your wrists are covered even when your arms are stretched out.<br \/>\nThe back is also slightly longer and covers the back area cleanly even when bent or kneeling.<br \/>\nHood with peak:<br \/>\nThe hood is adjustable and can be adapted to the field of vision.<br \/>\nTogether with the high-closing storm collar, it provides good protection for the head in uncomfortable weather and you can also wear a hat or a hood from the midlayer under the large rain hood.<br \/>\nWidth adjustment:<br \/>\nThe hem and hood can be adjusted to the ideal width with a drawstring and fastened with stoppers.<br \/>\nThe sleeves have a flap with a Velcro fastener to adjust the width.<br \/>\nBags:<br \/>\n2 spacious front pockets with closable flap.<br \/>\nConcealed loops under the pocket flaps for attaching the FHB Max and Moritz holster pockets.<br \/>\nZip fasteners:<br \/>\nFull-length, very smooth-running front zip from YKK with storm flap.<\/p>","protected":false},"excerpt":{"rendered":"<p>Regenschutz nach EN 343 3\/1: Wasserdichtes Gewebe (Wassers\u00e4ule 10.000 mm).Von innen vollst\u00e4ndig versiegelte N\u00e4hte verhindern das Eindringen von Wasser.100% winddichtes Gewebe f\u00fcr einen guten Schutz vor eindringender K\u00e4lte. Lockere Passform: Rainer ist locker geschnitten. Die Regenjacke sitzt bequem und schr\u00e4nkt dich in deiner Bewegung nicht ein. Als Teil eines Schichtensystems kann Rainer mit einer oder [&hellip;]<\/p>\n","protected":false},"featured_media":672279,"template":"","meta":[],"product_brand":[],"product_cat":[4186],"product_tag":[],"class_list":{"0":"post-611004","1":"product","2":"type-product","3":"status-publish","4":"has-post-thumbnail","6":"product_cat-jacken","7":"pa_brand-fhb","8":"pa_brand-type-workwear","9":"pa_filter-color-anthrazit","10":"pa_filter-color-schwarz","12":"first","13":"instock","14":"sale","15":"taxable","16":"shipping-taxable","17":"purchasable","18":"product-type-variable","19":"add-to-wishlist-before_image"},"exclude_global_add_ons":[],"addons":[],"acf":[],"_links":{"self":[{"href":"https:\/\/shop.kustom.ch\/en\/wp-json\/wp\/v2\/product\/611004"}],"collection":[{"href":"https:\/\/shop.kustom.ch\/en\/wp-json\/wp\/v2\/product"}],"about":[{"href":"https:\/\/shop.kustom.ch\/en\/wp-json\/wp\/v2\/types\/product"}],"wp:featuredmedia":[{"embeddable":true,"href":"https:\/\/shop.kustom.ch\/en\/wp-json\/wp\/v2\/media\/672279"}],"wp:attachment":[{"href":"https:\/\/shop.kustom.ch\/en\/wp-json\/wp\/v2\/media?parent=611004"}],"wp:term":[{"taxonomy":"product_brand","embeddable":true,"href":"https:\/\/shop.kustom.ch\/en\/wp-json\/wp\/v2\/product_brand?post=611004"},{"taxonomy":"product_cat","embeddable":true,"href":"https:\/\/shop.kustom.ch\/en\/wp-json\/wp\/v2\/product_cat?post=611004"},{"taxonomy":"product_tag","embeddable":true,"href":"https:\/\/shop.kustom.ch\/en\/wp-json\/wp\/v2\/product_tag?post=611004"}],"curies":[{"name":"wp","href":"https:\/\/api.w.org\/{rel}","templated":true}]}}