{"id":610956,"date":"2025-03-06T04:20:41","date_gmt":"2025-03-06T03:20:41","guid":{"rendered":"https:\/\/shop.kustom.ch\/?post_type=product&#038;p=610956"},"modified":"2026-04-01T07:05:54","modified_gmt":"2026-04-01T06:05:54","slug":"fhb-original-volker-arbeitsjacke-mit-reflektoren","status":"publish","type":"product","link":"https:\/\/shop.kustom.ch\/en\/product\/fhb-original-volker-arbeitsjacke-mit-reflektoren\/","title":{"rendered":"VOLKER work jacket with reflectors"},"content":{"rendered":"<p>Fit:<br \/>\nVolker has a wide and straight cut.<br \/>\nThe comfortable work jacket has a loose fit and gives you full freedom of movement.<br \/>\nThe knitted cuffs on the sleeves and hem ensure a good fit and finish of the work jacket, which is cut slightly longer and covers the back area even when bent or kneeling, which is particularly comfortable on colder days.<br \/>\nHigh collar:<br \/>\nThe high-closing collar protects against the cold wind.<br \/>\nPleasantly soft, warming fleece is used for the inner collar.<br \/>\nInner lining:<br \/>\nThe faux fur lining and the fleece on the collar keep you warm in unpleasant temperatures.<br \/>\nRain cover:<br \/>\nThe particularly hard-wearing fabric is water-repellent and breathable.<br \/>\nYou won't be drenched immediately in a sudden, brief shower.<br \/>\nBags:<br \/>\n2 spacious front pockets, which can be covered with flaps and closed with Velcro.1 large breast pocket with zip.1 arm pocket on the left with zip.1 pen pocket with 3 compartments on the front right.1 inside pocket with zip.<br \/>\nFunctional zip fasteners:<br \/>\nVery robust and smooth-running front zip from YKK, with an extended zip so that the zip is easy to use even when wearing gloves.<br \/>\nThe zip is softly shaped and has grip on the inside.<br \/>\nYour logo:<br \/>\nGood decoration options on the back, right side of the chest and right sleeve. Material: 100% polyester<\/p>","protected":false},"excerpt":{"rendered":"<p>Passform: Volker ist weit und gerade geschnitten. Die bequeme Arbeitsjacke sitzt locker und gibt dir volle Bewegungsfreiheit. Strickbund am \u00c4rmel und Saum sorgen f\u00fcr einen guten Sitz und Abschluss der Arbeitsjacke.Die Jacke ist etwas l\u00e4nger geschnitten und deckt auch bei gebeugter oder kniender Haltung den R\u00fcckbereich sauber ab, was insbesondere an k\u00e4lteren Tagen sehr angenehm [&hellip;]<\/p>\n","protected":false},"featured_media":672332,"template":"","meta":[],"product_brand":[],"product_cat":[4186],"product_tag":[],"class_list":{"0":"post-610956","1":"product","2":"type-product","3":"status-publish","4":"has-post-thumbnail","6":"product_cat-jacken","7":"pa_brand-fhb","8":"pa_brand-type-workwear","9":"pa_filter-color-anthrazit","10":"pa_filter-color-marine","11":"pa_filter-color-schwarz","13":"first","14":"instock","15":"sale","16":"taxable","17":"shipping-taxable","18":"purchasable","19":"product-type-variable","20":"add-to-wishlist-before_image"},"exclude_global_add_ons":[],"addons":[],"acf":[],"_links":{"self":[{"href":"https:\/\/shop.kustom.ch\/en\/wp-json\/wp\/v2\/product\/610956"}],"collection":[{"href":"https:\/\/shop.kustom.ch\/en\/wp-json\/wp\/v2\/product"}],"about":[{"href":"https:\/\/shop.kustom.ch\/en\/wp-json\/wp\/v2\/types\/product"}],"wp:featuredmedia":[{"embeddable":true,"href":"https:\/\/shop.kustom.ch\/en\/wp-json\/wp\/v2\/media\/672332"}],"wp:attachment":[{"href":"https:\/\/shop.kustom.ch\/en\/wp-json\/wp\/v2\/media?parent=610956"}],"wp:term":[{"taxonomy":"product_brand","embeddable":true,"href":"https:\/\/shop.kustom.ch\/en\/wp-json\/wp\/v2\/product_brand?post=610956"},{"taxonomy":"product_cat","embeddable":true,"href":"https:\/\/shop.kustom.ch\/en\/wp-json\/wp\/v2\/product_cat?post=610956"},{"taxonomy":"product_tag","embeddable":true,"href":"https:\/\/shop.kustom.ch\/en\/wp-json\/wp\/v2\/product_tag?post=610956"}],"curies":[{"name":"wp","href":"https:\/\/api.w.org\/{rel}","templated":true}]}}