{"id":610698,"date":"2025-03-06T04:18:22","date_gmt":"2025-03-06T03:18:22","guid":{"rendered":"https:\/\/shop.kustom.ch\/?post_type=product&#038;p=610698"},"modified":"2026-04-01T07:32:53","modified_gmt":"2026-04-01T06:32:53","slug":"fhb-original-ewald-roehren-zunfthose","status":"publish","type":"product","link":"https:\/\/shop.kustom.ch\/en\/product\/fhb-original-ewald-roehren-zunfthose\/","title":{"rendered":"EWALD guild trousers"},"content":{"rendered":"<p>Fit:<br \/>\nStraight cut in a tube shape.<br \/>\nNarrower cut than classic guild trousers, these guild trousers fit close to the body but are not skin-tight.<br \/>\nFoot width circumference:<br \/>\n40 cm<br \/>\nBags:<br \/>\n2 ruler pockets.1 back pocket with button.2 open front slit pockets.All pocket bags are also made from a robust lining.Black leatherette piping on the pockets.<br \/>\nZip fasteners:<br \/>\nHigh-quality functional zip fasteners from YKK in elegant matt black, particularly smooth-running and robust.<br \/>\nBelt loops:<br \/>\n2 cm wide belt loops The belt loops have the right distance for the FHB Max and Moritz holster pockets.<br \/>\nProcessing:<br \/>\nRobust, double-stitched seat seams reinforce the trousers for extra durability.<br \/>\nDouble-stitched faux leather corners protect the bag corners from tearing even under high loads, and we also use a particularly tear-resistant yarn with a cotton coating and a polyester core. bag edges made of hard-wearing faux leather reinforce the bag opening and protect against premature wear. Material: 100% cotton<\/p>","protected":false},"excerpt":{"rendered":"<p>Passform: Gerader Schnitt in R\u00f6hren-Form. Schmaler geschnitten als klassische Zunfthosen.Die Zunfthose sitzt k\u00f6rpernah, aber nicht hauteng. Fussweitenumfang: 40 cm Taschen: 2 Zollstocktaschen.1 Ges\u00e4sstasche mit Knopf.2 offene Einschubtaschen vorne.S\u00e4mtliche Taschenbeutel sind auch aus einem robusten Futterstoff gefertigt.Schwarze Taschen-Kunstleder-Paspelierung. Reissverschl\u00fcsse: Hochwertige Funktionsreissverschl\u00fcsse von YKK in edlem mattschwarz \u0096 besonders leichtg\u00e4ngig und robust. G\u00fcrtelschlaufen: 2 cm breite G\u00fcrtelschlaufen.Die [&hellip;]<\/p>\n","protected":false},"featured_media":672004,"template":"","meta":[],"product_brand":[],"product_cat":[4185],"product_tag":[],"class_list":{"0":"post-610698","1":"product","2":"type-product","3":"status-publish","4":"has-post-thumbnail","6":"product_cat-hosen","7":"pa_brand-fhb","8":"pa_brand-type-workwear","9":"pa_filter-color-schwarz","11":"first","12":"instock","13":"sale","14":"taxable","15":"shipping-taxable","16":"purchasable","17":"product-type-variable","18":"add-to-wishlist-before_image"},"exclude_global_add_ons":[],"addons":[],"acf":[],"_links":{"self":[{"href":"https:\/\/shop.kustom.ch\/en\/wp-json\/wp\/v2\/product\/610698"}],"collection":[{"href":"https:\/\/shop.kustom.ch\/en\/wp-json\/wp\/v2\/product"}],"about":[{"href":"https:\/\/shop.kustom.ch\/en\/wp-json\/wp\/v2\/types\/product"}],"wp:featuredmedia":[{"embeddable":true,"href":"https:\/\/shop.kustom.ch\/en\/wp-json\/wp\/v2\/media\/672004"}],"wp:attachment":[{"href":"https:\/\/shop.kustom.ch\/en\/wp-json\/wp\/v2\/media?parent=610698"}],"wp:term":[{"taxonomy":"product_brand","embeddable":true,"href":"https:\/\/shop.kustom.ch\/en\/wp-json\/wp\/v2\/product_brand?post=610698"},{"taxonomy":"product_cat","embeddable":true,"href":"https:\/\/shop.kustom.ch\/en\/wp-json\/wp\/v2\/product_cat?post=610698"},{"taxonomy":"product_tag","embeddable":true,"href":"https:\/\/shop.kustom.ch\/en\/wp-json\/wp\/v2\/product_tag?post=610698"}],"curies":[{"name":"wp","href":"https:\/\/api.w.org\/{rel}","templated":true}]}}