{"id":610658,"date":"2025-03-06T04:17:41","date_gmt":"2025-03-06T03:17:41","guid":{"rendered":"https:\/\/shop.kustom.ch\/?post_type=product&#038;p=610658"},"modified":"2026-04-01T07:18:14","modified_gmt":"2026-04-01T06:18:14","slug":"fhb-original-jochen-zunft-bermuda-zwirn-doppel-pilot","status":"publish","type":"product","link":"https:\/\/shop.kustom.ch\/en\/product\/fhb-original-jochen-zunft-bermuda-zwirn-doppel-pilot\/","title":{"rendered":"JOCHEN guild Bermuda twisted double pilot"},"content":{"rendered":"<p>Fit:<br \/>\nThe waistband is wider than on normal trousers, which ensures that the trousers fit well and stay in place even when moving.<br \/>\nThe flaps with hooks and eyelets behind the zips ensure a stable fit and prevent them from slipping during movement.<br \/>\nStep length:<br \/>\nJochen has a inseam of 31 cm in size 50.<br \/>\nThe trousers go up to the knee.<br \/>\nBags:<br \/>\nFolding rule and pen pocket on both sides of the trousers.<br \/>\nThis means that the folding rule and pencil are always within easy reach with the right or left hand.<br \/>\nWide volume pocket opening, fixed pocket bags are made of hard-wearing lining fabric (300 g\/m\u00b2).<br \/>\n1 back pocket with button, the belt loops have the right distance for the FHB Max and Moritz holster pockets.<br \/>\nZip fasteners:<br \/>\nThe gold-coloured and extra-wide zips from YKK with solid end pieces are particularly robust and durable.<br \/>\nProcessing:<br \/>\nRobust, double-stitched seat seams reinforce the trousers for extra durability.<br \/>\nDouble-stitched imitation leather corners protect the bag corners from tearing even under heavy loads, while bag edges made of hard-wearing imitation leather reinforce the bag opening and protect against premature wear.<br \/>\nYour logo:<br \/>\nGood finishing options to place your logo perfectly. Material: 100% cotton<\/p>","protected":false},"excerpt":{"rendered":"<p>Passform: Die Zunftshorts ist bequem geschnitten und sitzt angenehm locker.Der Hosenbund ist breiter als bei normalen Hosen, was daf\u00fcr sorgt, dass die Hose gut sitzt und auch in der Bewegung da bleibt, wo sie hingeh\u00f6rt. Zudem ist der Bund formstabil und sitzt immer so wie am ersten Tag.Die Klappen mit Haken und \u00d6sen hinter den [&hellip;]<\/p>\n","protected":false},"featured_media":672144,"template":"","meta":[],"product_brand":[],"product_cat":[4185],"product_tag":[],"class_list":{"0":"post-610658","1":"product","2":"type-product","3":"status-publish","4":"has-post-thumbnail","6":"product_cat-hosen","7":"pa_brand-fhb","8":"pa_brand-type-workwear","9":"pa_filter-color-grau","10":"pa_filter-color-schwarz","11":"pa_filter-color-weiss","13":"first","14":"instock","15":"sale","16":"taxable","17":"shipping-taxable","18":"purchasable","19":"product-type-variable","20":"add-to-wishlist-before_image"},"exclude_global_add_ons":[],"addons":[],"acf":[],"_links":{"self":[{"href":"https:\/\/shop.kustom.ch\/en\/wp-json\/wp\/v2\/product\/610658"}],"collection":[{"href":"https:\/\/shop.kustom.ch\/en\/wp-json\/wp\/v2\/product"}],"about":[{"href":"https:\/\/shop.kustom.ch\/en\/wp-json\/wp\/v2\/types\/product"}],"wp:featuredmedia":[{"embeddable":true,"href":"https:\/\/shop.kustom.ch\/en\/wp-json\/wp\/v2\/media\/672144"}],"wp:attachment":[{"href":"https:\/\/shop.kustom.ch\/en\/wp-json\/wp\/v2\/media?parent=610658"}],"wp:term":[{"taxonomy":"product_brand","embeddable":true,"href":"https:\/\/shop.kustom.ch\/en\/wp-json\/wp\/v2\/product_brand?post=610658"},{"taxonomy":"product_cat","embeddable":true,"href":"https:\/\/shop.kustom.ch\/en\/wp-json\/wp\/v2\/product_cat?post=610658"},{"taxonomy":"product_tag","embeddable":true,"href":"https:\/\/shop.kustom.ch\/en\/wp-json\/wp\/v2\/product_tag?post=610658"}],"curies":[{"name":"wp","href":"https:\/\/api.w.org\/{rel}","templated":true}]}}