{"id":610503,"date":"2025-03-06T04:16:14","date_gmt":"2025-03-06T03:16:14","guid":{"rendered":"https:\/\/shop.kustom.ch\/?post_type=product&#038;p=610503"},"modified":"2026-04-01T07:39:07","modified_gmt":"2026-04-01T06:39:07","slug":"fhb-original-detlef-zunftweste-zwirn-doppel-pilot","status":"publish","type":"product","link":"https:\/\/shop.kustom.ch\/en\/product\/fhb-original-detlef-zunftweste-zwirn-doppel-pilot\/","title":{"rendered":"DETLEF guild waistcoat twisted double pilot"},"content":{"rendered":"<p>Fit:<br \/>\nLoose fit, straight cut, short back, neckline and armhole are cut so that you have full freedom of movement while working.<br \/>\nWidth adjustment:<br \/>\n1 back buckle strap to individually adjust the width of the waistcoat.<br \/>\nButtons:<br \/>\nTraditional double-breasted, eight-button, imitation mother-of-pearl buttons.<br \/>\nBags:<br \/>\n2 open outside pockets.1 inside pocket with Velcro fastening.<br \/>\nProcessing:<br \/>\nParticularly robust seams for an extra long service life.<br \/>\nThe buttons are sewn onto stems and then wrapped under tension with a special, elasticated heat-setting yarn known as Ascolite.<br \/>\nThis Ascolite process was developed to solve the problem of buttons coming off and to increase the durability of guild waistcoats.<br \/>\nProduct family:<br \/>\nDetlef is part of a large product family of guild trousers and guild waistcoats for men and women in the same design and the same outer material.<br \/>\nSo you can dress yourself or an entire team from a single mould.<br \/>\nYour logo:<br \/>\nGood finishing options to place your logo perfectly. Material: 100% cotton<\/p>","protected":false},"excerpt":{"rendered":"<p>Passform: Lockere Passform, gerader Schnitt.Kurzer R\u00fccken.Halsausschnitt und Armloch sind so geschnitten, dass du w\u00e4hrend der Arbeit volle Bewegungsfreiheit hast. Weitenregulierung: 1 R\u00fcckenschnallgurt, um die Weite der Weste individuell anpassen zu k\u00f6nnen. Kn\u00f6pfe: Traditionell zweireihig, achtkn\u00f6pfig.Perlmuttimitatkn\u00f6pfe. Taschen: 2 offene Steck-Aussentaschen.1 Innentasche mit Klettverschluss. Verarbeitung: Besonders robuste N\u00e4hte f\u00fcr eine extra lange Lebensdauer. Die Kn\u00f6pfe werden auf [&hellip;]<\/p>\n","protected":false},"featured_media":671960,"template":"","meta":[],"product_brand":[],"product_cat":[4208],"product_tag":[],"class_list":{"0":"post-610503","1":"product","2":"type-product","3":"status-publish","4":"has-post-thumbnail","6":"product_cat-westen","7":"pa_brand-fhb","8":"pa_brand-type-workwear","9":"pa_filter-color-grau","10":"pa_filter-color-schwarz","11":"pa_filter-color-weiss","13":"first","14":"instock","15":"sale","16":"taxable","17":"shipping-taxable","18":"purchasable","19":"product-type-variable","20":"add-to-wishlist-before_image"},"exclude_global_add_ons":[],"addons":[],"acf":[],"_links":{"self":[{"href":"https:\/\/shop.kustom.ch\/en\/wp-json\/wp\/v2\/product\/610503"}],"collection":[{"href":"https:\/\/shop.kustom.ch\/en\/wp-json\/wp\/v2\/product"}],"about":[{"href":"https:\/\/shop.kustom.ch\/en\/wp-json\/wp\/v2\/types\/product"}],"wp:featuredmedia":[{"embeddable":true,"href":"https:\/\/shop.kustom.ch\/en\/wp-json\/wp\/v2\/media\/671960"}],"wp:attachment":[{"href":"https:\/\/shop.kustom.ch\/en\/wp-json\/wp\/v2\/media?parent=610503"}],"wp:term":[{"taxonomy":"product_brand","embeddable":true,"href":"https:\/\/shop.kustom.ch\/en\/wp-json\/wp\/v2\/product_brand?post=610503"},{"taxonomy":"product_cat","embeddable":true,"href":"https:\/\/shop.kustom.ch\/en\/wp-json\/wp\/v2\/product_cat?post=610503"},{"taxonomy":"product_tag","embeddable":true,"href":"https:\/\/shop.kustom.ch\/en\/wp-json\/wp\/v2\/product_tag?post=610503"}],"curies":[{"name":"wp","href":"https:\/\/api.w.org\/{rel}","templated":true}]}}