{"id":610465,"date":"2025-03-06T04:15:43","date_gmt":"2025-03-06T03:15:43","guid":{"rendered":"https:\/\/shop.kustom.ch\/?post_type=product&#038;p=610465"},"modified":"2026-04-01T07:39:37","modified_gmt":"2026-04-01T06:39:37","slug":"fhb-original-torge-arbeitshose","status":"publish","type":"product","link":"https:\/\/shop.kustom.ch\/en\/product\/fhb-original-torge-arbeitshose\/","title":{"rendered":"TORGE work trousers"},"content":{"rendered":"<p>Fit:<br \/>\nExtra comfortable fit with plenty of room and freedom of movement.<br \/>\nTorge has a straight cut and sits loosely on the body, while the higher waistband at the back improves the wearing comfort and ensures that the back is also comfortably covered at the knees.<br \/>\nFoot width circumference:<br \/>\n44 cm<br \/>\nBags:<br \/>\n1 patch mobile phone pocket on the front left.<br \/>\nIt is 13 cm high and 8.5 cm wide and is therefore also suitable for larger smartphones.<br \/>\nThe mobile phone pocket can be closed with a flap.<br \/>\nVelcro fastening.1 patch knife pocket on the front right.1 patch folding rule and pen pocket on the right.2 open, roomy back pockets.2 open slit pockets on the front.2 tool loops on the back under the belt loops, e.g. for a hammer.Due to the special construction of the pockets, all pocket bags are also made from the incredibly hard-wearing English leather outer fabric (520g\/m\u00b2).<br \/>\nBelt loops:<br \/>\nThe belt loops are 2 cm extra wide and have the right distance for the FHB Max and Moritz holster pockets.<br \/>\nProcessing:<br \/>\nTriple-stitched seat seams reinforce the trousers and improve tear resistance. Material: 100% cotton<\/p>","protected":false},"excerpt":{"rendered":"<p>Passform: Extra bequeme Passform mit reichlich Spielraum und Bewegungsfreiheit. Torge ist gerade geschnitten und sitzt locker am K\u00f6rper.Der h\u00f6her gezogene Bund hinten verbessert das Tragegef\u00fchl und sorgt daf\u00fcr, dass der R\u00fccken auch im Knien angenehm bedeckt ist. Fussweitenumfang: 44 cm Taschen: 1 aufgesetzte Handytasche vorne links. Sie ist 13 cm hoch und 8,5 cm breit [&hellip;]<\/p>\n","protected":false},"featured_media":672325,"template":"","meta":[],"product_brand":[],"product_cat":[4185],"product_tag":[],"class_list":{"0":"post-610465","1":"product","2":"type-product","3":"status-publish","4":"has-post-thumbnail","6":"product_cat-hosen","7":"pa_brand-fhb","8":"pa_brand-type-workwear","9":"pa_filter-color-schwarz","11":"first","12":"instock","13":"sale","14":"taxable","15":"shipping-taxable","16":"purchasable","17":"product-type-variable","18":"add-to-wishlist-before_image"},"exclude_global_add_ons":[],"addons":[],"acf":[],"_links":{"self":[{"href":"https:\/\/shop.kustom.ch\/en\/wp-json\/wp\/v2\/product\/610465"}],"collection":[{"href":"https:\/\/shop.kustom.ch\/en\/wp-json\/wp\/v2\/product"}],"about":[{"href":"https:\/\/shop.kustom.ch\/en\/wp-json\/wp\/v2\/types\/product"}],"wp:featuredmedia":[{"embeddable":true,"href":"https:\/\/shop.kustom.ch\/en\/wp-json\/wp\/v2\/media\/672325"}],"wp:attachment":[{"href":"https:\/\/shop.kustom.ch\/en\/wp-json\/wp\/v2\/media?parent=610465"}],"wp:term":[{"taxonomy":"product_brand","embeddable":true,"href":"https:\/\/shop.kustom.ch\/en\/wp-json\/wp\/v2\/product_brand?post=610465"},{"taxonomy":"product_cat","embeddable":true,"href":"https:\/\/shop.kustom.ch\/en\/wp-json\/wp\/v2\/product_cat?post=610465"},{"taxonomy":"product_tag","embeddable":true,"href":"https:\/\/shop.kustom.ch\/en\/wp-json\/wp\/v2\/product_tag?post=610465"}],"curies":[{"name":"wp","href":"https:\/\/api.w.org\/{rel}","templated":true}]}}