{"id":609219,"date":"2025-03-05T05:11:34","date_gmt":"2025-03-05T04:11:34","guid":{"rendered":"https:\/\/shop.kustom.ch\/?post_type=product&#038;p=609219"},"modified":"2026-04-01T07:30:41","modified_gmt":"2026-04-01T06:30:41","slug":"fhb-original-uwe-zunftsakko-trenkercord","status":"publish","type":"product","link":"https:\/\/shop.kustom.ch\/en\/product\/fhb-original-uwe-zunftsakko-trenkercord\/","title":{"rendered":"UWE guild jacket trenker corduroy"},"content":{"rendered":"<p>Fit:<br \/>\nLoose fit, straight cut.<br \/>\nButtons:<br \/>\nTraditional double-breasted, six-button, imitation mother-of-pearl buttons.<br \/>\nBags:<br \/>\n2 flap pockets.1 open breast pocket.2 inside pockets with Velcro fastening.<br \/>\nCollar:<br \/>\nClassic lapel collar.<br \/>\nProcessing:<br \/>\nParticularly robust seams for an extra long service life.<br \/>\nThe buttons are sewn onto stems and then wrapped under tension with a special, elasticated heat-setting yarn known as Ascolite.<br \/>\nThis Ascolite process was developed to solve the problem of buttons coming off and to increase the durability of guild waistcoats.<br \/>\nProduct family:<br \/>\nUwe is part of a large product family of guild waistcoats and guild trousers in the same design and the same outer material.<br \/>\nThis way you can put together a chic outfit.<br \/>\nYour logo:<br \/>\nGood finishing options to place your logo perfectly. Material: 70% cotton, 30% polyester<\/p>","protected":false},"excerpt":{"rendered":"<p>Passform: Lockere Passform, gerader Schnitt. Kn\u00f6pfe: Traditionell zweireihig, sechskn\u00f6pfig.Perlmuttimitatkn\u00f6pfe. Taschen: 2 Pattentaschen.1 offene Brusttasche.2 Innentaschen mit Klettverschluss. Kragen: Klassischer Reverskragen. Verarbeitung: Besonders robuste N\u00e4hte f\u00fcr eine extra lange Lebensdauer. Die Kn\u00f6pfe werden auf Stiel gen\u00e4ht und anschliessend mit einem speziellen, elastischen Thermofixiergarn, dem sogenannten Ascolite, unter Spannung umwickelt. Dieses Ascolite-Verfahren wurde entwickelt, um das Problem [&hellip;]<\/p>\n","protected":false},"featured_media":672329,"template":"","meta":[],"product_brand":[],"product_cat":[4186],"product_tag":[],"class_list":{"0":"post-609219","1":"product","2":"type-product","3":"status-publish","4":"has-post-thumbnail","6":"product_cat-jacken","7":"pa_brand-fhb","8":"pa_brand-type-workwear","9":"pa_filter-color-schwarz","11":"first","12":"instock","13":"sale","14":"taxable","15":"shipping-taxable","16":"purchasable","17":"product-type-variable","18":"add-to-wishlist-before_image"},"exclude_global_add_ons":[],"addons":[],"acf":[],"_links":{"self":[{"href":"https:\/\/shop.kustom.ch\/en\/wp-json\/wp\/v2\/product\/609219"}],"collection":[{"href":"https:\/\/shop.kustom.ch\/en\/wp-json\/wp\/v2\/product"}],"about":[{"href":"https:\/\/shop.kustom.ch\/en\/wp-json\/wp\/v2\/types\/product"}],"wp:featuredmedia":[{"embeddable":true,"href":"https:\/\/shop.kustom.ch\/en\/wp-json\/wp\/v2\/media\/672329"}],"wp:attachment":[{"href":"https:\/\/shop.kustom.ch\/en\/wp-json\/wp\/v2\/media?parent=609219"}],"wp:term":[{"taxonomy":"product_brand","embeddable":true,"href":"https:\/\/shop.kustom.ch\/en\/wp-json\/wp\/v2\/product_brand?post=609219"},{"taxonomy":"product_cat","embeddable":true,"href":"https:\/\/shop.kustom.ch\/en\/wp-json\/wp\/v2\/product_cat?post=609219"},{"taxonomy":"product_tag","embeddable":true,"href":"https:\/\/shop.kustom.ch\/en\/wp-json\/wp\/v2\/product_tag?post=609219"}],"curies":[{"name":"wp","href":"https:\/\/api.w.org\/{rel}","templated":true}]}}