{"id":608690,"date":"2025-03-05T05:05:15","date_gmt":"2025-03-05T04:05:15","guid":{"rendered":"https:\/\/shop.kustom.ch\/?post_type=product&#038;p=608690"},"modified":"2026-04-01T07:22:36","modified_gmt":"2026-04-01T06:22:36","slug":"fhb-original-hinnerk-seemanns-troyer","status":"publish","type":"product","link":"https:\/\/shop.kustom.ch\/en\/product\/fhb-original-hinnerk-seemanns-troyer\/","title":{"rendered":"HINNERK sailor's troyer"},"content":{"rendered":"<p>Relaxed:<br \/>\nThe casual sailor troyer has a close fit with a double-knit stand-up collar.<br \/>\nIt sits comfortably loose and relaxed for optimum freedom of movement.<br \/>\nThe troyer is cut slightly longer at the bottom than normal.<br \/>\nThe collar fits snugly around the neck (without pinching) and thus protects against the cold.<br \/>\nWarm:<br \/>\nThe troyer is made from a heavy and exceptionally warming knitted fabric with 80% virgin wool.<br \/>\nThis has the special feature that it remains pleasantly warm even when damp, making it ideal for working outdoors.<br \/>\nVirgin wool is naturally odour-inhibiting, breathable and has a temperature-regulating effect.<br \/>\nThis means you can wear the troyer almost all year round.<br \/>\nIt can be worn several times without necessarily having to be washed.<br \/>\nSimply airing the room overnight is sufficient.<br \/>\nRobust:<br \/>\n20% polyacrylic is incorporated into the knitted fabric, which significantly increases its durability and shape retention.<br \/>\nThe knitted fabric is seawater-resistant and can withstand contact with salt water.<br \/>\nStrong character:<br \/>\nOur popular sailor troyer with the characteristic knitted pattern is carefully finished in detail with beautiful, knitted seam details.<br \/>\nSuitable for everyday use:<br \/>\nThanks to its minimalist and timeless design, Hinnerk is ideal for combining with jeans and boots in your free time. Material: 80% virgin wool, 20% polyacrylic<\/p>","protected":false},"excerpt":{"rendered":"<p>Entspannt: Der l\u00e4ssige Seemannstroyer hat eine k\u00f6rpernahe Passform mit doppelt gestricktem Stehkragen. Er sitzt angenehm locker und entspannt f\u00fcr eine optimale Bewegungsfreiheit. Der Troyer ist nach unten etwas l\u00e4nger geschnitten als normal. Dadurch wird auch bei gebeugter oder kniender Haltung der R\u00fcckenbereich sauber abgedeckt, was insbesondere an k\u00e4lteren Tagen sehr angenehm ist.Der Kragen schmiegt sich [&hellip;]<\/p>\n","protected":false},"featured_media":672100,"template":"","meta":[],"product_brand":[],"product_cat":[4191],"product_tag":[],"class_list":{"0":"post-608690","1":"product","2":"type-product","3":"status-publish","4":"has-post-thumbnail","6":"product_cat-longsleeves-sweatshirts","7":"pa_brand-fhb","8":"pa_brand-type-workwear","9":"pa_filter-color-anthrazit","10":"pa_filter-color-braun","11":"pa_filter-color-grau","12":"pa_filter-color-marine","13":"pa_filter-color-schwarz","15":"first","16":"instock","17":"sale","18":"taxable","19":"shipping-taxable","20":"purchasable","21":"product-type-variable","22":"add-to-wishlist-before_image"},"exclude_global_add_ons":[],"addons":[],"acf":[],"_links":{"self":[{"href":"https:\/\/shop.kustom.ch\/en\/wp-json\/wp\/v2\/product\/608690"}],"collection":[{"href":"https:\/\/shop.kustom.ch\/en\/wp-json\/wp\/v2\/product"}],"about":[{"href":"https:\/\/shop.kustom.ch\/en\/wp-json\/wp\/v2\/types\/product"}],"wp:featuredmedia":[{"embeddable":true,"href":"https:\/\/shop.kustom.ch\/en\/wp-json\/wp\/v2\/media\/672100"}],"wp:attachment":[{"href":"https:\/\/shop.kustom.ch\/en\/wp-json\/wp\/v2\/media?parent=608690"}],"wp:term":[{"taxonomy":"product_brand","embeddable":true,"href":"https:\/\/shop.kustom.ch\/en\/wp-json\/wp\/v2\/product_brand?post=608690"},{"taxonomy":"product_cat","embeddable":true,"href":"https:\/\/shop.kustom.ch\/en\/wp-json\/wp\/v2\/product_cat?post=608690"},{"taxonomy":"product_tag","embeddable":true,"href":"https:\/\/shop.kustom.ch\/en\/wp-json\/wp\/v2\/product_tag?post=608690"}],"curies":[{"name":"wp","href":"https:\/\/api.w.org\/{rel}","templated":true}]}}