{"id":608458,"date":"2025-03-05T05:01:34","date_gmt":"2025-03-05T04:01:34","guid":{"rendered":"https:\/\/shop.kustom.ch\/?post_type=product&#038;p=608458"},"modified":"2026-04-01T07:23:44","modified_gmt":"2026-04-01T06:23:44","slug":"fhb-original-hilde-zunftweste-genuacord","status":"publish","type":"product","link":"https:\/\/shop.kustom.ch\/en\/product\/fhb-original-hilde-zunftweste-genuacord\/","title":{"rendered":"HILDE guild waistcoat Genuacord"},"content":{"rendered":"<p>Fit:<br \/>\nLoose fit, slightly tapered, short back, new fit with more functionality.<br \/>\nHilde now has a slightly wider cut for unrestricted freedom of movement and an ergonomic neckline.<br \/>\nHilde's neckline has been optimised and is now lower at the neck, which means that the waistcoat does not rub when you move.<br \/>\nWidth adjustment:<br \/>\n2 back buckle straps to individually adjust the width of the waistcoat.<br \/>\nButtons:<br \/>\nTraditional double-breasted, eight-button, imitation mother-of-pearl buttons.<br \/>\nBags:<br \/>\n1 front mobile phone pocket with zip.1 high-quality YKK zip with twisted chain (on the inside): Protects against dirt and chips do not get stuck.2 open outside pockets.1 inside pocket with zip.<br \/>\n:<br \/>\nProcessing:<br \/>\nThe buttons are sewn onto a handle and then wrapped under tension with a special, elasticated heat-setting thread known as Ascolite.<br \/>\nThis Ascolite process was developed to solve the problem of buttons coming off and to increase the durability of guild waistcoats.<br \/>\nProduct family:<br \/>\nHilde is part of a large product family of guild waistcoats and guild trousers for men and women in the same design and the same outer material.<br \/>\nSo you can dress yourself or an entire team from a single mould.<br \/>\nYour logo:<br \/>\nGood finishing options to place your logo perfectly. Material: 70% cotton, 30% polyester<\/p>","protected":false},"excerpt":{"rendered":"<p>Passform: Lockere Passform, leicht tailliert.Kurzer R\u00fccken.Neue Passform mit mehr Funktionalit\u00e4t. Hilde ist jetzt etwas weiter geschnitten, f\u00fcr eine uneingeschr\u00e4nkte Bewegungsfreiheit.Ergonomischer Halsausschnitt. Der Ausschnitt wurde bei Hilde optimiert und ist jetzt halsferner, wodurch die Weste in der Bewegung nicht reibt. Weitenregulierung: 2 R\u00fcckenschnallgurte, um die Weite der Weste individuell anpassen zu k\u00f6nnen. Kn\u00f6pfe: Traditionell zweireihig, achtkn\u00f6pfig.Perlmuttimitatkn\u00f6pfe. [&hellip;]<\/p>\n","protected":false},"featured_media":672098,"template":"","meta":[],"product_brand":[],"product_cat":[4208],"product_tag":[],"class_list":{"0":"post-608458","1":"product","2":"type-product","3":"status-publish","4":"has-post-thumbnail","6":"product_cat-westen","7":"pa_brand-fhb","8":"pa_brand-type-workwear","9":"pa_filter-color-beige","10":"pa_filter-color-schwarz","12":"first","13":"instock","14":"sale","15":"taxable","16":"shipping-taxable","17":"purchasable","18":"product-type-variable","19":"add-to-wishlist-before_image"},"exclude_global_add_ons":[],"addons":[],"acf":[],"_links":{"self":[{"href":"https:\/\/shop.kustom.ch\/en\/wp-json\/wp\/v2\/product\/608458"}],"collection":[{"href":"https:\/\/shop.kustom.ch\/en\/wp-json\/wp\/v2\/product"}],"about":[{"href":"https:\/\/shop.kustom.ch\/en\/wp-json\/wp\/v2\/types\/product"}],"wp:featuredmedia":[{"embeddable":true,"href":"https:\/\/shop.kustom.ch\/en\/wp-json\/wp\/v2\/media\/672098"}],"wp:attachment":[{"href":"https:\/\/shop.kustom.ch\/en\/wp-json\/wp\/v2\/media?parent=608458"}],"wp:term":[{"taxonomy":"product_brand","embeddable":true,"href":"https:\/\/shop.kustom.ch\/en\/wp-json\/wp\/v2\/product_brand?post=608458"},{"taxonomy":"product_cat","embeddable":true,"href":"https:\/\/shop.kustom.ch\/en\/wp-json\/wp\/v2\/product_cat?post=608458"},{"taxonomy":"product_tag","embeddable":true,"href":"https:\/\/shop.kustom.ch\/en\/wp-json\/wp\/v2\/product_tag?post=608458"}],"curies":[{"name":"wp","href":"https:\/\/api.w.org\/{rel}","templated":true}]}}