{"id":608279,"date":"2025-03-05T04:58:58","date_gmt":"2025-03-05T03:58:58","guid":{"rendered":"https:\/\/shop.kustom.ch\/?post_type=product&#038;p=608279"},"modified":"2026-04-01T07:35:48","modified_gmt":"2026-04-01T06:35:48","slug":"fhb-original-greta-zunfthose-genuacord","status":"publish","type":"product","link":"https:\/\/shop.kustom.ch\/en\/product\/fhb-original-greta-zunfthose-genuacord\/","title":{"rendered":"GRETA guild trousers Genuacord"},"content":{"rendered":"<p>Fit:<br \/>\nThe waistband is wider than on normal trousers, which ensures that the trousers fit well and stay in place even when moving.<br \/>\nThe flaps with hooks and eyelets behind the zips ensure a stable fit and prevent them from slipping during movement.<br \/>\nFoot width circumference:<br \/>\n38 cm<br \/>\nWidth adjustment:<br \/>\nThe waist size of the trousers can be individually adjusted with 2 buckle straps.<br \/>\nBags:<br \/>\nFolding rule pockets on both sides of the trousers.<br \/>\nThis means that the folding rule and pencil are always within easy reach with the right or left hand.<br \/>\nFront pockets on both sides of the trousers with wide, easily accessible pocket openings.<br \/>\nThe large pocket pouches are made from a strong, hard-wearing pocket lining (300 g\/m\u00b2).1 back pocket.The belt loops have the appropriate spacing for the FHB Max and Moritz holster pockets.<br \/>\nZip fasteners:<br \/>\nThe silver-coloured and extra-wide zips from YKK with solid end pieces are particularly robust and durable.<br \/>\nProcessing:<br \/>\nRobust, double-stitched seat seams reinforce the trousers for extra durability.<br \/>\nDouble-stitched faux leather corners protect the bag corners from tearing even under high loads, and we also use a particularly tear-resistant yarn with a cotton coating and a polyester core. bag edges made of hard-wearing faux leather reinforce the bag opening and protect against premature wear.<br \/>\nProduct family:<br \/>\nGreta is part of a large product family of guild trousers and guild waistcoats for men and women in the same design and outer material.<br \/>\nSo you can dress yourself or an entire team from a single mould.<br \/>\nYour logo:<br \/>\nGood finishing options to place your logo perfectly. Material: 70% cotton, 30% polyester<\/p>","protected":false},"excerpt":{"rendered":"<p>Passform: Die Zunfthose ist bequem geschnitten und sitzt angenehm locker.Der Hosenbund ist breiter als bei normalen Hosen, was daf\u00fcr sorgt, dass die Hose gut sitzt und auch in der Bewegung da bleibt, wo sie hingeh\u00f6rt. Zudem ist der Bund formstabil und sitzt immer so wie am ersten Tag.Die Klappen mit Haken und \u00d6sen hinter den [&hellip;]<\/p>\n","protected":false},"featured_media":672061,"template":"","meta":[],"product_brand":[],"product_cat":[4185],"product_tag":[],"class_list":{"0":"post-608279","1":"product","2":"type-product","3":"status-publish","4":"has-post-thumbnail","6":"product_cat-hosen","7":"pa_brand-fhb","8":"pa_brand-type-workwear","9":"pa_filter-color-schwarz","11":"first","12":"instock","13":"sale","14":"taxable","15":"shipping-taxable","16":"purchasable","17":"product-type-variable","18":"add-to-wishlist-before_image"},"exclude_global_add_ons":[],"addons":[],"acf":[],"_links":{"self":[{"href":"https:\/\/shop.kustom.ch\/en\/wp-json\/wp\/v2\/product\/608279"}],"collection":[{"href":"https:\/\/shop.kustom.ch\/en\/wp-json\/wp\/v2\/product"}],"about":[{"href":"https:\/\/shop.kustom.ch\/en\/wp-json\/wp\/v2\/types\/product"}],"wp:featuredmedia":[{"embeddable":true,"href":"https:\/\/shop.kustom.ch\/en\/wp-json\/wp\/v2\/media\/672061"}],"wp:attachment":[{"href":"https:\/\/shop.kustom.ch\/en\/wp-json\/wp\/v2\/media?parent=608279"}],"wp:term":[{"taxonomy":"product_brand","embeddable":true,"href":"https:\/\/shop.kustom.ch\/en\/wp-json\/wp\/v2\/product_brand?post=608279"},{"taxonomy":"product_cat","embeddable":true,"href":"https:\/\/shop.kustom.ch\/en\/wp-json\/wp\/v2\/product_cat?post=608279"},{"taxonomy":"product_tag","embeddable":true,"href":"https:\/\/shop.kustom.ch\/en\/wp-json\/wp\/v2\/product_tag?post=608279"}],"curies":[{"name":"wp","href":"https:\/\/api.w.org\/{rel}","templated":true}]}}