{"id":608178,"date":"2025-03-05T04:57:37","date_gmt":"2025-03-05T03:57:37","guid":{"rendered":"https:\/\/shop.kustom.ch\/?post_type=product&#038;p=608178"},"modified":"2026-04-01T07:05:21","modified_gmt":"2026-04-01T06:05:21","slug":"fhb-original-hauke-arbeitsweste","status":"publish","type":"product","link":"https:\/\/shop.kustom.ch\/en\/product\/fhb-original-hauke-arbeitsweste\/","title":{"rendered":"HAUKE work waistcoat"},"content":{"rendered":"<p>Fit:<br \/>\nHauke has a loose and straight cut.<br \/>\nThe specially shaped arm openings guarantee maximum freedom of movement and comfort, while the back is slightly longer and covers the back area even when bent or kneeling, which is particularly pleasant on colder days.<br \/>\nHigh collar:<br \/>\nThe high-closing collar protects against the cold wind.<br \/>\nPleasantly soft, warming micro-fleece is used for the inner collar.<br \/>\nPatented FHB press stud collar fastener.<br \/>\nBags:<br \/>\n2 large side pockets with wide opening.<br \/>\nThe pockets have a zip fastener and hard-wearing pocket bags made of sturdy outer fabric.<br \/>\n1 closable chest pocket with zip.2 flap pockets with Velcro fastening in the chest area.<br \/>\nThe flaps are retractable.2 inside pockets.<br \/>\nOn the left side for a smartphone and on the right side for a tablet.<br \/>\nWidth adjustment:<br \/>\nThe waistband at the bottom can be adjusted to the ideal width with a drawstring and fastened with stoppers.<br \/>\nThis ensures that the jacket fits well and that no unpleasant cold can penetrate.<br \/>\nFunctional zip fasteners:<br \/>\nConcealed, very smooth-running front zip from YKK, extended zip so that the zip is easy to operate even when wearing gloves.<br \/>\nThe zip is softly shaped and has grip on the inside.<br \/>\nShoulder seam:<br \/>\nThe<br \/>\n:<br \/>\nHauke's shoulder seam is routed to the side.<br \/>\nThe advantage: if you carry a bag or a wooden beam on your shoulder, there is no uncomfortable pressure point.<br \/>\nMidlayer:<br \/>\nYou can wear this versatile gilet as an extra layer of warmth under another jacket on cooler days.<br \/>\nThe advantage of a waistcoat as a midlayer is that the arms don't add too much bulk and therefore don't restrict your movement.<br \/>\nYour logo:<br \/>\nGood decoration options on both sides of the chest and the back. Material: 100% polyester<\/p>","protected":false},"excerpt":{"rendered":"<p>Passform: Hauke ist locker und gerade geschnitten. Die speziell geformten Arm\u00f6ffnungen garantieren maximale Bewegungsfreiheit und angenehmen Tragekomfort.Der R\u00fccken ist leicht verl\u00e4ngert und deckt auch bei gebeugter oder kniender Haltung den R\u00fcckbereich sauber ab, was insbesondere an k\u00e4lteren Tagen sehr angenehm ist. Hochschliessender Kragen: Der hochschliessende Kragen sch\u00fctzt vor kaltem Wind. Beim Innenkragen wird angenehm weiches, [&hellip;]<\/p>\n","protected":false},"featured_media":672073,"template":"","meta":[],"product_brand":[],"product_cat":[4208],"product_tag":[],"class_list":{"0":"post-608178","1":"product","2":"type-product","3":"status-publish","4":"has-post-thumbnail","6":"product_cat-westen","7":"pa_brand-fhb","8":"pa_brand-type-workwear","9":"pa_filter-color-anthrazit-schwarz","10":"pa_filter-color-beige-schwarz","11":"pa_filter-color-grau-schwarz","12":"pa_filter-color-gruen-schwarz","13":"pa_filter-color-marine-schwarz","14":"pa_filter-color-oliv-schwarz","15":"pa_filter-color-rot-schwarz","16":"pa_filter-color-royalblau-schwarz","17":"pa_filter-color-schwarz","18":"pa_filter-color-weiss-anthrazit","20":"first","21":"instock","22":"sale","23":"taxable","24":"shipping-taxable","25":"purchasable","26":"product-type-variable","27":"add-to-wishlist-before_image"},"exclude_global_add_ons":[],"addons":[],"acf":[],"_links":{"self":[{"href":"https:\/\/shop.kustom.ch\/en\/wp-json\/wp\/v2\/product\/608178"}],"collection":[{"href":"https:\/\/shop.kustom.ch\/en\/wp-json\/wp\/v2\/product"}],"about":[{"href":"https:\/\/shop.kustom.ch\/en\/wp-json\/wp\/v2\/types\/product"}],"wp:featuredmedia":[{"embeddable":true,"href":"https:\/\/shop.kustom.ch\/en\/wp-json\/wp\/v2\/media\/672073"}],"wp:attachment":[{"href":"https:\/\/shop.kustom.ch\/en\/wp-json\/wp\/v2\/media?parent=608178"}],"wp:term":[{"taxonomy":"product_brand","embeddable":true,"href":"https:\/\/shop.kustom.ch\/en\/wp-json\/wp\/v2\/product_brand?post=608178"},{"taxonomy":"product_cat","embeddable":true,"href":"https:\/\/shop.kustom.ch\/en\/wp-json\/wp\/v2\/product_cat?post=608178"},{"taxonomy":"product_tag","embeddable":true,"href":"https:\/\/shop.kustom.ch\/en\/wp-json\/wp\/v2\/product_tag?post=608178"}],"curies":[{"name":"wp","href":"https:\/\/api.w.org\/{rel}","templated":true}]}}