{"id":608077,"date":"2025-03-05T04:56:12","date_gmt":"2025-03-05T03:56:12","guid":{"rendered":"https:\/\/shop.kustom.ch\/?post_type=product&#038;p=608077"},"modified":"2026-04-01T07:42:13","modified_gmt":"2026-04-01T06:42:13","slug":"wilh-boetticher-veit-charlottenburger","status":"publish","type":"product","link":"https:\/\/shop.kustom.ch\/en\/product\/wilh-boetticher-veit-charlottenburger\/","title":{"rendered":"VEIT Charlottenburger"},"content":{"rendered":"<p>The robust cotton cloth is traditionally used instead of a rucksack to store the travelling journeymen's belongings, and the large cloth is knotted into a bundle and offers enough storage space for the necessary tools, underwear, shirts and washing kit.How to fold the Charlottenburger correctly is a well-kept secret that the travelling journeymen pass on to each other, and the cloth is passed on among the journeymen, printed with the traditional Boetticher design.<br \/>\nThe journeyman's special cloth is also known as Berliner or Charly.<br \/>\nMass:<br \/>\n76 x 76 cm.<\/p>","protected":false},"excerpt":{"rendered":"<p>Das robuste Baumwolltuch wird traditionell anstatt einem Rucksack auf der Walz verwendet, um das Hab und Gut der Wandergesellen zu verstauen.Das grosse Tuch wird zu einem B\u00fcndel geknotet und bietet gen\u00fcgend Stauraum f\u00fcr das n\u00f6tige Werkzeug, Unterw\u00e4sche, Hemden und Waschzeug.Wie man den Charlottenburger richtig faltet, ist ein gut geh\u00fctetes Geheimnis, das sich die reisenden Zunftgesellen [&hellip;]<\/p>\n","protected":false},"featured_media":672331,"template":"","meta":[],"product_brand":[],"product_cat":[4209],"product_tag":[],"class_list":{"0":"post-608077","1":"product","2":"type-product","3":"status-publish","4":"has-post-thumbnail","6":"product_cat-zubehoer","7":"pa_brand-fhb","8":"pa_brand-type-workwear","9":"pa_filter-color-rot","11":"first","12":"instock","13":"sale","14":"taxable","15":"shipping-taxable","16":"purchasable","17":"product-type-variable","18":"add-to-wishlist-before_image"},"exclude_global_add_ons":[],"addons":[],"acf":[],"_links":{"self":[{"href":"https:\/\/shop.kustom.ch\/en\/wp-json\/wp\/v2\/product\/608077"}],"collection":[{"href":"https:\/\/shop.kustom.ch\/en\/wp-json\/wp\/v2\/product"}],"about":[{"href":"https:\/\/shop.kustom.ch\/en\/wp-json\/wp\/v2\/types\/product"}],"wp:featuredmedia":[{"embeddable":true,"href":"https:\/\/shop.kustom.ch\/en\/wp-json\/wp\/v2\/media\/672331"}],"wp:attachment":[{"href":"https:\/\/shop.kustom.ch\/en\/wp-json\/wp\/v2\/media?parent=608077"}],"wp:term":[{"taxonomy":"product_brand","embeddable":true,"href":"https:\/\/shop.kustom.ch\/en\/wp-json\/wp\/v2\/product_brand?post=608077"},{"taxonomy":"product_cat","embeddable":true,"href":"https:\/\/shop.kustom.ch\/en\/wp-json\/wp\/v2\/product_cat?post=608077"},{"taxonomy":"product_tag","embeddable":true,"href":"https:\/\/shop.kustom.ch\/en\/wp-json\/wp\/v2\/product_tag?post=608077"}],"curies":[{"name":"wp","href":"https:\/\/api.w.org\/{rel}","templated":true}]}}