{"id":607383,"date":"2025-03-05T04:48:28","date_gmt":"2025-03-05T03:48:28","guid":{"rendered":"https:\/\/shop.kustom.ch\/?post_type=product&#038;p=607383"},"modified":"2026-04-01T07:21:54","modified_gmt":"2026-04-01T06:21:54","slug":"fhb-original-eckhard-latzhose","status":"publish","type":"product","link":"https:\/\/shop.kustom.ch\/en\/product\/fhb-original-eckhard-latzhose\/","title":{"rendered":"ECKHARD dungarees"},"content":{"rendered":"<p>Fit:<br \/>\nExtra comfortable, casual fit with plenty of room and freedom of movement.<br \/>\nEckhard has a straight cut and sits loosely on the body, with higher sides than normal waistband trousers to protect the kidneys.<br \/>\nT-shirt and sweatshirt are therefore always tucked neatly into the dungarees.<br \/>\nThe wedge inserted at the side is particularly elasticated and stretches comfortably when you put them on, making them much more comfortable when you move around at work and during your lunch break.<br \/>\nBraces:<br \/>\nThe elasticated braces are adjustable in length to ensure a comfortable fit at all times and the robust plastic YKK buckle is particularly flat, fits securely and does not rattle when you move.<br \/>\nThe carrier tape is particularly dimensionally stable and does not warp even after frequent washing.<br \/>\nThe end of the strap can be passed through a tab on the back of the bib to secure it in place.<br \/>\nThis means it is always concealed.<br \/>\nBags:<br \/>\nOn the front of the bib there is a large flap pocket with a Velcro fastener and a separate compartment for 2 pens, while the two large back pockets are covered with a flap.<br \/>\n2 side slit pockets at the front with wide opening.<br \/>\nFixed pocket bag made of hard-wearing outer fabric (300 g\/m\u00b2).ruler pockets on the right and left.mobile phone pocket on the right.the belt loops have the right distance for the FHB Max and Moritz holster bags.<br \/>\nKnee pad pockets:<br \/>\nThe FHB knee pads can simply be slid into the pre-shaped knee pad pockets from below.<br \/>\nProcessing:<br \/>\nTriple-stitched crotch seams reinforce the trousers and extend their service life.<br \/>\nWhite contrasting bars to reinforce the pocket corners.<br \/>\nSuper large sizes:<br \/>\nSuper-large sizes are in stock as standard.<br \/>\nThis means no waiting times.<br \/>\nThe same applies here: all sizes - one price.<br \/>\nTrouser shortening:<br \/>\nCan be made to measure to shorten trousers for an extra charge. Material: 65% cotton, 35% polyester<\/p>","protected":false},"excerpt":{"rendered":"<p>Passform: Extra bequeme, l\u00e4ssige Passform mit reichlich Spielraum und Bewegungsfreiheit. Eckhard ist gerade geschnitten und sitzt locker am K\u00f6rper.Seitlich ist die Hose h\u00f6hergezogen als eine normale Bundhose, quasi als Nierenschutz. T-Shirt und Sweatshirt stecken somit immer ordentlich in der Latzhose. Der seitlich eingesetzte Keil ist besonders elastisch und dehnt sich komfortabel beim Anziehen, in der [&hellip;]<\/p>\n","protected":false},"featured_media":671969,"template":"","meta":[],"product_brand":[],"product_cat":[4185],"product_tag":[],"class_list":{"0":"post-607383","1":"product","2":"type-product","3":"status-publish","4":"has-post-thumbnail","6":"product_cat-hosen","7":"pa_brand-fhb","8":"pa_brand-type-workwear","9":"pa_filter-color-anthrazit-schwarz","10":"pa_filter-color-beige-schwarz","11":"pa_filter-color-grau-schwarz","12":"pa_filter-color-gruen-schwarz","13":"pa_filter-color-marine-schwarz","14":"pa_filter-color-oliv-schwarz","15":"pa_filter-color-rot-schwarz","16":"pa_filter-color-royalblau-schwarz","17":"pa_filter-color-schwarz","18":"pa_filter-color-weiss-anthrazit","20":"first","21":"instock","22":"sale","23":"taxable","24":"shipping-taxable","25":"purchasable","26":"product-type-variable","27":"add-to-wishlist-before_image"},"exclude_global_add_ons":[],"addons":[],"acf":[],"_links":{"self":[{"href":"https:\/\/shop.kustom.ch\/en\/wp-json\/wp\/v2\/product\/607383"}],"collection":[{"href":"https:\/\/shop.kustom.ch\/en\/wp-json\/wp\/v2\/product"}],"about":[{"href":"https:\/\/shop.kustom.ch\/en\/wp-json\/wp\/v2\/types\/product"}],"wp:featuredmedia":[{"embeddable":true,"href":"https:\/\/shop.kustom.ch\/en\/wp-json\/wp\/v2\/media\/671969"}],"wp:attachment":[{"href":"https:\/\/shop.kustom.ch\/en\/wp-json\/wp\/v2\/media?parent=607383"}],"wp:term":[{"taxonomy":"product_brand","embeddable":true,"href":"https:\/\/shop.kustom.ch\/en\/wp-json\/wp\/v2\/product_brand?post=607383"},{"taxonomy":"product_cat","embeddable":true,"href":"https:\/\/shop.kustom.ch\/en\/wp-json\/wp\/v2\/product_cat?post=607383"},{"taxonomy":"product_tag","embeddable":true,"href":"https:\/\/shop.kustom.ch\/en\/wp-json\/wp\/v2\/product_tag?post=607383"}],"curies":[{"name":"wp","href":"https:\/\/api.w.org\/{rel}","templated":true}]}}