{"id":607202,"date":"2025-03-05T04:46:20","date_gmt":"2025-03-05T03:46:20","guid":{"rendered":"https:\/\/shop.kustom.ch\/?post_type=product&#038;p=607202"},"modified":"2026-04-01T07:06:17","modified_gmt":"2026-04-01T06:06:17","slug":"fhb-original-theo-bermuda","status":"publish","type":"product","link":"https:\/\/shop.kustom.ch\/en\/product\/fhb-original-theo-bermuda\/","title":{"rendered":"THEO Bermuda"},"content":{"rendered":"<p>Fit:<br \/>\nExtra comfortable, casual fit with plenty of room and freedom of movement.<br \/>\nTheo has a relaxed cut and sits loosely on the thighs, while the wide belt loop at the back ensures the trousers fit well.<br \/>\nProcessing:<br \/>\nTriple-stitched crotch seams reinforce the trousers and extend their service life.<br \/>\nWhite contrasting bars to reinforce the pocket corners.<br \/>\nBags:<br \/>\n2 side slit pockets at the front with wide volume pocket openings.<br \/>\nFixed pocket bag made of hard-wearing outer fabric (300 g\/m\u00b2).2 spacious back flap pockets with volume gusset and Velcro fastener.Folding rule pockets on the right and leftMobile phone pocket on the rightThe belt loops have the right spacing for the FHB Max and Moritz holster pockets.<br \/>\nSuper large sizes:<br \/>\nSuper-large sizes are in stock as standard.<br \/>\nThis means no waiting times.<br \/>\nThe same applies here: all sizes - one price. Material: 65% cotton, 35% polyester<\/p>","protected":false},"excerpt":{"rendered":"<p>Passform: Extra bequeme, l\u00e4ssige Passform mit reichlich Spielraum und Bewegungsfreiheit. Theo ist entspannt geschnitten und sitzt locker an den Oberschenkeln.Die breite G\u00fcrtelschlaufe hinten f\u00f6rdert den guten Sitz der Hose. Verarbeitung: 3-fach-gesteppte Schrittn\u00e4hte verst\u00e4rken die Hose und verl\u00e4ngern die Lebensdauer. Weisse Kontrastriegel zur Verst\u00e4rkung an den Taschenecken. Taschen: 2 seitliche Schubtaschen vorne mit breitem Volumentascheneingriff. Feste [&hellip;]<\/p>\n","protected":false},"featured_media":672301,"template":"","meta":[],"product_brand":[],"product_cat":[4185],"product_tag":[],"class_list":{"0":"post-607202","1":"product","2":"type-product","3":"status-publish","4":"has-post-thumbnail","6":"product_cat-hosen","7":"pa_brand-fhb","8":"pa_brand-type-workwear","9":"pa_filter-color-anthrazit-schwarz","10":"pa_filter-color-beige-schwarz","11":"pa_filter-color-grau-schwarz","12":"pa_filter-color-gruen-schwarz","13":"pa_filter-color-marine-schwarz","14":"pa_filter-color-oliv-schwarz","15":"pa_filter-color-rot-schwarz","16":"pa_filter-color-royalblau-schwarz","17":"pa_filter-color-schwarz","18":"pa_filter-color-weiss-anthrazit","20":"first","21":"instock","22":"sale","23":"taxable","24":"shipping-taxable","25":"purchasable","26":"product-type-variable","27":"add-to-wishlist-before_image"},"exclude_global_add_ons":[],"addons":[],"acf":[],"_links":{"self":[{"href":"https:\/\/shop.kustom.ch\/en\/wp-json\/wp\/v2\/product\/607202"}],"collection":[{"href":"https:\/\/shop.kustom.ch\/en\/wp-json\/wp\/v2\/product"}],"about":[{"href":"https:\/\/shop.kustom.ch\/en\/wp-json\/wp\/v2\/types\/product"}],"wp:featuredmedia":[{"embeddable":true,"href":"https:\/\/shop.kustom.ch\/en\/wp-json\/wp\/v2\/media\/672301"}],"wp:attachment":[{"href":"https:\/\/shop.kustom.ch\/en\/wp-json\/wp\/v2\/media?parent=607202"}],"wp:term":[{"taxonomy":"product_brand","embeddable":true,"href":"https:\/\/shop.kustom.ch\/en\/wp-json\/wp\/v2\/product_brand?post=607202"},{"taxonomy":"product_cat","embeddable":true,"href":"https:\/\/shop.kustom.ch\/en\/wp-json\/wp\/v2\/product_cat?post=607202"},{"taxonomy":"product_tag","embeddable":true,"href":"https:\/\/shop.kustom.ch\/en\/wp-json\/wp\/v2\/product_tag?post=607202"}],"curies":[{"name":"wp","href":"https:\/\/api.w.org\/{rel}","templated":true}]}}