{"id":606763,"date":"2025-03-05T04:41:33","date_gmt":"2025-03-05T03:41:33","guid":{"rendered":"https:\/\/shop.kustom.ch\/?post_type=product&#038;p=606763"},"modified":"2026-04-01T07:10:00","modified_gmt":"2026-04-01T06:10:00","slug":"fhb-original-bruno-arbeitshose","status":"publish","type":"product","link":"https:\/\/shop.kustom.ch\/en\/product\/fhb-original-bruno-arbeitshose\/","title":{"rendered":"BRUNO work trousers"},"content":{"rendered":"<p>Fit:<br \/>\nExtra comfortable, casual fit with plenty of room and freedom of movement.<br \/>\nBruno has a straight cut and sits loosely on the body, while the wide belt loop at the back ensures the trousers fit well.<br \/>\nKnee pad pockets:<br \/>\nThe FHB knee pads can simply be slid into the pre-shaped knee pad pockets from below.<br \/>\nProcessing:<br \/>\nTriple-stitched crotch seams reinforce the trousers and extend their service life.<br \/>\nWhite contrasting bars to reinforce the pocket corners.<br \/>\nBags:<br \/>\n2 side slit pockets at the front with wide volume pocket openings.<br \/>\nFixed pocket bag made of hard-wearing outer fabric in full-twist quality (300 g\/m\u00b2).2 spacious back flap pockets with volume gusset.<br \/>\nThe elasticated flaps are fixed.<br \/>\nFolding rule pockets right and leftMobile phone pocket rightThe belt loops have the right distance for the FHB Max and Moritz holster pockets.<br \/>\nSuper large sizes:<br \/>\nSuper-large sizes are in stock as standard.<br \/>\nThis means no waiting times.<br \/>\nThe same applies here: all sizes - one price.<br \/>\nTrouser lengthening and shortening:<br \/>\nThe trousers can be extended by an intermediate size without sewing.<br \/>\nTo do this, simply cut open a seam in the hem, e.g. with a cutter.<br \/>\nDone.<br \/>\nThanks to the double finish, the extended trousers also have a perfect hem.<br \/>\nIt does not need to be sewn and can be made to measure to shorten trousers for an extra charge. Material: 65% cotton, 35% polyester<\/p>","protected":false},"excerpt":{"rendered":"<p>Passform: Extra bequeme, l\u00e4ssige Passform mit reichlich Spielraum und Bewegungsfreiheit. Bruno ist gerade geschnitten und sitzt locker am K\u00f6rper.Die breite G\u00fcrtelschlaufe hinten f\u00f6rdert den guten Sitz der Hose. Kniepolstertaschen: Die FHB-Kniepolster k\u00f6nnen einfach von unten in die vorgeformten Kniepolstertaschen eingeschoben werden. Verarbeitung: 3fach-gesteppten Schrittn\u00e4hte verst\u00e4rken die Hose und verl\u00e4ngern die Lebensdauer. Weisse Kontrastriegel zur Verst\u00e4rkung [&hellip;]<\/p>\n","protected":false},"featured_media":671923,"template":"","meta":[],"product_brand":[],"product_cat":[4185],"product_tag":[],"class_list":{"0":"post-606763","1":"product","2":"type-product","3":"status-publish","4":"has-post-thumbnail","6":"product_cat-hosen","7":"pa_brand-fhb","8":"pa_brand-type-workwear","9":"pa_filter-color-anthrazit-schwarz","10":"pa_filter-color-beige-schwarz","11":"pa_filter-color-grau-schwarz","12":"pa_filter-color-gruen-schwarz","13":"pa_filter-color-marine-schwarz","14":"pa_filter-color-oliv-schwarz","15":"pa_filter-color-rot-schwarz","16":"pa_filter-color-royalblau-schwarz","17":"pa_filter-color-schwarz","18":"pa_filter-color-weiss-anthrazit","20":"first","21":"instock","22":"sale","23":"taxable","24":"shipping-taxable","25":"purchasable","26":"product-type-variable","27":"add-to-wishlist-before_image"},"exclude_global_add_ons":[],"addons":[],"acf":[],"_links":{"self":[{"href":"https:\/\/shop.kustom.ch\/en\/wp-json\/wp\/v2\/product\/606763"}],"collection":[{"href":"https:\/\/shop.kustom.ch\/en\/wp-json\/wp\/v2\/product"}],"about":[{"href":"https:\/\/shop.kustom.ch\/en\/wp-json\/wp\/v2\/types\/product"}],"wp:featuredmedia":[{"embeddable":true,"href":"https:\/\/shop.kustom.ch\/en\/wp-json\/wp\/v2\/media\/671923"}],"wp:attachment":[{"href":"https:\/\/shop.kustom.ch\/en\/wp-json\/wp\/v2\/media?parent=606763"}],"wp:term":[{"taxonomy":"product_brand","embeddable":true,"href":"https:\/\/shop.kustom.ch\/en\/wp-json\/wp\/v2\/product_brand?post=606763"},{"taxonomy":"product_cat","embeddable":true,"href":"https:\/\/shop.kustom.ch\/en\/wp-json\/wp\/v2\/product_cat?post=606763"},{"taxonomy":"product_tag","embeddable":true,"href":"https:\/\/shop.kustom.ch\/en\/wp-json\/wp\/v2\/product_tag?post=606763"}],"curies":[{"name":"wp","href":"https:\/\/api.w.org\/{rel}","templated":true}]}}