{"id":606588,"date":"2025-03-05T04:39:22","date_gmt":"2025-03-05T03:39:22","guid":{"rendered":"https:\/\/shop.kustom.ch\/?post_type=product&#038;p=606588"},"modified":"2026-04-01T07:06:41","modified_gmt":"2026-04-01T06:06:41","slug":"fhb-original-frank-arbeitsjacke-herren","status":"publish","type":"product","link":"https:\/\/shop.kustom.ch\/en\/product\/fhb-original-frank-arbeitsjacke-herren\/","title":{"rendered":"FRANK work jacket"},"content":{"rendered":"<p>Fit:<br \/>\nFrank has a loose cut.<br \/>\nThe ergonomic cut of the jacket was modelled on the anatomy of the body.<br \/>\nFor example, the sleeves are slightly pre-shaped and moulded to the body's natural posture.<br \/>\nThe back is slightly longer and covers the back area even when bent or kneeling, which is particularly comfortable on colder days.<br \/>\nElasticated inserts:<br \/>\nPerfect fit and mobility thanks to 3D Frinlock inserts in the shoulder area and on the jacket hem.<br \/>\nHigh collar:<br \/>\nThe high-closing collar protects against the cold wind.<br \/>\nThe chin guard (zipper garage) on the high collar prevents the closed zip from scratching.<br \/>\nBags:<br \/>\n2 large side pockets with wide opening.<br \/>\nThe pockets have a zip fastener and hard-wearing pocket bags made of sturdy outer fabric.<br \/>\n1 closable chest pocket with YKK zip.2 flap pockets with Velcro fastening in the chest area.<br \/>\nThe flaps are retractable and there is a pen pocket on the left arm for 4 pens.<br \/>\nWidth adjustment:<br \/>\nThe cuffs have a tab with a Velcro fastener to adjust the width.<br \/>\nFunctional zip fasteners:<br \/>\nVery smooth-running front zip from YKK, concealed with a storm flap, extended zip so that the zip is easy to operate even when wearing gloves.<br \/>\nThe zip is softly shaped and has grip on the inside.<br \/>\nProduct family:<br \/>\nFrank is part of a large product family of work trousers and work jackets for men and women in the same design and outer material.<br \/>\nYour logo:<br \/>\nGood finishing options on both sides of the chest, the back and on the sleeves. Material: 50% cotton, 50% polyester<\/p>","protected":false},"excerpt":{"rendered":"<p>Passform: Frank ist locker geschnitten. Der ergonomische Schnitt der Jacke wurde der Anatomie des K\u00f6rpers nachempfunden. So sind die \u00c4rmel leicht vorgeformt und entsprechend der nat\u00fcrlichen Haltung des K\u00f6rpers. Der R\u00fccken ist leicht verl\u00e4ngert und deckt auch bei gebeugter oder kniender Haltung den R\u00fcckenbereich sauber ab, was insbesondere an k\u00e4lteren Tagen sehr angenehm ist. Elastische [&hellip;]<\/p>\n","protected":false},"featured_media":672028,"template":"","meta":[],"product_brand":[],"product_cat":[4186],"product_tag":[],"class_list":{"0":"post-606588","1":"product","2":"type-product","3":"status-publish","4":"has-post-thumbnail","6":"product_cat-jacken","7":"pa_brand-fhb","8":"pa_brand-type-workwear","9":"pa_filter-color-anthrazit-schwarz","10":"pa_filter-color-beige-schwarz","11":"pa_filter-color-grau-schwarz","12":"pa_filter-color-gruen-schwarz","13":"pa_filter-color-marine-schwarz","14":"pa_filter-color-oliv-schwarz","15":"pa_filter-color-rot-schwarz","16":"pa_filter-color-royalblau-schwarz","17":"pa_filter-color-schwarz","18":"pa_filter-color-weiss-anthrazit","20":"first","21":"instock","22":"sale","23":"taxable","24":"shipping-taxable","25":"purchasable","26":"product-type-variable","27":"add-to-wishlist-before_image"},"exclude_global_add_ons":[],"addons":[],"acf":[],"_links":{"self":[{"href":"https:\/\/shop.kustom.ch\/en\/wp-json\/wp\/v2\/product\/606588"}],"collection":[{"href":"https:\/\/shop.kustom.ch\/en\/wp-json\/wp\/v2\/product"}],"about":[{"href":"https:\/\/shop.kustom.ch\/en\/wp-json\/wp\/v2\/types\/product"}],"wp:featuredmedia":[{"embeddable":true,"href":"https:\/\/shop.kustom.ch\/en\/wp-json\/wp\/v2\/media\/672028"}],"wp:attachment":[{"href":"https:\/\/shop.kustom.ch\/en\/wp-json\/wp\/v2\/media?parent=606588"}],"wp:term":[{"taxonomy":"product_brand","embeddable":true,"href":"https:\/\/shop.kustom.ch\/en\/wp-json\/wp\/v2\/product_brand?post=606588"},{"taxonomy":"product_cat","embeddable":true,"href":"https:\/\/shop.kustom.ch\/en\/wp-json\/wp\/v2\/product_cat?post=606588"},{"taxonomy":"product_tag","embeddable":true,"href":"https:\/\/shop.kustom.ch\/en\/wp-json\/wp\/v2\/product_tag?post=606588"}],"curies":[{"name":"wp","href":"https:\/\/api.w.org\/{rel}","templated":true}]}}