{"id":606335,"date":"2025-03-05T04:35:35","date_gmt":"2025-03-05T03:35:35","guid":{"rendered":"https:\/\/shop.kustom.ch\/?post_type=product&#038;p=606335"},"modified":"2026-04-01T07:07:35","modified_gmt":"2026-04-01T06:07:35","slug":"fhb-original-hugo-arbeitshose-kinder","status":"publish","type":"product","link":"https:\/\/shop.kustom.ch\/en\/product\/fhb-original-hugo-arbeitshose-kinder\/","title":{"rendered":"HUGO work trousers"},"content":{"rendered":"<p>Fit:<br \/>\nThe functional cut construction is moulded to the natural movements of the body.<br \/>\nIt is ergonomically adapted to the body for maximum freedom of movement.<br \/>\nPractical pockets:<br \/>\n1 ruler pocket on the right1 closable volume pocket on the left2 back pockets<br \/>\nWidth adjustment:<br \/>\nThe waistband is adjustable and can therefore be easily adapted to different body shapes and grow with the child for a certain period of time.<br \/>\nTrouser extension:<br \/>\nThe trousers can be lengthened by 4 cm without sewing, allowing them to grow quickly.<br \/>\nTo do this, simply undo a seam in the hem.<br \/>\nDone.<br \/>\nParticularly robust knee reinforcement:<br \/>\nKnee reinforcement made of 100% polyamide (CORDURA\u00ae) CORDURA\u00ae is a high-strength fabric that is particularly hard-wearing and abrasion-resistant thanks to a special weaving technique and coating.<br \/>\nThe material is also highly water-repellent.<br \/>\nSmall and large:<br \/>\nThe design and materials correspond to the work trousers for adults Florian (for men) and Alma (for women). Material: 50% cotton, 50% polyester<\/p>","protected":false},"excerpt":{"rendered":"<p>Passform: Die funktionelle Schnittkonstruktion ist nach den nat\u00fcrlichen Bewegungen des K\u00f6rpers geformt. Sie ist ergonomisch an den K\u00f6rper angepasst, f\u00fcr eine maximale Bewegungsfreiheit. Praktische Taschen: 1 Zollstocktasche rechts1 verschliessbare Volumentasche links2 Ges\u00e4sstaschen Weitenregulierung: Der Hosenbund ist verstellbar und kann so leicht an die unterschiedlichen K\u00f6rperformen angepasst werden und f\u00fcr eine bestimmte Zeit mitwachsen. Hosenverl\u00e4ngerung: Die [&hellip;]<\/p>\n","protected":false},"featured_media":672110,"template":"","meta":[],"product_brand":[],"product_cat":[4185],"product_tag":[],"class_list":{"0":"post-606335","1":"product","2":"type-product","3":"status-publish","4":"has-post-thumbnail","6":"product_cat-hosen","7":"pa_brand-fhb","8":"pa_brand-type-workwear","9":"pa_filter-color-anthrazit-schwarz","10":"pa_filter-color-gruen-schwarz","11":"pa_filter-color-marine-schwarz","12":"pa_filter-color-rot-schwarz","14":"first","15":"instock","16":"sale","17":"taxable","18":"shipping-taxable","19":"purchasable","20":"product-type-variable","21":"add-to-wishlist-before_image"},"exclude_global_add_ons":[],"addons":[],"acf":[],"_links":{"self":[{"href":"https:\/\/shop.kustom.ch\/en\/wp-json\/wp\/v2\/product\/606335"}],"collection":[{"href":"https:\/\/shop.kustom.ch\/en\/wp-json\/wp\/v2\/product"}],"about":[{"href":"https:\/\/shop.kustom.ch\/en\/wp-json\/wp\/v2\/types\/product"}],"wp:featuredmedia":[{"embeddable":true,"href":"https:\/\/shop.kustom.ch\/en\/wp-json\/wp\/v2\/media\/672110"}],"wp:attachment":[{"href":"https:\/\/shop.kustom.ch\/en\/wp-json\/wp\/v2\/media?parent=606335"}],"wp:term":[{"taxonomy":"product_brand","embeddable":true,"href":"https:\/\/shop.kustom.ch\/en\/wp-json\/wp\/v2\/product_brand?post=606335"},{"taxonomy":"product_cat","embeddable":true,"href":"https:\/\/shop.kustom.ch\/en\/wp-json\/wp\/v2\/product_cat?post=606335"},{"taxonomy":"product_tag","embeddable":true,"href":"https:\/\/shop.kustom.ch\/en\/wp-json\/wp\/v2\/product_tag?post=606335"}],"curies":[{"name":"wp","href":"https:\/\/api.w.org\/{rel}","templated":true}]}}