{"id":606012,"date":"2025-03-05T04:31:54","date_gmt":"2025-03-05T03:31:54","guid":{"rendered":"https:\/\/shop.kustom.ch\/?post_type=product&#038;p=606012"},"modified":"2026-04-01T07:09:14","modified_gmt":"2026-04-01T06:09:14","slug":"fhb-original-pascal-latzhose","status":"publish","type":"product","link":"https:\/\/shop.kustom.ch\/en\/product\/fhb-original-pascal-latzhose\/","title":{"rendered":"PASCAL dungarees"},"content":{"rendered":"<p>Fit:<br \/>\nThe sporty, modern cut design is moulded to the natural movements of the legs and ergonomically adapted to the body.<br \/>\nThe trousers are cut higher at the sides than normal waistband trousers, as kidney protection.<br \/>\nT-shirts and sweatshirts are always neatly stowed away in the dungarees, and the wedge incorporated at the side is particularly elastic and stretches when you put them on, when you are moving around at work and also when you are sitting more comfortably during your lunch break.<br \/>\nTo do this, simply cut open a seam in the hem - for example with a cutter knife.<br \/>\nDone.<br \/>\nBraces:<br \/>\nThe elasticated braces are adjustable in length and therefore always ensure a comfortable fit.The robust plastic plug fastener from YKK is particularly flat, has a stable fit and therefore does not rattle when you move.The strap is particularly dimensionally stable and does not become wavy.The end of the strap can be passed through a tab on the back of the bib and thus fixed in place.<br \/>\nThis means it is always concealed.<br \/>\nBags:<br \/>\nMobile phone, pen and folding rule pocket on both sides of the trousers.<br \/>\nThis means that items are always within easy reach with the right or left hand.<br \/>\nThe Cordura underlay on the side pockets prevents the tools from rubbing through the outer material.<br \/>\nLarge breast pocket with high-quality YKK zip on the front of the bib and separate compartment for 2 pens.<br \/>\nThe bottom of the pen compartment is reinforced with Cordura and the two wide back pockets with volume pleat are covered with a flap and the pocket bags are made of hard-wearing outer fabric (250g\/m\u00b2).<br \/>\nThe belt loops have the right distance for the FHB Max and Moritz holster bags.<br \/>\nKnee pad pockets:<br \/>\nKnee pad pockets made of 100% hard-wearing polyamide (Cordura) The knee pads can be easily inserted from above and the trousers fulfil the requirements of knee protection for work in a kneeling position type 2, performance level 1 according to DIN EN 14404:2004+A1:2010 in combination with the FHB Caspar knee pads certified for this purpose.<br \/>\nProcessing:<br \/>\nTriple-stitched seat seams reinforce the trousers and improve tear resistance. Material: 50% cotton, 50% polyester<\/p>","protected":false},"excerpt":{"rendered":"<p>Passform: Die sportlich-moderne Schnittkonstruktion ist den nat\u00fcrlichen Bewegungen der Beine geformt und dem K\u00f6rper ergonomisch angepasst. Seitlich ist die Hose h\u00f6her geschnitten als eine normale Bundhose, quasi als Nierenschutz. T-Shirt und Sweatshirt sind so immer ordentlich in der Latzhose verstaut.Der seitlich eingearbeitete Keil ist besonders elastisch und dehnt sich beim Anziehen, in der Bewegung beim [&hellip;]<\/p>\n","protected":false},"featured_media":672258,"template":"","meta":[],"product_brand":[],"product_cat":[4185],"product_tag":[],"class_list":{"0":"post-606012","1":"product","2":"type-product","3":"status-publish","4":"has-post-thumbnail","6":"product_cat-hosen","7":"pa_brand-fhb","8":"pa_brand-type-workwear","9":"pa_filter-color-anthrazit-schwarz","10":"pa_filter-color-beige-schwarz","11":"pa_filter-color-grau-schwarz","12":"pa_filter-color-gruen-schwarz","13":"pa_filter-color-marine-schwarz","14":"pa_filter-color-oliv-schwarz","15":"pa_filter-color-rot-schwarz","16":"pa_filter-color-royalblau-schwarz","17":"pa_filter-color-schwarz","18":"pa_filter-color-weiss-anthrazit","20":"first","21":"instock","22":"sale","23":"taxable","24":"shipping-taxable","25":"purchasable","26":"product-type-variable","27":"add-to-wishlist-before_image"},"exclude_global_add_ons":[],"addons":[],"acf":[],"_links":{"self":[{"href":"https:\/\/shop.kustom.ch\/en\/wp-json\/wp\/v2\/product\/606012"}],"collection":[{"href":"https:\/\/shop.kustom.ch\/en\/wp-json\/wp\/v2\/product"}],"about":[{"href":"https:\/\/shop.kustom.ch\/en\/wp-json\/wp\/v2\/types\/product"}],"wp:featuredmedia":[{"embeddable":true,"href":"https:\/\/shop.kustom.ch\/en\/wp-json\/wp\/v2\/media\/672258"}],"wp:attachment":[{"href":"https:\/\/shop.kustom.ch\/en\/wp-json\/wp\/v2\/media?parent=606012"}],"wp:term":[{"taxonomy":"product_brand","embeddable":true,"href":"https:\/\/shop.kustom.ch\/en\/wp-json\/wp\/v2\/product_brand?post=606012"},{"taxonomy":"product_cat","embeddable":true,"href":"https:\/\/shop.kustom.ch\/en\/wp-json\/wp\/v2\/product_cat?post=606012"},{"taxonomy":"product_tag","embeddable":true,"href":"https:\/\/shop.kustom.ch\/en\/wp-json\/wp\/v2\/product_tag?post=606012"}],"curies":[{"name":"wp","href":"https:\/\/api.w.org\/{rel}","templated":true}]}}