{"id":605248,"date":"2025-03-05T04:23:50","date_gmt":"2025-03-05T03:23:50","guid":{"rendered":"https:\/\/shop.kustom.ch\/?post_type=product&#038;p=605248"},"modified":"2026-04-01T07:14:33","modified_gmt":"2026-04-01T06:14:33","slug":"fhb-original-florian-arbeitshose","status":"publish","type":"product","link":"https:\/\/shop.kustom.ch\/en\/product\/fhb-original-florian-arbeitshose\/","title":{"rendered":"FLORIAN work trousers"},"content":{"rendered":"<p>Fit:<br \/>\nThe new functional cut construction is shaped according to the body's natural movements and is therefore ergonomically adapted to the body.<br \/>\nThe higher waistband at the back improves the wearing comfort and ensures that the back is also comfortably covered at the knees.<br \/>\nThe elasticated side gussets in the waistband ensure a high level of comfort.<br \/>\nAs a result, the trousers always fit comfortably even when moving and do not pinch.<br \/>\nThe trousers have an elasticated, breathable stretch insert in the crotch for great freedom of movement.<br \/>\nThis also prevents the trousers from tearing during fast movements.<br \/>\nThe trousers can be extended by an intermediate size without sewing.<br \/>\nTo do this, simply cut open a seam in the hem, e.g. with a cutter.<br \/>\nDone.<br \/>\nBags:<br \/>\nMobile phone, pen and folding rule pocket on both sides of the trousers.<br \/>\nThis means that items are always within easy reach with the right or left hand.<br \/>\nThe Cordura underlay on the side pockets prevents the tools from rubbing through the outer material.<br \/>\nBag pouches are made from hard-wearing outer fabric (250g\/m\u00b2).<br \/>\nThe belt loops have the right distance for the FHB Max and Moritz holster bags.<br \/>\nKnee pad pockets:<br \/>\nKnee pad pockets made of 100% hard-wearing polyamide (Cordura) The knee pads can be easily inserted from above and the trousers fulfil the requirements of knee protection for work in a kneeling position type 2, performance level 1 according to DIN EN 14404:2004 A1:2010 in combination with the FHB Caspar knee pads certified for this purpose.<br \/>\nProcessing:<br \/>\nTriple-stitched seat seams reinforce the trousers and improve tear resistance. Material: 50% cotton, 50% polyester<\/p>","protected":false},"excerpt":{"rendered":"<p>Passform: Die neue funktionelle Schnittkonstruktion ist nach den nat\u00fcrlichen Bewegungen des K\u00f6rpers geformt und somit ergonomisch an den K\u00f6rper angepasst. Der h\u00f6her gezogene Bund hinten verbessert das Tragegef\u00fchl und sorgt daf\u00fcr, dass der R\u00fccken auch im Knien angenehm bedeckt ist. Die elastischen Seitenkeile im Taillenbund sorgen f\u00fcr einen hohen Tragekomfort. Dadurch sitzt die Hose auch [&hellip;]<\/p>\n","protected":false},"featured_media":672019,"template":"","meta":[],"product_brand":[],"product_cat":[4185],"product_tag":[],"class_list":{"0":"post-605248","1":"product","2":"type-product","3":"status-publish","4":"has-post-thumbnail","6":"product_cat-hosen","7":"pa_brand-fhb","8":"pa_brand-type-workwear","9":"pa_filter-color-anthrazit-schwarz","10":"pa_filter-color-beige-schwarz","11":"pa_filter-color-grau-schwarz","12":"pa_filter-color-gruen-schwarz","13":"pa_filter-color-marine-schwarz","14":"pa_filter-color-oliv-schwarz","15":"pa_filter-color-rot-schwarz","16":"pa_filter-color-royalblau-schwarz","17":"pa_filter-color-schwarz","18":"pa_filter-color-weiss-anthrazit","20":"first","21":"instock","22":"sale","23":"taxable","24":"shipping-taxable","25":"purchasable","26":"product-type-variable","27":"add-to-wishlist-before_image"},"exclude_global_add_ons":[],"addons":[],"acf":[],"_links":{"self":[{"href":"https:\/\/shop.kustom.ch\/en\/wp-json\/wp\/v2\/product\/605248"}],"collection":[{"href":"https:\/\/shop.kustom.ch\/en\/wp-json\/wp\/v2\/product"}],"about":[{"href":"https:\/\/shop.kustom.ch\/en\/wp-json\/wp\/v2\/types\/product"}],"wp:featuredmedia":[{"embeddable":true,"href":"https:\/\/shop.kustom.ch\/en\/wp-json\/wp\/v2\/media\/672019"}],"wp:attachment":[{"href":"https:\/\/shop.kustom.ch\/en\/wp-json\/wp\/v2\/media?parent=605248"}],"wp:term":[{"taxonomy":"product_brand","embeddable":true,"href":"https:\/\/shop.kustom.ch\/en\/wp-json\/wp\/v2\/product_brand?post=605248"},{"taxonomy":"product_cat","embeddable":true,"href":"https:\/\/shop.kustom.ch\/en\/wp-json\/wp\/v2\/product_cat?post=605248"},{"taxonomy":"product_tag","embeddable":true,"href":"https:\/\/shop.kustom.ch\/en\/wp-json\/wp\/v2\/product_tag?post=605248"}],"curies":[{"name":"wp","href":"https:\/\/api.w.org\/{rel}","templated":true}]}}