{"id":604690,"date":"2025-03-05T04:15:50","date_gmt":"2025-03-05T03:15:50","guid":{"rendered":"https:\/\/shop.kustom.ch\/?post_type=product&#038;p=604690"},"modified":"2026-04-01T07:08:41","modified_gmt":"2026-04-01T06:08:41","slug":"fhb-original-mio-arbeitshose-elastisch","status":"publish","type":"product","link":"https:\/\/shop.kustom.ch\/en\/product\/fhb-original-mio-arbeitshose-elastisch\/","title":{"rendered":"MIO elasticated work trousers"},"content":{"rendered":"<p>FHB MIO work trousers elasticated, ultra-light, breathable and yet robust thanks to FHB fully twisted fabric (1.), elasticated and durable in the seat, crotch and knee area thanks to Cordura stretch material (2.), body-hugging, elasticated 3D-Frinlock inserts<br \/>\nfor a comfortable fit, pocket area (pen, knife and folding rule) and shock cord made of 100% polyamide (Cordura), zip-fastening mobile phone pocket, elasticated volume pocket<br \/>\nwith removable magnetic button, 2 back flap pockets without button<\/p>","protected":false},"excerpt":{"rendered":"<p>FHB MIO Arbeitshose elastisch, ultraleicht, atmungsaktiv und trotzdem robust durch FHB-Vollzwirn-Gewebe (1.), elastisch und widerstandsf\u00e4hig im Ges\u00e4\u00df-, Schritt- und Kniebereich durch Cordura-Stretch-Material (2.), k\u00f6rperbetont, elastische 3D-Frinlock-Eins\u00e4tze f\u00fcr Komfort-Passform, Taschenbereich (Stift-, Messer- und Zollstock) sowie Sto\u00dfband aus 100% Polyamid (Cordura), mit RV verschlie\u00dfbare Handytasche, dehnbare Volumentasche mit herausnehmbarem Magnetknopf, 2 Ges\u00e4\u00dfpattentaschen ohne Knopf<\/p>","protected":false},"featured_media":604704,"template":"","meta":[],"product_brand":[],"product_cat":[4185],"product_tag":[],"class_list":{"0":"post-604690","1":"product","2":"type-product","3":"status-publish","4":"has-post-thumbnail","6":"product_cat-hosen","7":"pa_brand-fhb","8":"pa_brand-type-workwear","9":"pa_filter-color-beige","10":"pa_filter-color-blau","11":"pa_filter-color-grau","12":"pa_filter-color-gruen","13":"pa_filter-color-rot","14":"pa_filter-color-schwarz","15":"pa_filter-color-weiss","17":"first","18":"instock","19":"sale","20":"taxable","21":"shipping-taxable","22":"purchasable","23":"product-type-variable","24":"add-to-wishlist-before_image"},"exclude_global_add_ons":[],"addons":[],"acf":[],"_links":{"self":[{"href":"https:\/\/shop.kustom.ch\/en\/wp-json\/wp\/v2\/product\/604690"}],"collection":[{"href":"https:\/\/shop.kustom.ch\/en\/wp-json\/wp\/v2\/product"}],"about":[{"href":"https:\/\/shop.kustom.ch\/en\/wp-json\/wp\/v2\/types\/product"}],"wp:featuredmedia":[{"embeddable":true,"href":"https:\/\/shop.kustom.ch\/en\/wp-json\/wp\/v2\/media\/604704"}],"wp:attachment":[{"href":"https:\/\/shop.kustom.ch\/en\/wp-json\/wp\/v2\/media?parent=604690"}],"wp:term":[{"taxonomy":"product_brand","embeddable":true,"href":"https:\/\/shop.kustom.ch\/en\/wp-json\/wp\/v2\/product_brand?post=604690"},{"taxonomy":"product_cat","embeddable":true,"href":"https:\/\/shop.kustom.ch\/en\/wp-json\/wp\/v2\/product_cat?post=604690"},{"taxonomy":"product_tag","embeddable":true,"href":"https:\/\/shop.kustom.ch\/en\/wp-json\/wp\/v2\/product_tag?post=604690"}],"curies":[{"name":"wp","href":"https:\/\/api.w.org\/{rel}","templated":true}]}}