{"id":604665,"date":"2025-03-05T04:15:44","date_gmt":"2025-03-05T03:15:44","guid":{"rendered":"https:\/\/shop.kustom.ch\/?post_type=product&#038;p=604665"},"modified":"2026-04-01T07:42:28","modified_gmt":"2026-04-01T06:42:28","slug":"fhb-original-lou-zunfthose-piratenform-elastisch","status":"publish","type":"product","link":"https:\/\/shop.kustom.ch\/en\/product\/fhb-original-lou-zunfthose-piratenform-elastisch\/","title":{"rendered":"LOU guild trousers pirate shape elasticated"},"content":{"rendered":"<p>FHB LOU, pirate-style guild trousers, robust, elasticated in the seat, crotch and knee area, body-hugging, elasticated 3D-Frinlock inserts for a comfortable fit, 100% polyamide (Cordura) in the knee and pocket area (pen, knife and folding rule), knee pad insert from above, mobile phone pocket with zip fastening, elasticated volume pocket with removable magnetic button, 2 seat flap pockets without button. Certified knee protection DIN EN 14404 knee protection type 2, performance level 1 only in combination with FHB knee protection Casper.<\/p>","protected":false},"excerpt":{"rendered":"<p>FHB LOU, Zunfthose Piratenform, robust, elastisch im Ges\u00e4\u00df-, Schritt- und Kniebereich, k\u00f6rperbetont, elastische 3D-Frinlock-Eins\u00e4tze f\u00fcr Komfort-Passform, 100% Polyamid (Cordura) im Knie und im Taschenbereich (Stift-, Messer- und Zollstock), Kniepolstereinschub von oben, mit RV verschlie\u00dfbare Handytasche, dehnbare Volumentasche mit herausnehmbaren Magnetknopf, 2 Ges\u00e4\u00dfpattentaschen ohne Knopf. Zertifizierter Knieschutz DIN EN 14404 Knieschutz Typ 2, Leistungsstufe 1 nur [&hellip;]<\/p>\n","protected":false},"featured_media":604703,"template":"","meta":[],"product_brand":[],"product_cat":[4185],"product_tag":[],"class_list":{"0":"post-604665","1":"product","2":"type-product","3":"status-publish","4":"has-post-thumbnail","6":"product_cat-hosen","7":"pa_brand-fhb","8":"pa_brand-type-workwear","9":"pa_filter-color-schwarz","11":"first","12":"instock","13":"sale","14":"taxable","15":"shipping-taxable","16":"purchasable","17":"product-type-variable","18":"add-to-wishlist-before_image"},"exclude_global_add_ons":[],"addons":[],"acf":[],"_links":{"self":[{"href":"https:\/\/shop.kustom.ch\/en\/wp-json\/wp\/v2\/product\/604665"}],"collection":[{"href":"https:\/\/shop.kustom.ch\/en\/wp-json\/wp\/v2\/product"}],"about":[{"href":"https:\/\/shop.kustom.ch\/en\/wp-json\/wp\/v2\/types\/product"}],"wp:featuredmedia":[{"embeddable":true,"href":"https:\/\/shop.kustom.ch\/en\/wp-json\/wp\/v2\/media\/604703"}],"wp:attachment":[{"href":"https:\/\/shop.kustom.ch\/en\/wp-json\/wp\/v2\/media?parent=604665"}],"wp:term":[{"taxonomy":"product_brand","embeddable":true,"href":"https:\/\/shop.kustom.ch\/en\/wp-json\/wp\/v2\/product_brand?post=604665"},{"taxonomy":"product_cat","embeddable":true,"href":"https:\/\/shop.kustom.ch\/en\/wp-json\/wp\/v2\/product_cat?post=604665"},{"taxonomy":"product_tag","embeddable":true,"href":"https:\/\/shop.kustom.ch\/en\/wp-json\/wp\/v2\/product_tag?post=604665"}],"curies":[{"name":"wp","href":"https:\/\/api.w.org\/{rel}","templated":true}]}}