{"id":604157,"date":"2025-03-05T04:09:59","date_gmt":"2025-03-05T03:09:59","guid":{"rendered":"https:\/\/shop.kustom.ch\/?post_type=product&#038;p=604157"},"modified":"2026-04-01T07:13:07","modified_gmt":"2026-04-01T06:13:07","slug":"fhb-original-sascha-zunft-bermuda-canvas","status":"publish","type":"product","link":"https:\/\/shop.kustom.ch\/en\/product\/fhb-original-sascha-zunft-bermuda-canvas\/","title":{"rendered":"SASCHA Guild Bermuda Canvas"},"content":{"rendered":"<p>Fit:<br \/>\nThe guild shorts have a comfortable cut and always fit loosely and comfortably, while the higher waistband at the back improves the wearing comfort and ensures that the back is also comfortably covered at the knees.<br \/>\nThe elasticated side gussets in the waistband ensure a high level of comfort.<br \/>\nAs a result, the trousers always fit comfortably even when moving and do not pinch.<br \/>\nThe trousers have a full-length insert in the crotch area.<br \/>\nThis guarantees maximum freedom of movement and reliably prevents the trousers from tearing during fast movements.<br \/>\nBags:<br \/>\nMobile phone, pen and folding rule pocket on both sides of the trousers.<br \/>\nThis means that items are always within easy reach with the right or left hand.<br \/>\nThe Cordura underlay on the side pockets prevents the tools from rubbing through the outer material.<br \/>\nWide volume pocket opening Fixed pocket bags are made from hard-wearing outer fabric (310 g\/m\u00b2).<br \/>\nThe belt loops have the right distance for the FHB Max and Moritz holster bags.<br \/>\nProcessing:<br \/>\nDouble-stitched seat seams reinforce the trousers and improve tear resistance. Material: 65% cotton, 35% polyester<\/p>","protected":false},"excerpt":{"rendered":"<p>Passform: Die Zunftshorts ist bequem geschnitten und sitzt immer locker und angenehm.Der h\u00f6her gezogene Bund hinten verbessert das Tragegef\u00fchl und sorgt daf\u00fcr, dass der R\u00fccken auch im Knien angenehm bedeckt ist. Die elastischen Seitenkeile im Taillenbund sorgen f\u00fcr einen hohen Tragekomfort. Dadurch sitzt die Hose auch in der Bewegung immer angenehm und kneift nicht. Die [&hellip;]<\/p>\n","protected":false},"featured_media":672290,"template":"","meta":[],"product_brand":[],"product_cat":[4185],"product_tag":[],"class_list":{"0":"post-604157","1":"product","2":"type-product","3":"status-publish","4":"has-post-thumbnail","6":"product_cat-hosen","7":"pa_brand-fhb","8":"pa_brand-type-workwear","9":"pa_filter-color-anthrazit","10":"pa_filter-color-beige","11":"pa_filter-color-schwarz","13":"first","14":"instock","15":"sale","16":"taxable","17":"shipping-taxable","18":"purchasable","19":"product-type-variable","20":"add-to-wishlist-before_image"},"exclude_global_add_ons":[],"addons":[],"acf":[],"_links":{"self":[{"href":"https:\/\/shop.kustom.ch\/en\/wp-json\/wp\/v2\/product\/604157"}],"collection":[{"href":"https:\/\/shop.kustom.ch\/en\/wp-json\/wp\/v2\/product"}],"about":[{"href":"https:\/\/shop.kustom.ch\/en\/wp-json\/wp\/v2\/types\/product"}],"wp:featuredmedia":[{"embeddable":true,"href":"https:\/\/shop.kustom.ch\/en\/wp-json\/wp\/v2\/media\/672290"}],"wp:attachment":[{"href":"https:\/\/shop.kustom.ch\/en\/wp-json\/wp\/v2\/media?parent=604157"}],"wp:term":[{"taxonomy":"product_brand","embeddable":true,"href":"https:\/\/shop.kustom.ch\/en\/wp-json\/wp\/v2\/product_brand?post=604157"},{"taxonomy":"product_cat","embeddable":true,"href":"https:\/\/shop.kustom.ch\/en\/wp-json\/wp\/v2\/product_cat?post=604157"},{"taxonomy":"product_tag","embeddable":true,"href":"https:\/\/shop.kustom.ch\/en\/wp-json\/wp\/v2\/product_tag?post=604157"}],"curies":[{"name":"wp","href":"https:\/\/api.w.org\/{rel}","templated":true}]}}