{"id":604010,"date":"2025-03-05T04:08:22","date_gmt":"2025-03-05T03:08:22","guid":{"rendered":"https:\/\/shop.kustom.ch\/?post_type=product&#038;p=604010"},"modified":"2026-04-01T07:07:12","modified_gmt":"2026-04-01T06:07:12","slug":"fhb-original-albert-zunfthose-elastisch","status":"publish","type":"product","link":"https:\/\/shop.kustom.ch\/en\/product\/fhb-original-albert-zunfthose-elastisch\/","title":{"rendered":"ALBERT guild trousers elasticated"},"content":{"rendered":"<p>Fit:<br \/>\nStraight cut in a tube shape.<br \/>\nNarrower cut than classic guild trousers, these guild trousers fit close to the body but are not skin-tight.<br \/>\nThe elasticated outer fabric ensures maximum freedom of movement and therefore does not restrict you at work.<br \/>\nFoot width circumference:<br \/>\n38 cm<br \/>\nBags:<br \/>\n2 ruler pockets.1 back pocket with button.2 open slit pockets at the front.Black leatherette piping on the pockets.<br \/>\nZip fasteners:<br \/>\nHigh-quality zip fasteners from YKK in elegant matt black, particularly smooth-running and robust.<br \/>\nWidth adjustment:<br \/>\nThe waist size of the trousers can be individually adjusted with 2 buckle straps.<br \/>\nBelt loops:<br \/>\n2 cm wide belt loops The belt loops have the right distance for the FHB Max and Moritz holster pockets.<br \/>\nProcessing:<br \/>\nThe fell seam on the seat gives the trousers extra stability and ensures that they retain their shape and improve tear resistance. Material: 48% cotton, 48% polyester, 4% EOL<\/p>","protected":false},"excerpt":{"rendered":"<p>Passform: Gerader Schnitt in R\u00f6hren-Form. Schmaler geschnitten als klassische Zunfthosen.Die Zunfthose sitzt k\u00f6rpernah, aber nicht hauteng. Der elastische Oberstoff sorgt f\u00fcr eine maximale Bewegungsfreiheit und schr\u00e4nkt dich somit bei der Arbeit nicht ein. Fussweitenumfang: 38 cm Taschen: 2 Zollstocktaschen.1 Ges\u00e4sstasche mit Knopf.2 offene Einschubtaschen vorne.Schwarze Taschen-Kunstleder-Paspelierung. Reissverschl\u00fcsse: Hochwertige Reissverschl\u00fcsse von YKK in edlem mattschwarz \u0096 [&hellip;]<\/p>\n","protected":false},"featured_media":671861,"template":"","meta":[],"product_brand":[],"product_cat":[4185],"product_tag":[],"class_list":{"0":"post-604010","1":"product","2":"type-product","3":"status-publish","4":"has-post-thumbnail","6":"product_cat-hosen","7":"pa_brand-fhb","8":"pa_brand-type-workwear","9":"pa_filter-color-schwarz","11":"first","12":"instock","13":"sale","14":"taxable","15":"shipping-taxable","16":"purchasable","17":"product-type-variable","18":"add-to-wishlist-before_image"},"exclude_global_add_ons":[],"addons":[],"acf":[],"_links":{"self":[{"href":"https:\/\/shop.kustom.ch\/en\/wp-json\/wp\/v2\/product\/604010"}],"collection":[{"href":"https:\/\/shop.kustom.ch\/en\/wp-json\/wp\/v2\/product"}],"about":[{"href":"https:\/\/shop.kustom.ch\/en\/wp-json\/wp\/v2\/types\/product"}],"wp:featuredmedia":[{"embeddable":true,"href":"https:\/\/shop.kustom.ch\/en\/wp-json\/wp\/v2\/media\/671861"}],"wp:attachment":[{"href":"https:\/\/shop.kustom.ch\/en\/wp-json\/wp\/v2\/media?parent=604010"}],"wp:term":[{"taxonomy":"product_brand","embeddable":true,"href":"https:\/\/shop.kustom.ch\/en\/wp-json\/wp\/v2\/product_brand?post=604010"},{"taxonomy":"product_cat","embeddable":true,"href":"https:\/\/shop.kustom.ch\/en\/wp-json\/wp\/v2\/product_cat?post=604010"},{"taxonomy":"product_tag","embeddable":true,"href":"https:\/\/shop.kustom.ch\/en\/wp-json\/wp\/v2\/product_tag?post=604010"}],"curies":[{"name":"wp","href":"https:\/\/api.w.org\/{rel}","templated":true}]}}