{"id":603971,"date":"2025-03-05T04:07:41","date_gmt":"2025-03-05T03:07:41","guid":{"rendered":"https:\/\/shop.kustom.ch\/?post_type=product&#038;p=603971"},"modified":"2026-04-01T07:18:17","modified_gmt":"2026-04-01T06:18:17","slug":"fhb-original-wim-zunft-shorts-rips-moleskin","status":"publish","type":"product","link":"https:\/\/shop.kustom.ch\/en\/product\/fhb-original-wim-zunft-shorts-rips-moleskin\/","title":{"rendered":"WIM guild shorts ribbed moleskin"},"content":{"rendered":"<p>Fit:<br \/>\nThe guild shorts have a comfortable and loose cut and the flaps with hooks and eyelets behind the zips ensure a stable fit and prevent them from slipping when moving.<br \/>\nStep length:<br \/>\nWim has an average inseam of 25 cm for size 50.<br \/>\nBags:<br \/>\nFolding rule and pen pocket on both sides of the trousers.<br \/>\nThis means that the folding rule and pencil are always within easy reach with the right or left hand.<br \/>\nWide volume pocket opening, fixed pocket bags are made of hard-wearing lining fabric (300 g\/m\u00b2).<br \/>\n1 back pocket with button, the belt loops have the right distance for the FHB Max and Moritz holster pockets.<br \/>\nZip fasteners:<br \/>\nThe extra-wide zips from YKK with solid end pieces are particularly robust and durable.<br \/>\nProcessing:<br \/>\nRobust, double-stitched seat seams reinforce the trousers for extra durability.<br \/>\nDouble-stitched synthetic leather corners protect the bag corners from tearing even under heavy loads.<br \/>\nYour logo:<br \/>\nGood finishing options to place your logo perfectly. Material: 100% cotton<\/p>","protected":false},"excerpt":{"rendered":"<p>Passform: Die Zunftshorts ist bequem und locker geschnitten.Die Klappen mit Haken und \u00d6sen hinter den Reissverschl\u00fcssen sorgen f\u00fcr einen stabilen Sitz und verhindern ein Verrutschen in der Bewegung. Schrittl\u00e4nge: Wim hat eine mittlere Schrittl\u00e4nge von 25 cm bei Gr\u00f6sse 50. Taschen: Zollstock- und Stifttasche auf beiden Seiten der Hose. So sind Zollstock und Stift mit [&hellip;]<\/p>\n","protected":false},"featured_media":672351,"template":"","meta":[],"product_brand":[],"product_cat":[4185],"product_tag":[],"class_list":{"0":"post-603971","1":"product","2":"type-product","3":"status-publish","4":"has-post-thumbnail","6":"product_cat-hosen","7":"pa_brand-fhb","8":"pa_brand-type-workwear","9":"pa_filter-color-grau","10":"pa_filter-color-schwarz","12":"first","13":"instock","14":"sale","15":"taxable","16":"shipping-taxable","17":"purchasable","18":"product-type-variable","19":"add-to-wishlist-before_image"},"exclude_global_add_ons":[],"addons":[],"acf":[],"_links":{"self":[{"href":"https:\/\/shop.kustom.ch\/en\/wp-json\/wp\/v2\/product\/603971"}],"collection":[{"href":"https:\/\/shop.kustom.ch\/en\/wp-json\/wp\/v2\/product"}],"about":[{"href":"https:\/\/shop.kustom.ch\/en\/wp-json\/wp\/v2\/types\/product"}],"wp:featuredmedia":[{"embeddable":true,"href":"https:\/\/shop.kustom.ch\/en\/wp-json\/wp\/v2\/media\/672351"}],"wp:attachment":[{"href":"https:\/\/shop.kustom.ch\/en\/wp-json\/wp\/v2\/media?parent=603971"}],"wp:term":[{"taxonomy":"product_brand","embeddable":true,"href":"https:\/\/shop.kustom.ch\/en\/wp-json\/wp\/v2\/product_brand?post=603971"},{"taxonomy":"product_cat","embeddable":true,"href":"https:\/\/shop.kustom.ch\/en\/wp-json\/wp\/v2\/product_cat?post=603971"},{"taxonomy":"product_tag","embeddable":true,"href":"https:\/\/shop.kustom.ch\/en\/wp-json\/wp\/v2\/product_tag?post=603971"}],"curies":[{"name":"wp","href":"https:\/\/api.w.org\/{rel}","templated":true}]}}