{"id":603487,"date":"2025-03-05T03:56:41","date_gmt":"2025-03-05T02:56:41","guid":{"rendered":"https:\/\/shop.kustom.ch\/?post_type=product&#038;p=603487"},"modified":"2026-03-31T08:44:34","modified_gmt":"2026-03-31T07:44:34","slug":"latzhose-4-wege-stretch","status":"publish","type":"product","link":"https:\/\/shop.kustom.ch\/en\/product\/latzhose-4-wege-stretch\/","title":{"rendered":"Dungarees 4-way stretch"},"content":{"rendered":"<p>Dungarees made from a lighter 4-way stretch material that offers ultimate comfort. Equipped with a large breast pocket, detachable holster pockets, back pockets with bellows and ruler pocket. Knee pockets made of CORDURA\u00ae stretch offer protection and comfort when kneeling. The leg ends can also be extended as required.<\/p>\n<p>CLOSURE: Extension option at the leg hem. Leg ends with CORDURA\u00ae reinforcement. DETAILS: Detachable ID card pocket. Adjustable braces with elasticated drawstring. Metal buttons. Knife holder with button. Double crotch seam. Plastic zip at the crotch. Metal-free buckle. FUNCTIONALITY: 4-way stretch. MAIN FEATURES: Tinsmith. Men's. EN 14004. REFLEX: Reflective details on the leg. FABRIC: Men's. grey. Stretch. Craft. POCKETS: Chest pocket with flap and pen pocket. Back pockets reinforced with bellows. Inner mesh pocket. External knee pad pockets. Nail pockets - detachable with tool holders and an extra pocket with zip. Pockets with bellows, pen and knife pocket. Flap with concealed magnetic button. Side pockets. Reinforced folding rule pocket with knife holder and pen pocket. WASHING INSTRUCTIONS: Do not iron. REINFORCEMENT: Cordura\u00ae stretch-reinforced knee pad pockets. CERTIFICATION: EN 14404:2004+A1:2010 together with knee pad 4027, 4057, 4058 and 4032<\/p>\n<p>92% polyamide, 8% elastane, double woven, 4-way stretch, 230 g\/m\u00b2<\/p>","protected":false},"excerpt":{"rendered":"<p>Latzhose aus einem leichteren 4-Wege-Stretch-Material, das ultimativen Komfort bietet. Ausgestattet mit einer grossen Brusttasche, abnehmbaren Holstertaschen, Ges\u00e4sstaschen mit Balg und Zollstocktasche. Knietaschen aus CORDURA\u00ae-Stretch bieten Schutz und Komfort beim Knien. Ausserdem k\u00f6nnen die Beinenden nach Bedarf verl\u00e4ngert werden. ABSCHLUSS: Verl\u00e4ngerungsm\u00f6glichkeit am Beinsaum. Beinabschluss mit CORDURA\u00ae-Verst\u00e4rkung. DETAILS: Abnehmbare Ausweistasche. Verstellbare Hosentr\u00e4ger mit Gummizug. Metallkn\u00f6pfe. Messerhalter mit [&hellip;]<\/p>\n","protected":false},"featured_media":0,"template":"","meta":[],"product_brand":[],"product_cat":[10448],"product_tag":[],"class_list":{"0":"post-603487","1":"product","2":"type-product","3":"status-publish","5":"product_cat-latzhose","6":"pa_brand-blaklaeder","7":"pa_brand-type-workwear","8":"pa_filter-color-schwarz","10":"first","11":"instock","12":"sale","13":"taxable","14":"shipping-taxable","15":"purchasable","16":"product-type-variable","17":"add-to-wishlist-before_image"},"exclude_global_add_ons":[],"addons":[],"acf":[],"_links":{"self":[{"href":"https:\/\/shop.kustom.ch\/en\/wp-json\/wp\/v2\/product\/603487"}],"collection":[{"href":"https:\/\/shop.kustom.ch\/en\/wp-json\/wp\/v2\/product"}],"about":[{"href":"https:\/\/shop.kustom.ch\/en\/wp-json\/wp\/v2\/types\/product"}],"wp:attachment":[{"href":"https:\/\/shop.kustom.ch\/en\/wp-json\/wp\/v2\/media?parent=603487"}],"wp:term":[{"taxonomy":"product_brand","embeddable":true,"href":"https:\/\/shop.kustom.ch\/en\/wp-json\/wp\/v2\/product_brand?post=603487"},{"taxonomy":"product_cat","embeddable":true,"href":"https:\/\/shop.kustom.ch\/en\/wp-json\/wp\/v2\/product_cat?post=603487"},{"taxonomy":"product_tag","embeddable":true,"href":"https:\/\/shop.kustom.ch\/en\/wp-json\/wp\/v2\/product_tag?post=603487"}],"curies":[{"name":"wp","href":"https:\/\/api.w.org\/{rel}","templated":true}]}}