{"id":603475,"date":"2025-03-05T03:56:06","date_gmt":"2025-03-05T02:56:06","guid":{"rendered":"https:\/\/shop.kustom.ch\/?post_type=product&#038;p=603475"},"modified":"2026-03-31T08:43:29","modified_gmt":"2026-03-31T07:43:29","slug":"dicke-wollsocken","status":"publish","type":"product","link":"https:\/\/shop.kustom.ch\/en\/product\/dicke-wollsocken\/","title":{"rendered":"Thick woollen socks"},"content":{"rendered":"<p>Wool sock knitted from heavy terry cloth, with reinforcements in exposed areas such as the toes and heel. Thanks to wool's ability to regulate temperature and keep you warm when wet and dry, it is the best material for long-term outdoor work in low temperatures. This is Bl\u00e5kl\u00e4der's highest quality insulating sock that can withstand extreme cold conditions. The wool also has a natural odour-inhibiting function.<\/p>\n<p>FUNCTIONALITY: Terry knit throughout the sock. MAIN FEATURES: Unisex. FABRIC: black. Wind \/ wet \/ cold. WASHING INSTRUCTIONS: 40\u00b0 C. PACKAGING: Supplied in pairs<\/p>\n<p>78% wool, 13% elastane, 9% polyamide<\/p>","protected":false},"excerpt":{"rendered":"<p>Wollsocke aus schwerem Frottee gestrickt, mit Verst\u00e4rkungen an exponierten Stellen wie Zehen und Ferse. Dank der Eigenschaften der Wolle, die Temperatur zu regulieren und bei N\u00e4sse und Trockenheit warm zu halten, ist sie das beste Material f\u00fcr langfristige Arbeiten im Freien bei niedrigen Temperaturen. Dies ist Bl\u00e5kl\u00e4ders hochwertigste isolierende Socke, die auch extremen K\u00e4ltebedingungen standh\u00e4lt. [&hellip;]<\/p>\n","protected":false},"featured_media":0,"template":"","meta":[],"product_brand":[],"product_cat":[4199],"product_tag":[],"class_list":{"0":"post-603475","1":"product","2":"type-product","3":"status-publish","5":"product_cat-socken","6":"pa_brand-blaklaeder","7":"pa_brand-type-workwear","8":"pa_filter-color-schwarz","10":"first","11":"instock","12":"sale","13":"taxable","14":"shipping-taxable","15":"purchasable","16":"product-type-variable","17":"add-to-wishlist-before_image"},"exclude_global_add_ons":[],"addons":[],"acf":[],"_links":{"self":[{"href":"https:\/\/shop.kustom.ch\/en\/wp-json\/wp\/v2\/product\/603475"}],"collection":[{"href":"https:\/\/shop.kustom.ch\/en\/wp-json\/wp\/v2\/product"}],"about":[{"href":"https:\/\/shop.kustom.ch\/en\/wp-json\/wp\/v2\/types\/product"}],"wp:attachment":[{"href":"https:\/\/shop.kustom.ch\/en\/wp-json\/wp\/v2\/media?parent=603475"}],"wp:term":[{"taxonomy":"product_brand","embeddable":true,"href":"https:\/\/shop.kustom.ch\/en\/wp-json\/wp\/v2\/product_brand?post=603475"},{"taxonomy":"product_cat","embeddable":true,"href":"https:\/\/shop.kustom.ch\/en\/wp-json\/wp\/v2\/product_cat?post=603475"},{"taxonomy":"product_tag","embeddable":true,"href":"https:\/\/shop.kustom.ch\/en\/wp-json\/wp\/v2\/product_tag?post=603475"}],"curies":[{"name":"wp","href":"https:\/\/api.w.org\/{rel}","templated":true}]}}