{"id":603474,"date":"2025-03-05T03:56:05","date_gmt":"2025-03-05T02:56:05","guid":{"rendered":"https:\/\/shop.kustom.ch\/?post_type=product&#038;p=603474"},"modified":"2026-03-31T08:43:28","modified_gmt":"2026-03-31T07:43:28","slug":"wollsocken-3","status":"publish","type":"product","link":"https:\/\/shop.kustom.ch\/en\/product\/wollsocken-3\/","title":{"rendered":"Wool socks"},"content":{"rendered":"<p>Wool sock with a high shaft and fantastic fit. Reinforcement and insulating terrycloth on the heel, sole, toes and shaft for increased durability and comfort. Thanks to wool's ability to regulate temperature and keep warm in wet and dry conditions, it is the best material for long-term outdoor work in low temperatures. Wool also has a natural odour-inhibiting function.<\/p>\n<p>FUNCTIONALITY: Elasticated knitted material on the sole of the foot. MAIN FEATURES: Unisex. FABRIC: black. Wind \/ wet \/ cold. WASHING INSTRUCTIONS: Do not spin-dry. PACKAGING: Supplied in pairs<\/p>\n<p>47% wool, 43% polyamide, 10% elastane<\/p>","protected":false},"excerpt":{"rendered":"<p>Wollsocke mit hohem Schaft und fantastischer Passform. Verst\u00e4rkung und isolierendes Frottee an Ferse, Sohle, Zehen und Schaft f\u00fcr erh\u00f6hte Haltbarkeit und Komfort. Dank der Eigenschaften der Wolle, die Temperatur zu regulieren und unter nassen und trockenen Bedingungen warm zu halten, ist sie das beste Material f\u00fcr langfristige Arbeiten im Freien bei niedrigen Temperaturen. Ausserdem hat [&hellip;]<\/p>\n","protected":false},"featured_media":0,"template":"","meta":[],"product_brand":[],"product_cat":[4199],"product_tag":[],"class_list":{"0":"post-603474","1":"product","2":"type-product","3":"status-publish","5":"product_cat-socken","6":"pa_brand-blaklaeder","7":"pa_brand-type-workwear","8":"pa_filter-color-schwarz","10":"first","11":"instock","12":"sale","13":"taxable","14":"shipping-taxable","15":"purchasable","16":"product-type-variable","17":"add-to-wishlist-before_image"},"exclude_global_add_ons":[],"addons":[],"acf":[],"_links":{"self":[{"href":"https:\/\/shop.kustom.ch\/en\/wp-json\/wp\/v2\/product\/603474"}],"collection":[{"href":"https:\/\/shop.kustom.ch\/en\/wp-json\/wp\/v2\/product"}],"about":[{"href":"https:\/\/shop.kustom.ch\/en\/wp-json\/wp\/v2\/types\/product"}],"wp:attachment":[{"href":"https:\/\/shop.kustom.ch\/en\/wp-json\/wp\/v2\/media?parent=603474"}],"wp:term":[{"taxonomy":"product_brand","embeddable":true,"href":"https:\/\/shop.kustom.ch\/en\/wp-json\/wp\/v2\/product_brand?post=603474"},{"taxonomy":"product_cat","embeddable":true,"href":"https:\/\/shop.kustom.ch\/en\/wp-json\/wp\/v2\/product_cat?post=603474"},{"taxonomy":"product_tag","embeddable":true,"href":"https:\/\/shop.kustom.ch\/en\/wp-json\/wp\/v2\/product_tag?post=603474"}],"curies":[{"name":"wp","href":"https:\/\/api.w.org\/{rel}","templated":true}]}}