{"id":603444,"date":"2025-03-05T03:55:58","date_gmt":"2025-03-05T02:55:58","guid":{"rendered":"https:\/\/shop.kustom.ch\/?post_type=product&#038;p=603444"},"modified":"2026-03-31T08:33:57","modified_gmt":"2026-03-31T07:33:57","slug":"handwerker-arbeitshose-mit-stretch-3","status":"publish","type":"product","link":"https:\/\/shop.kustom.ch\/en\/product\/handwerker-arbeitshose-mit-stretch-3\/","title":{"rendered":"Craftsman work trousers with stretch"},"content":{"rendered":"<p>Comfortable, lightweight craftsman work trousers made of thinner 2-way stretch material and with 4-way stretch inserts that provide ultimate comfort where it is needed most. The trousers have fixed nail pockets, knee protector pockets with CORDURA\u00ae stretch, practical pockets with reinforcement, ruler pocket, front pockets and a loop for hammer holders on the left and right side. Also available as ladies' model 7132.<\/p>\n<p>CLOSURE: Leg ends with reinforcement at the back. DETAILS: Detachable ID card pocket. Metal buttons. Knife holder with button. Plastic zip at the crotch. Two loops on the sides with a button for hammer holder. D-ring on the waistband. FUNCTIONALITY: 4-way stretch. Regular fit. MAIN FEATURES: Tinsmith. EN 14004. REFLEX: Reflective details on the leg. FABRIC: Men's. grey. Nail pockets. Craft. POCKETS: Leg pocket with bellows and flap with Velcro fastening and inside mesh mobile phone pocket. Back pockets reinforced with bellows. External knee pad pockets. Nail pockets - with tool holders and extra pocket with zip. Side pockets. Reinforced folding rule pocket with knife holder and pen pocket. WASHING INSTRUCTIONS: Do not bleach. REINFORCEMENT: CORDURA\u00ae-reinforced nail pockets. CERTIFICATION: EN 14404:2004+A1:2010 together with knee pads 4027, 4057, 4058 and 4032<\/p>\n<p>63% polyester, 33% cotton, 4% Elastofin, twill, stretch, 260 g\/m\u00b2<\/p>","protected":false},"excerpt":{"rendered":"<p>Bequeme, leichte Handwerker Arbeitshose aus d\u00fcnnerem 2-Wege-Stretch-Material und mit Eins\u00e4tzen aus 4-Wege-Stretch, die ultimativen Komfort dort bieten, wo er am meisten ben\u00f6tigt wird. Die Hose verf\u00fcgt \u00fcber feste Nageltaschen, Knieprotektorentaschen mit CORDURA\u00ae-Stretch, praktische Taschen mit Verst\u00e4rkung, Zollstocktasche, Fronttaschen und je eine Schlaufe f\u00fcr Hammerhalter auf der linken und rechten Seite. Auch als Damenmodell 7132 erh\u00e4ltlich. [&hellip;]<\/p>\n","protected":false},"featured_media":0,"template":"","meta":[],"product_brand":[],"product_cat":[4185],"product_tag":[],"class_list":{"0":"post-603444","1":"product","2":"type-product","3":"status-publish","5":"product_cat-hosen","6":"pa_brand-blaklaeder","7":"pa_brand-type-workwear","8":"pa_filter-color-schwarz","10":"first","11":"instock","12":"sale","13":"taxable","14":"shipping-taxable","15":"purchasable","16":"product-type-variable","17":"add-to-wishlist-before_image"},"exclude_global_add_ons":[],"addons":[],"acf":[],"_links":{"self":[{"href":"https:\/\/shop.kustom.ch\/en\/wp-json\/wp\/v2\/product\/603444"}],"collection":[{"href":"https:\/\/shop.kustom.ch\/en\/wp-json\/wp\/v2\/product"}],"about":[{"href":"https:\/\/shop.kustom.ch\/en\/wp-json\/wp\/v2\/types\/product"}],"wp:attachment":[{"href":"https:\/\/shop.kustom.ch\/en\/wp-json\/wp\/v2\/media?parent=603444"}],"wp:term":[{"taxonomy":"product_brand","embeddable":true,"href":"https:\/\/shop.kustom.ch\/en\/wp-json\/wp\/v2\/product_brand?post=603444"},{"taxonomy":"product_cat","embeddable":true,"href":"https:\/\/shop.kustom.ch\/en\/wp-json\/wp\/v2\/product_cat?post=603444"},{"taxonomy":"product_tag","embeddable":true,"href":"https:\/\/shop.kustom.ch\/en\/wp-json\/wp\/v2\/product_tag?post=603444"}],"curies":[{"name":"wp","href":"https:\/\/api.w.org\/{rel}","templated":true}]}}