{"id":602100,"date":"2025-03-05T03:18:35","date_gmt":"2025-03-05T02:18:35","guid":{"rendered":"https:\/\/shop.kustom.ch\/?post_type=product&#038;p=602100"},"modified":"2025-05-09T10:21:47","modified_gmt":"2025-05-09T09:21:47","slug":"einweg-overall-tyvek-500-xpert","status":"publish","type":"product","link":"https:\/\/shop.kustom.ch\/en\/product\/einweg-overall-tyvek-500-xpert\/","title":{"rendered":"Disposable overall Tyvek 500 Xpert"},"content":{"rendered":"<p>These Tyvek\u00ae coveralls are made of flash-spun high-density polyethylene, which offers an ideal balance of protection, durability and comfort. Tyvek\u00ae is permeable to both air and water vapour, but repels water-based liquids and aerosols. It provides an excellent barrier against fine particles and fibres (down to 1 micron in size). Extremely low-linting fabric is robust yet lightweight (&lt;180 g per garment) 3-piece hood for optimum fit to head and face when turning Large, easy-to-grip zip elasticated face, wrists and ankles and bonded elasticated waist Generous crotch area for freedom of movement; stitched outer seams Very low inward leakage due to optimised design Optional ecological packaging reduces waste and energy consumption <\/p>\n<p>MAIN FEATURES: Unisex. FABRIC: white<\/p>","protected":false},"excerpt":{"rendered":"<p>Diese Tyvek\u00ae-Overalls bestehen aus flash-gesponnenem hochdichten Polyethylen, das eine ideale Balance aus Schutz, Haltbarkeit und Komfort bietet. Tyvek\u00ae ist sowohl f\u00fcr Luft als auch f\u00fcr Wasserdampf durchl\u00e4ssig, weist aber wasserbasierte Fl\u00fcssigkeiten und Aerosole ab. Es bietet eine ausgezeichnete Barriere gegen feine Partikel und Fasern (bis zu einer Gr\u00f6sse von 1 Mikron). Extrem fusselarmes Gewebe ist [&hellip;]<\/p>\n","protected":false},"featured_media":602174,"template":"","meta":[],"product_brand":[],"product_cat":[9643,4209],"product_tag":[],"class_list":{"0":"post-602100","1":"product","2":"type-product","3":"status-publish","4":"has-post-thumbnail","6":"product_cat-equipment","7":"product_cat-zubehoer","8":"pa_brand-blaklaeder","9":"pa_brand-type-workwear","10":"pa_filter-color-weiss","12":"first","13":"instock","14":"sale","15":"taxable","16":"shipping-taxable","17":"purchasable","18":"product-type-variable","19":"add-to-wishlist-before_image"},"exclude_global_add_ons":[],"addons":[],"acf":[],"_links":{"self":[{"href":"https:\/\/shop.kustom.ch\/en\/wp-json\/wp\/v2\/product\/602100"}],"collection":[{"href":"https:\/\/shop.kustom.ch\/en\/wp-json\/wp\/v2\/product"}],"about":[{"href":"https:\/\/shop.kustom.ch\/en\/wp-json\/wp\/v2\/types\/product"}],"wp:featuredmedia":[{"embeddable":true,"href":"https:\/\/shop.kustom.ch\/en\/wp-json\/wp\/v2\/media\/602174"}],"wp:attachment":[{"href":"https:\/\/shop.kustom.ch\/en\/wp-json\/wp\/v2\/media?parent=602100"}],"wp:term":[{"taxonomy":"product_brand","embeddable":true,"href":"https:\/\/shop.kustom.ch\/en\/wp-json\/wp\/v2\/product_brand?post=602100"},{"taxonomy":"product_cat","embeddable":true,"href":"https:\/\/shop.kustom.ch\/en\/wp-json\/wp\/v2\/product_cat?post=602100"},{"taxonomy":"product_tag","embeddable":true,"href":"https:\/\/shop.kustom.ch\/en\/wp-json\/wp\/v2\/product_tag?post=602100"}],"curies":[{"name":"wp","href":"https:\/\/api.w.org\/{rel}","templated":true}]}}