{"id":601974,"date":"2025-03-05T03:12:17","date_gmt":"2025-03-05T02:12:17","guid":{"rendered":"https:\/\/shop.kustom.ch\/?post_type=product&#038;p=601974"},"modified":"2025-03-06T00:05:54","modified_gmt":"2025-03-05T23:05:54","slug":"taetningsringar-hygiensats-hy52","status":"publish","type":"product","link":"https:\/\/shop.kustom.ch\/en\/product\/taetningsringar-hygiensats-hy52\/","title":{"rendered":"T\u00e4tningsringar Hygiensats HY52"},"content":{"rendered":"<p>The seat contains an operating ring and a damping cover which is intended to be used.<\/p>\n<p>FUNCTIONALITY: . FITS TO: . FABRIC: black<\/p>","protected":false},"excerpt":{"rendered":"<p>Satsen inneh\u00e5ller t\u00e4tningsringar och d\u00e4mpningskuddar som \u00e4r mycket enkla att byta. FUNKTIONALIT\u00c4T: . PASST ZU: . STOFF: schwarz<\/p>","protected":false},"featured_media":0,"template":"","meta":[],"product_brand":[],"product_cat":[9643,4209],"product_tag":[],"class_list":{"0":"post-601974","1":"product","2":"type-product","3":"status-publish","5":"product_cat-equipment","6":"product_cat-zubehoer","7":"pa_brand-blaklaeder","8":"pa_brand-type-workwear","9":"pa_filter-color-schwarz","11":"first","12":"instock","13":"sale","14":"taxable","15":"shipping-taxable","16":"purchasable","17":"product-type-variable","18":"add-to-wishlist-before_image"},"exclude_global_add_ons":[],"addons":[],"acf":[],"_links":{"self":[{"href":"https:\/\/shop.kustom.ch\/en\/wp-json\/wp\/v2\/product\/601974"}],"collection":[{"href":"https:\/\/shop.kustom.ch\/en\/wp-json\/wp\/v2\/product"}],"about":[{"href":"https:\/\/shop.kustom.ch\/en\/wp-json\/wp\/v2\/types\/product"}],"wp:attachment":[{"href":"https:\/\/shop.kustom.ch\/en\/wp-json\/wp\/v2\/media?parent=601974"}],"wp:term":[{"taxonomy":"product_brand","embeddable":true,"href":"https:\/\/shop.kustom.ch\/en\/wp-json\/wp\/v2\/product_brand?post=601974"},{"taxonomy":"product_cat","embeddable":true,"href":"https:\/\/shop.kustom.ch\/en\/wp-json\/wp\/v2\/product_cat?post=601974"},{"taxonomy":"product_tag","embeddable":true,"href":"https:\/\/shop.kustom.ch\/en\/wp-json\/wp\/v2\/product_tag?post=601974"}],"curies":[{"name":"wp","href":"https:\/\/api.w.org\/{rel}","templated":true}]}}