{"id":601942,"date":"2025-03-05T03:11:14","date_gmt":"2025-03-05T02:11:14","guid":{"rendered":"https:\/\/shop.kustom.ch\/?post_type=product&#038;p=601942"},"modified":"2025-05-09T10:21:34","modified_gmt":"2025-05-09T09:21:34","slug":"filter-halbmaske-3m-aura-9322-plus-ffp2","status":"publish","type":"product","link":"https:\/\/shop.kustom.ch\/en\/product\/filter-halbmaske-3m-aura-9322-plus-ffp2\/","title":{"rendered":"Filter half mask 3M Aura 9322 plus FFP2"},"content":{"rendered":"<p>The 3MT AuraT Disposable Respirator 9332+ offers comfort and style without compromising on performance. Protects against dust and mist in a variety of industrial applications and other work situations that require FFP2 protection.Ingenious 3-panel design that allows for better facial movement while talking and makes wearing much more comfortable. The 3MT Cool FlowT valve reduces heat and moisture build-up, providing workers with comfortable protection even in hot and humid conditions. <\/p>\n<p>FABRIC: white<\/p>","protected":false},"excerpt":{"rendered":"<p>Die 3MT AuraT Disposable Respirator 9332+ bietet Komfort und Style ohne Kompromisse an der Leistung. Sch\u00fctzt vor Stqaub und Nebel in einer Vielzahl von industriellen Anwendungen und anderen Arbeitssituationen, die FFP2-Schutz erfordern.Geniales 3-Panel-Design, das eine bessere Gesichtsbewegung w\u00e4hrend des Sprechens erm\u00f6glicht und das Tragen wesentlich angenehmer macht. Das 3MT Cool FlowT Ventil reduziert die W\u00e4rme- [&hellip;]<\/p>\n","protected":false},"featured_media":602004,"template":"","meta":[],"product_brand":[],"product_cat":[9643,4209],"product_tag":[],"class_list":{"0":"post-601942","1":"product","2":"type-product","3":"status-publish","4":"has-post-thumbnail","6":"product_cat-equipment","7":"product_cat-zubehoer","8":"pa_brand-blaklaeder","9":"pa_brand-type-workwear","10":"pa_filter-color-weiss","12":"first","13":"instock","14":"sale","15":"taxable","16":"shipping-taxable","17":"purchasable","18":"product-type-variable","19":"add-to-wishlist-before_image"},"exclude_global_add_ons":[],"addons":[],"acf":[],"_links":{"self":[{"href":"https:\/\/shop.kustom.ch\/en\/wp-json\/wp\/v2\/product\/601942"}],"collection":[{"href":"https:\/\/shop.kustom.ch\/en\/wp-json\/wp\/v2\/product"}],"about":[{"href":"https:\/\/shop.kustom.ch\/en\/wp-json\/wp\/v2\/types\/product"}],"wp:featuredmedia":[{"embeddable":true,"href":"https:\/\/shop.kustom.ch\/en\/wp-json\/wp\/v2\/media\/602004"}],"wp:attachment":[{"href":"https:\/\/shop.kustom.ch\/en\/wp-json\/wp\/v2\/media?parent=601942"}],"wp:term":[{"taxonomy":"product_brand","embeddable":true,"href":"https:\/\/shop.kustom.ch\/en\/wp-json\/wp\/v2\/product_brand?post=601942"},{"taxonomy":"product_cat","embeddable":true,"href":"https:\/\/shop.kustom.ch\/en\/wp-json\/wp\/v2\/product_cat?post=601942"},{"taxonomy":"product_tag","embeddable":true,"href":"https:\/\/shop.kustom.ch\/en\/wp-json\/wp\/v2\/product_tag?post=601942"}],"curies":[{"name":"wp","href":"https:\/\/api.w.org\/{rel}","templated":true}]}}