{"id":601852,"date":"2025-03-05T03:08:08","date_gmt":"2025-03-05T02:08:08","guid":{"rendered":"https:\/\/shop.kustom.ch\/?post_type=product&#038;p=601852"},"modified":"2025-05-09T10:21:53","modified_gmt":"2025-05-09T09:21:53","slug":"schutzbrille-uvex-9198-pheos-cx2","status":"publish","type":"product","link":"https:\/\/shop.kustom.ch\/en\/product\/schutzbrille-uvex-9198-pheos-cx2\/","title":{"rendered":"Safety spectacles Uvex 9198 Pheos cx2"},"content":{"rendered":"<p>The Uvex Pheos CX2 clear safety spectacles 9198 with innovative two-component technology offer excellent resistance to the ingress of dust and water and protect the user in all conditions. It is also designed to fit the wearer's face perfectly, providing excellent comfort and 1001TP3 protection. Narrow-arm goggles with a modern, sporty design Soft component, which is directly connected to the lens, prevents the ingress of dust and water. The slim geometry makes them easy to wear with ear defenders, helmets and bump caps. X-Twist side arm technology for a secure, non-slip fit Directly moulded forehead and nose pieces for maximum comfort Duo spherical lens for a larger field of vision Excellent ventilation for healthier eyes Anti-fog for at least 16 seconds on the inside, scratch and chemical resistant on the outside. EN 166 (personal eye protection) EN 170 (personal eye protection with ultraviolet filters)<\/p>\n<p>FABRIC: grey<\/p>","protected":false},"excerpt":{"rendered":"<p>Die Uvex Pheos CX2 klare Schutzbrille 9198 mit innovativer Zweikomponenten-Technologie bietet eine hervorragende Best\u00e4ndigkeit gegen das Eindringen von Staub und Wasser und sch\u00fctzt den Nutzer unter allen Bedingungen. Sie ist auch so konzipiert, dass sie sich perfekt an das Gesicht des Tr\u00e4gers anpasst und einen hervorragenden Komfort und 100%igen Schutz bietet. Schmalarmschutzbrille mit modernem, sportlichem [&hellip;]<\/p>\n","protected":false},"featured_media":601904,"template":"","meta":[],"product_brand":[],"product_cat":[9643,4209],"product_tag":[],"class_list":{"0":"post-601852","1":"product","2":"type-product","3":"status-publish","4":"has-post-thumbnail","6":"product_cat-equipment","7":"product_cat-zubehoer","8":"pa_brand-blaklaeder","9":"pa_brand-type-workwear","10":"pa_filter-color-gelb","11":"pa_filter-color-grau","13":"first","14":"instock","15":"sale","16":"taxable","17":"shipping-taxable","18":"purchasable","19":"product-type-variable","20":"add-to-wishlist-before_image"},"exclude_global_add_ons":[],"addons":[],"acf":[],"_links":{"self":[{"href":"https:\/\/shop.kustom.ch\/en\/wp-json\/wp\/v2\/product\/601852"}],"collection":[{"href":"https:\/\/shop.kustom.ch\/en\/wp-json\/wp\/v2\/product"}],"about":[{"href":"https:\/\/shop.kustom.ch\/en\/wp-json\/wp\/v2\/types\/product"}],"wp:featuredmedia":[{"embeddable":true,"href":"https:\/\/shop.kustom.ch\/en\/wp-json\/wp\/v2\/media\/601904"}],"wp:attachment":[{"href":"https:\/\/shop.kustom.ch\/en\/wp-json\/wp\/v2\/media?parent=601852"}],"wp:term":[{"taxonomy":"product_brand","embeddable":true,"href":"https:\/\/shop.kustom.ch\/en\/wp-json\/wp\/v2\/product_brand?post=601852"},{"taxonomy":"product_cat","embeddable":true,"href":"https:\/\/shop.kustom.ch\/en\/wp-json\/wp\/v2\/product_cat?post=601852"},{"taxonomy":"product_tag","embeddable":true,"href":"https:\/\/shop.kustom.ch\/en\/wp-json\/wp\/v2\/product_tag?post=601852"}],"curies":[{"name":"wp","href":"https:\/\/api.w.org\/{rel}","templated":true}]}}