{"id":601711,"date":"2025-03-05T03:05:22","date_gmt":"2025-03-05T02:05:22","guid":{"rendered":"https:\/\/shop.kustom.ch\/?post_type=product&#038;p=601711"},"modified":"2026-03-31T08:16:58","modified_gmt":"2026-03-31T07:16:58","slug":"high-vis-hose-4-wege-stretch","status":"publish","type":"product","link":"https:\/\/shop.kustom.ch\/en\/product\/high-vis-hose-4-wege-stretch\/","title":{"rendered":"High Vis trousers 4-way stretch"},"content":{"rendered":"<p>The High Vis shorts are made entirely from incredibly soft and flexible 4-way stretch material that provides the ultimate in comfort and keeps you visible when you need to be. The shorts have segmented reflectors, a high waistband at the back, detachable nail pockets and ventilation at the knees and yoke. Knee pockets made of CORDURA\u00ae stretch offer protection and comfort when kneeling. Also available as ladies' model 7025.<\/p>\n<p>CLOSURE: Leg ends with CORDURA\u00ae reinforcement. DETAILS: D-ring. Metal buttons. Knife holder with button. Plastic zip at the crotch. Two loops on the sides with a button for hammer holder. D-ring on the waistband. FUNCTIONALITY: Ventilation at the back of the knee. Regular fit. MAIN FEATURES: Craftsman. EN ISO 20471. REFLEX: Reflective material around the legs. FABRIC: Available for men and women. High-vis yellow. Stretch. Stretch. POCKETS: Leg pocket with bellows and flap with Velcro fastening and internal mesh mobile phone pocket. Back pockets reinforced with bellows. Knee pad pockets. Nail pockets - removable and extra wide, with tool loops and additional tool compartments. Side pockets. Reinforced folding rule pocket with knife holder and pen pocket. WASHING INSTRUCTIONS: Number of washes: 20, do not bleach. REINFORCEMENT: Cordura\u00ae stretch-reinforced knee pad pockets. CERTIFICATION: EN 14404:2004+A1:2010 together with knee pads 4027, 4057, 4058 and 4032. EN ISO 20471, class 1<\/p>\n<p>100% polyester, double woven, 4-way stretch, 260 g\/m\u00b2<\/p>","protected":false},"excerpt":{"rendered":"<p>Die High Vis Hose ist komplett aus unglaublich weichem und flexiblem 4-Wege-Stretchmaterial gefertigt, das den ultimativen Komfort bietet und Sie sichtbar macht, wenn es am n\u00f6tigsten ist. Die Shorts haben segmentierte Reflektoren, einen hohen Bund am R\u00fccken, abnehmbare Nageltaschen und Bel\u00fcftung an den Knien und der Passe. Knietaschen aus CORDURA\u00ae-Stretch bieten Schutz und Komfort beim [&hellip;]<\/p>\n","protected":false},"featured_media":601770,"template":"","meta":[],"product_brand":[],"product_cat":[4185],"product_tag":[],"class_list":{"0":"post-601711","1":"product","2":"type-product","3":"status-publish","4":"has-post-thumbnail","6":"product_cat-hosen","7":"pa_brand-blaklaeder","8":"pa_brand-type-workwear","9":"pa_filter-color-gelb","10":"pa_filter-color-schwarz","12":"first","13":"instock","14":"sale","15":"taxable","16":"shipping-taxable","17":"purchasable","18":"product-type-variable","19":"add-to-wishlist-before_image"},"exclude_global_add_ons":[],"addons":[],"acf":[],"_links":{"self":[{"href":"https:\/\/shop.kustom.ch\/en\/wp-json\/wp\/v2\/product\/601711"}],"collection":[{"href":"https:\/\/shop.kustom.ch\/en\/wp-json\/wp\/v2\/product"}],"about":[{"href":"https:\/\/shop.kustom.ch\/en\/wp-json\/wp\/v2\/types\/product"}],"wp:featuredmedia":[{"embeddable":true,"href":"https:\/\/shop.kustom.ch\/en\/wp-json\/wp\/v2\/media\/601770"}],"wp:attachment":[{"href":"https:\/\/shop.kustom.ch\/en\/wp-json\/wp\/v2\/media?parent=601711"}],"wp:term":[{"taxonomy":"product_brand","embeddable":true,"href":"https:\/\/shop.kustom.ch\/en\/wp-json\/wp\/v2\/product_brand?post=601711"},{"taxonomy":"product_cat","embeddable":true,"href":"https:\/\/shop.kustom.ch\/en\/wp-json\/wp\/v2\/product_cat?post=601711"},{"taxonomy":"product_tag","embeddable":true,"href":"https:\/\/shop.kustom.ch\/en\/wp-json\/wp\/v2\/product_tag?post=601711"}],"curies":[{"name":"wp","href":"https:\/\/api.w.org\/{rel}","templated":true}]}}