{"id":601662,"date":"2025-03-05T03:04:02","date_gmt":"2025-03-05T02:04:02","guid":{"rendered":"https:\/\/shop.kustom.ch\/?post_type=product&#038;p=601662"},"modified":"2026-03-31T08:23:43","modified_gmt":"2026-03-31T07:23:43","slug":"service-arbeitshose-stretch-2","status":"publish","type":"product","link":"https:\/\/shop.kustom.ch\/en\/product\/service-arbeitshose-stretch-2\/","title":{"rendered":"Service work trousers stretch"},"content":{"rendered":"<p>Modern service work trousers made of lightweight but hard-wearing material with quick-drying properties - perfect for indoor and outdoor work in warmer weather. This model has a narrower cut and pre-shaped knees for increased comfort. For optimum freedom of movement, we have placed stretch inserts in carefully selected areas, such as the seat, knees and crotch. The trousers have a pen and knife pocket that is suitable for left and right-handers, an internal mesh mobile phone pocket and an extendable leg hem.<\/p>\n<p>CLOSURE: Extension option at the leg hem. DETAILS: Rubber-coated metal button. Plastic zip at the crotch. D-ring at the waistband. FUNCTIONALITY: Stretch inserts in the crotch, knees and seat. Particularly ergonomically shaped trouser legs. MAIN FEATURES: Service staff. FABRIC: Men's. Stretch. Industry \/ Service. POCKETS: Leg pockets with bellows, zip, pen and knife pocket. Back pockets. Mobile phone pocket inside. Side pockets. WASHING INSTRUCTIONS: 40\u00b0 C<\/p>\n<p>65% polyester, 35% cotton, finely woven, 166g\/m\u00b2<\/p>","protected":false},"excerpt":{"rendered":"<p>Moderne Service-Arbeitshose aus leichtem, aber strapazierf\u00e4higem Material mit schnelltrocknenden Eigenschaften &#8211; perfekt f\u00fcr Arbeiten im Innen- und Aussenbereich bei w\u00e4rmerem Wetter. Dieses Modell ist schmaler geschnitten und hat vorgeformte Knie f\u00fcr erh\u00f6hten Tragekomfort. F\u00fcr optimale Bewegungsfreiheit haben wir Stretch-Eins\u00e4tze an sorgf\u00e4ltig ausgew\u00e4hlten Stellen platziert, wie zum Beispiel am Ges\u00e4ss, an den Knien und im Schritt. [&hellip;]<\/p>\n","protected":false},"featured_media":601706,"template":"","meta":[],"product_brand":[],"product_cat":[4185],"product_tag":[],"class_list":{"0":"post-601662","1":"product","2":"type-product","3":"status-publish","4":"has-post-thumbnail","6":"product_cat-hosen","7":"pa_brand-blaklaeder","8":"pa_brand-type-workwear","9":"pa_filter-color-braun","10":"pa_filter-color-gruen","11":"pa_filter-color-schwarz","13":"first","14":"instock","15":"sale","16":"taxable","17":"shipping-taxable","18":"purchasable","19":"product-type-variable","20":"add-to-wishlist-before_image"},"exclude_global_add_ons":[],"addons":[],"acf":[],"_links":{"self":[{"href":"https:\/\/shop.kustom.ch\/en\/wp-json\/wp\/v2\/product\/601662"}],"collection":[{"href":"https:\/\/shop.kustom.ch\/en\/wp-json\/wp\/v2\/product"}],"about":[{"href":"https:\/\/shop.kustom.ch\/en\/wp-json\/wp\/v2\/types\/product"}],"wp:featuredmedia":[{"embeddable":true,"href":"https:\/\/shop.kustom.ch\/en\/wp-json\/wp\/v2\/media\/601706"}],"wp:attachment":[{"href":"https:\/\/shop.kustom.ch\/en\/wp-json\/wp\/v2\/media?parent=601662"}],"wp:term":[{"taxonomy":"product_brand","embeddable":true,"href":"https:\/\/shop.kustom.ch\/en\/wp-json\/wp\/v2\/product_brand?post=601662"},{"taxonomy":"product_cat","embeddable":true,"href":"https:\/\/shop.kustom.ch\/en\/wp-json\/wp\/v2\/product_cat?post=601662"},{"taxonomy":"product_tag","embeddable":true,"href":"https:\/\/shop.kustom.ch\/en\/wp-json\/wp\/v2\/product_tag?post=601662"}],"curies":[{"name":"wp","href":"https:\/\/api.w.org\/{rel}","templated":true}]}}