{"id":601661,"date":"2025-03-05T03:04:02","date_gmt":"2025-03-05T02:04:02","guid":{"rendered":"https:\/\/shop.kustom.ch\/?post_type=product&#038;p=601661"},"modified":"2026-03-31T08:56:59","modified_gmt":"2026-03-31T07:56:59","slug":"weste-high-vis","status":"publish","type":"product","link":"https:\/\/shop.kustom.ch\/en\/product\/weste-high-vis\/","title":{"rendered":"Waistcoat High Vis"},"content":{"rendered":"<p>High-vis waistcoat with segmented reflectors that make you particularly visible when needed. Perfect for the hottest working days.<\/p>\n<p>DETAILS: Print - Bl\u00e5kl\u00e4der. Round neck. FUNCTIONALITY: Loose fit. MAIN FEATURES: Craftsman. EN 13758-2. REFLEX: 50 mm wide transfer reflective stripes. FABRIC: Men's. blue. UV protection. High visibility. WASHING INSTRUCTIONS: Number of washes: 50. do not dry clean. CERTIFICATION: EN 13758-2 UPF 40 +. Class 2 and 3 garments in orange comply with RIS-3279-TOM Issue 2<\/p>\n<p>100% polyester, birdseye knit, moisture transport, UV protection, 130g\/m\u00b2<\/p>","protected":false},"excerpt":{"rendered":"<p>High Vis Weste mit segmentierten Reflektoren, die Sie bei Bedarf besonders gut sichtbar machen. Perfekt f\u00fcr die heissesten Arbeitstage. DETAILS: Aufdruck &#8211; Bl\u00e5kl\u00e4der. Rundhals. FUNKTIONALIT\u00c4T: Lockere Passform. HAUPTEIGENSCHAFTEN: Handwerker. EN 13758-2. REFLEX: 50 mm breite Transferreflexstreifen. STOFF: Herren. blau. UV-Schutz. Warnschutz. WASCHANLEITUNG: Anzahl der W\u00e4schen: 50. Nicht chemisch reinigen. ZERTIFIZIERUNG: EN 13758-2 UPF 40 +. [&hellip;]<\/p>\n","protected":false},"featured_media":601705,"template":"","meta":[],"product_brand":[],"product_cat":[4201],"product_tag":[],"class_list":{"0":"post-601661","1":"product","2":"type-product","3":"status-publish","4":"has-post-thumbnail","6":"product_cat-t-shirts","7":"pa_brand-blaklaeder","8":"pa_brand-type-workwear","9":"pa_filter-color-blau","10":"pa_filter-color-gelb","12":"first","13":"instock","14":"sale","15":"taxable","16":"shipping-taxable","17":"purchasable","18":"product-type-variable","19":"add-to-wishlist-before_image"},"exclude_global_add_ons":[],"addons":[],"acf":[],"_links":{"self":[{"href":"https:\/\/shop.kustom.ch\/en\/wp-json\/wp\/v2\/product\/601661"}],"collection":[{"href":"https:\/\/shop.kustom.ch\/en\/wp-json\/wp\/v2\/product"}],"about":[{"href":"https:\/\/shop.kustom.ch\/en\/wp-json\/wp\/v2\/types\/product"}],"wp:featuredmedia":[{"embeddable":true,"href":"https:\/\/shop.kustom.ch\/en\/wp-json\/wp\/v2\/media\/601705"}],"wp:attachment":[{"href":"https:\/\/shop.kustom.ch\/en\/wp-json\/wp\/v2\/media?parent=601661"}],"wp:term":[{"taxonomy":"product_brand","embeddable":true,"href":"https:\/\/shop.kustom.ch\/en\/wp-json\/wp\/v2\/product_brand?post=601661"},{"taxonomy":"product_cat","embeddable":true,"href":"https:\/\/shop.kustom.ch\/en\/wp-json\/wp\/v2\/product_cat?post=601661"},{"taxonomy":"product_tag","embeddable":true,"href":"https:\/\/shop.kustom.ch\/en\/wp-json\/wp\/v2\/product_tag?post=601661"}],"curies":[{"name":"wp","href":"https:\/\/api.w.org\/{rel}","templated":true}]}}