{"id":601284,"date":"2025-03-05T02:50:55","date_gmt":"2025-03-05T01:50:55","guid":{"rendered":"https:\/\/shop.kustom.ch\/?post_type=product&#038;p=601284"},"modified":"2026-03-31T09:15:21","modified_gmt":"2026-03-31T08:15:21","slug":"reparaturset-freelock-schuhe-schwarz-mittelgrau","status":"publish","type":"product","link":"https:\/\/shop.kustom.ch\/en\/product\/reparaturset-freelock-schuhe-schwarz-mittelgrau\/","title":{"rendered":"Repair kit Freelock shoes black\/medium grey"},"content":{"rendered":"<p>A complete repair kit for changing the Freelock system on Bl\u00e5kl\u00e4der safety shoes.<\/p>\n<p>FUNCTIONALITY: Freelock. FABRIC: grey. PACKAGING: 1-pack in a bag<\/p>","protected":false},"excerpt":{"rendered":"<p>Ein komplettes Reparaturset zum Wechsel des Freelock Systems bei Bl\u00e5kl\u00e4der Sicherheitsschuhen. FUNKTIONALIT\u00c4T: Freelock. STOFF: grau. VERPACKUNG: 1er-Pack im Beutel<\/p>","protected":false},"featured_media":601341,"template":"","meta":[],"product_brand":[],"product_cat":[9643,4197],"product_tag":[],"class_list":{"0":"post-601284","1":"product","2":"type-product","3":"status-publish","4":"has-post-thumbnail","6":"product_cat-equipment","7":"product_cat-schuhe-sandalen","8":"pa_brand-blaklaeder","9":"pa_brand-type-workwear","10":"pa_filter-color-grau","11":"pa_filter-color-schwarz","13":"first","14":"instock","15":"sale","16":"taxable","17":"shipping-taxable","18":"purchasable","19":"product-type-variable","20":"add-to-wishlist-before_image"},"exclude_global_add_ons":[],"addons":[],"acf":[],"_links":{"self":[{"href":"https:\/\/shop.kustom.ch\/en\/wp-json\/wp\/v2\/product\/601284"}],"collection":[{"href":"https:\/\/shop.kustom.ch\/en\/wp-json\/wp\/v2\/product"}],"about":[{"href":"https:\/\/shop.kustom.ch\/en\/wp-json\/wp\/v2\/types\/product"}],"wp:featuredmedia":[{"embeddable":true,"href":"https:\/\/shop.kustom.ch\/en\/wp-json\/wp\/v2\/media\/601341"}],"wp:attachment":[{"href":"https:\/\/shop.kustom.ch\/en\/wp-json\/wp\/v2\/media?parent=601284"}],"wp:term":[{"taxonomy":"product_brand","embeddable":true,"href":"https:\/\/shop.kustom.ch\/en\/wp-json\/wp\/v2\/product_brand?post=601284"},{"taxonomy":"product_cat","embeddable":true,"href":"https:\/\/shop.kustom.ch\/en\/wp-json\/wp\/v2\/product_cat?post=601284"},{"taxonomy":"product_tag","embeddable":true,"href":"https:\/\/shop.kustom.ch\/en\/wp-json\/wp\/v2\/product_tag?post=601284"}],"curies":[{"name":"wp","href":"https:\/\/api.w.org\/{rel}","templated":true}]}}