{"id":601282,"date":"2025-03-05T02:50:54","date_gmt":"2025-03-05T01:50:54","guid":{"rendered":"https:\/\/shop.kustom.ch\/?post_type=product&#038;p=601282"},"modified":"2026-03-31T09:15:18","modified_gmt":"2026-03-31T08:15:18","slug":"handschuh-massband","status":"publish","type":"product","link":"https:\/\/shop.kustom.ch\/en\/product\/handschuh-massband\/","title":{"rendered":"Glove measuring tape"},"content":{"rendered":"<p>It's not always easy to know what size of gloves you need, but a measuring tape makes it easy to find out! The measuring tape shows the size of your hand instead of centimetres and tells you immediately which Bl\u00e5kl\u00e4der gloves have the right fit. With its yo-yo function, the measuring tape can be conveniently attached to the shop shelf so that customers can also use it to check the size of their gloves.<\/p>\n<p>DETAILS: Detachable yo-yo for attaching to the sales shelf. UPPER HAND: TPU coating. FABRIC: blue<\/p>","protected":false},"excerpt":{"rendered":"<p>Es ist nicht immer einfach zu wissen, welche Gr\u00f6sse von Handschuhen Sie ben\u00f6tigen, aber ein Massband macht es einfach, es herauszufinden! Das Massband zeigt die Handgr\u00f6sse anstelle von Zentimetern an und sagt Ihnen sofort, welche Bl\u00e5kl\u00e4der-Handschuhe die richtige Passform haben. Mit seiner Yo-Yo-Funktion l\u00e4sst sich das Massband bequem am Ladenregal befestigen, so dass Kunden damit [&hellip;]<\/p>\n","protected":false},"featured_media":601339,"template":"","meta":[],"product_brand":[],"product_cat":[9643,4209],"product_tag":[],"class_list":{"0":"post-601282","1":"product","2":"type-product","3":"status-publish","4":"has-post-thumbnail","6":"product_cat-equipment","7":"product_cat-zubehoer","8":"pa_brand-blaklaeder","9":"pa_brand-type-workwear","10":"pa_filter-color-blau","12":"first","13":"instock","14":"sale","15":"taxable","16":"shipping-taxable","17":"purchasable","18":"product-type-variable","19":"add-to-wishlist-before_image"},"exclude_global_add_ons":[],"addons":[],"acf":[],"_links":{"self":[{"href":"https:\/\/shop.kustom.ch\/en\/wp-json\/wp\/v2\/product\/601282"}],"collection":[{"href":"https:\/\/shop.kustom.ch\/en\/wp-json\/wp\/v2\/product"}],"about":[{"href":"https:\/\/shop.kustom.ch\/en\/wp-json\/wp\/v2\/types\/product"}],"wp:featuredmedia":[{"embeddable":true,"href":"https:\/\/shop.kustom.ch\/en\/wp-json\/wp\/v2\/media\/601339"}],"wp:attachment":[{"href":"https:\/\/shop.kustom.ch\/en\/wp-json\/wp\/v2\/media?parent=601282"}],"wp:term":[{"taxonomy":"product_brand","embeddable":true,"href":"https:\/\/shop.kustom.ch\/en\/wp-json\/wp\/v2\/product_brand?post=601282"},{"taxonomy":"product_cat","embeddable":true,"href":"https:\/\/shop.kustom.ch\/en\/wp-json\/wp\/v2\/product_cat?post=601282"},{"taxonomy":"product_tag","embeddable":true,"href":"https:\/\/shop.kustom.ch\/en\/wp-json\/wp\/v2\/product_tag?post=601282"}],"curies":[{"name":"wp","href":"https:\/\/api.w.org\/{rel}","templated":true}]}}